{"id":10974,"date":"2022-06-06T16:41:29","date_gmt":"2022-06-06T13:41:29","guid":{"rendered":"https:\/\/jtt.abralkon.com\/?page_id=10974"},"modified":"2022-06-06T16:54:14","modified_gmt":"2022-06-06T13:54:14","slug":"about-us-2","status":"publish","type":"page","link":"https:\/\/jtt.com.jo\/de\/about-us-2\/","title":{"rendered":"\u00dcber uns"},"content":{"rendered":"<div data-elementor-type=\"wp-page\" data-elementor-id=\"10974\" class=\"elementor elementor-10974\" data-elementor-post-type=\"page\">\n\t\t\t\t\t\t<section class=\"elementor-section elementor-top-section elementor-element elementor-element-300945a elementor-section-boxed elementor-section-height-default elementor-section-height-default\" data-id=\"300945a\" data-element_type=\"section\">\n\t\t\t\t\t\t<div class=\"elementor-container elementor-column-gap-default\">\n\t\t\t\t\t<div class=\"elementor-column elementor-col-100 elementor-top-column elementor-element elementor-element-bb54002\" data-id=\"bb54002\" data-element_type=\"column\">\n\t\t\t<div class=\"elementor-widget-wrap elementor-element-populated\">\n\t\t\t\t\t\t<div class=\"elementor-element elementor-element-6c54019 elementor-widget elementor-widget-heading\" data-id=\"6c54019\" data-element_type=\"widget\" data-widget_type=\"heading.default\">\n\t\t\t\t<div class=\"elementor-widget-container\">\n\t\t\t\t\t<h1 class=\"elementor-heading-title elementor-size-default\">\u00dcber uns<\/h1>\t\t\t\t<\/div>\n\t\t\t\t<\/div>\n\t\t\t\t\t<\/div>\n\t\t<\/div>\n\t\t\t\t\t<\/div>\n\t\t<\/section>\n\t\t\t\t<section class=\"elementor-section elementor-top-section elementor-element elementor-element-658ff02 elementor-section-boxed elementor-section-height-default elementor-section-height-default\" data-id=\"658ff02\" data-element_type=\"section\">\n\t\t\t\t\t\t<div class=\"elementor-container elementor-column-gap-default\">\n\t\t\t\t\t<div class=\"elementor-column elementor-col-100 elementor-top-column elementor-element elementor-element-4341c29\" data-id=\"4341c29\" data-element_type=\"column\">\n\t\t\t<div class=\"elementor-widget-wrap elementor-element-populated\">\n\t\t\t\t\t\t<div class=\"elementor-element elementor-element-d05b0b0 elementor-widget elementor-widget-text-editor\" data-id=\"d05b0b0\" data-element_type=\"widget\" data-widget_type=\"text-editor.default\">\n\t\t\t\t<div class=\"elementor-widget-container\">\n\t\t\t\t\t\t\t\t\t<div class=\"col-lg-12 col-md-12 col-sm-12 col-xs-12 rp-0 lp-0 section-header\"><div class=\"container\"><span style=\"font-size: 18pt;\">JTT Travel and Tourism (JTT) ist ein \u00fcbernommenes Unternehmen von Jordan Express Tourist Transport (JETT), das 1966 innerhalb der Zara-Gruppe in Jordanien gegr\u00fcndet wurde und F\u00fcnf-Sterne-Hotels in Amman, Totes Meer, und Petra, Aqaba und besitzt und betreibt Bethlehem sowie ein Vier-Sterne-Hotel in Jerusalem.<\/span><\/div><\/div>\t\t\t\t\t\t\t\t<\/div>\n\t\t\t\t<\/div>\n\t\t\t\t\t<\/div>\n\t\t<\/div>\n\t\t\t\t\t<\/div>\n\t\t<\/section>\n\t\t\t\t<section class=\"elementor-section elementor-top-section elementor-element elementor-element-87dfac5 elementor-section-boxed elementor-section-height-default elementor-section-height-default\" data-id=\"87dfac5\" data-element_type=\"section\">\n\t\t\t\t\t\t<div class=\"elementor-container elementor-column-gap-default\">\n\t\t\t\t\t<div class=\"elementor-column elementor-col-100 elementor-top-column elementor-element elementor-element-75d0704\" data-id=\"75d0704\" data-element_type=\"column\">\n\t\t\t<div class=\"elementor-widget-wrap elementor-element-populated\">\n\t\t\t\t\t\t<div class=\"elementor-element elementor-element-f9437c2 elementor-widget elementor-widget-heading\" data-id=\"f9437c2\" data-element_type=\"widget\" data-widget_type=\"heading.default\">\n\t\t\t\t<div class=\"elementor-widget-container\">\n\t\t\t\t\t<h1 class=\"elementor-heading-title elementor-size-default\">Was wir tun ?<\/h1>\t\t\t\t<\/div>\n\t\t\t\t<\/div>\n\t\t\t\t\t<\/div>\n\t\t<\/div>\n\t\t\t\t\t<\/div>\n\t\t<\/section>\n\t\t\t\t<section class=\"elementor-section elementor-top-section elementor-element elementor-element-ed80324 elementor-section-boxed elementor-section-height-default elementor-section-height-default\" data-id=\"ed80324\" data-element_type=\"section\" data-settings=\"{&quot;background_background&quot;:&quot;classic&quot;}\">\n\t\t\t\t\t\t\t<div class=\"elementor-background-overlay\"><\/div>\n\t\t\t\t\t\t\t<div class=\"elementor-container elementor-column-gap-default\">\n\t\t\t\t\t<div class=\"elementor-column elementor-col-100 elementor-top-column elementor-element elementor-element-4453d53\" data-id=\"4453d53\" data-element_type=\"column\">\n\t\t\t<div class=\"elementor-widget-wrap elementor-element-populated\">\n\t\t\t\t\t\t<div class=\"elementor-element elementor-element-4ec00fc elementor-widget elementor-widget-text-editor\" data-id=\"4ec00fc\" data-element_type=\"widget\" data-widget_type=\"text-editor.default\">\n\t\t\t\t<div class=\"elementor-widget-container\">\n\t\t\t\t\t\t\t\t\t<p><span style=\"font-size: 18pt;\">JTT Travel &amp; Tourism sollte Ihre Wahl sein, wenn Sie eine Reise nach Jordanien planen. Unser geschultes und erfahrenes Team arrangiert und \u00fcberwacht alle Details, um einen reibungslosen Besuch zu gew\u00e4hrleisten. Wir bieten qualitativ hochwertige Dienstleistungen und arbeiten nur mit den besten Anbietern zusammen, um sicherzustellen, dass Ihr Urlaub so gut wie m\u00f6glich wird! Wir erledigen die Arbeit, damit Sie es nicht tun m\u00fcssen!<\/span><\/p><p><span style=\"font-size: 18pt;\">Neben Transportdiensten bietet JTT auch t\u00e4gliche Touren und aufregende Pakete zu erschwinglichen Preisen zu verschiedenen Orten in Jordanien an.<\/span><\/p><p><span style=\"font-size: 18pt;\">Wenn Sie ein besonderes Event oder eine Konferenz organisieren, steht Ihnen unser Team von A bis Z zur Seite! Unsere Dienstleistungen umfassen die Organisation des Transports f\u00fcr Ihre G\u00e4ste und Teilnehmer, die Unterst\u00fctzung bei Registrierungsanforderungen, Speisen und Getr\u00e4nken, Veranstaltungsdekoration und -aufbau sowie audiovisuelle Anforderungen. Wir k\u00f6nnen Ihnen nicht nur dabei helfen, den besten Ort f\u00fcr Ihre Veranstaltung zu finden, wir k\u00f6nnen Ihnen auch dabei helfen, das beste Angebot zu finden und alles zu arrangieren, was Sie brauchen, um Ihre Veranstaltung zu einem Erfolg zu machen. Dar\u00fcber hinaus kann unser Team bei der Logistik behilflich sein, damit Sie sich auf die Veranstaltung konzentrieren k\u00f6nnen, z. B. Dokumente f\u00fcr die Zollabfertigung, Erfahrung im Veranstaltungsmanagement vor Ort bieten und wir k\u00f6nnen sicherstellen, dass Sie Ihr Budget einhalten!\u00a0<\/span><\/p>\t\t\t\t\t\t\t\t<\/div>\n\t\t\t\t<\/div>\n\t\t\t\t\t<\/div>\n\t\t<\/div>\n\t\t\t\t\t<\/div>\n\t\t<\/section>\n\t\t\t\t<\/div>","protected":false},"excerpt":{"rendered":"<p>About us JTT Travel and Tourism (JTT) is an inherited company from Jordan Express Tourist Transport (JETT) that Established in 1966, within the Zara Group in Jordan, which owns and operates five-star hotels in Amman, Dead Sea, and Petra, Aqaba and Bethlehem as well as a four-star hotel in Jerusalem. What we do ? JTT [&hellip;]<\/p>","protected":false},"author":37,"featured_media":10768,"parent":0,"menu_order":0,"comment_status":"closed","ping_status":"closed","template":"","meta":{"footnotes":""},"class_list":["post-10974","page","type-page","status-publish","has-post-thumbnail","hentry"],"yoast_head":"<!-- This site is optimized with the Yoast SEO plugin v26.2 - https:\/\/yoast.com\/wordpress\/plugins\/seo\/ -->\n<title>About us - JTT Travel and Tourism<\/title>\n<meta name=\"robots\" content=\"index, follow, max-snippet:-1, max-image-preview:large, max-video-preview:-1\" \/>\n<link rel=\"canonical\" href=\"https:\/\/jtt.com.jo\/de\/about-us-2\/\" \/>\n<meta property=\"og:locale\" content=\"de_DE\" \/>\n<meta property=\"og:type\" content=\"article\" \/>\n<meta property=\"og:title\" content=\"About us - JTT Travel and Tourism\" \/>\n<meta property=\"og:description\" content=\"About us JTT Travel and Tourism (JTT) is an inherited company from Jordan Express Tourist Transport (JETT) that Established in 1966, within the Zara Group in Jordan, which owns and operates five-star hotels in Amman, Dead Sea, and Petra, Aqaba and Bethlehem as well as a four-star hotel in Jerusalem. What we do ? JTT [&hellip;]\" \/>\n<meta property=\"og:url\" content=\"https:\/\/jtt.com.jo\/de\/about-us-2\/\" \/>\n<meta property=\"og:site_name\" content=\"JTT Travel and Tourism\" \/>\n<meta property=\"article:modified_time\" content=\"2022-06-06T13:54:14+00:00\" \/>\n<meta property=\"og:image\" content=\"https:\/\/jtt.com.jo\/wp-content\/uploads\/2019\/05\/logo-793x298.jpeg\" \/>\n\t<meta property=\"og:image:width\" content=\"793\" \/>\n\t<meta property=\"og:image:height\" content=\"298\" \/>\n\t<meta property=\"og:image:type\" content=\"image\/jpeg\" \/>\n<meta name=\"twitter:card\" content=\"summary_large_image\" \/>\n<meta name=\"twitter:label1\" content=\"Gesch\u00e4tzte Lesezeit\" \/>\n\t<meta name=\"twitter:data1\" content=\"2\u00a0Minuten\" \/>\n<script type=\"application\/ld+json\" class=\"yoast-schema-graph\">{\"@context\":\"https:\/\/schema.org\",\"@graph\":[{\"@type\":\"WebPage\",\"@id\":\"https:\/\/jtt.com.jo\/about-us-2\/\",\"url\":\"https:\/\/jtt.com.jo\/about-us-2\/\",\"name\":\"About us - JTT Travel and Tourism\",\"isPartOf\":{\"@id\":\"https:\/\/jtt.com.jo\/#website\"},\"primaryImageOfPage\":{\"@id\":\"https:\/\/jtt.com.jo\/about-us-2\/#primaryimage\"},\"image\":{\"@id\":\"https:\/\/jtt.com.jo\/about-us-2\/#primaryimage\"},\"thumbnailUrl\":\"https:\/\/jtt.com.jo\/wp-content\/uploads\/2019\/05\/logo-793x298.jpeg\",\"datePublished\":\"2022-06-06T13:41:29+00:00\",\"dateModified\":\"2022-06-06T13:54:14+00:00\",\"breadcrumb\":{\"@id\":\"https:\/\/jtt.com.jo\/about-us-2\/#breadcrumb\"},\"inLanguage\":\"de\",\"potentialAction\":[{\"@type\":\"ReadAction\",\"target\":[\"https:\/\/jtt.com.jo\/about-us-2\/\"]}]},{\"@type\":\"ImageObject\",\"inLanguage\":\"de\",\"@id\":\"https:\/\/jtt.com.jo\/about-us-2\/#primaryimage\",\"url\":\"https:\/\/jtt.com.jo\/wp-content\/uploads\/2019\/05\/logo-793x298.jpeg\",\"contentUrl\":\"https:\/\/jtt.com.jo\/wp-content\/uploads\/2019\/05\/logo-793x298.jpeg\",\"width\":793,\"height\":298,\"caption\":\"Jett Logo\"},{\"@type\":\"BreadcrumbList\",\"@id\":\"https:\/\/jtt.com.jo\/about-us-2\/#breadcrumb\",\"itemListElement\":[{\"@type\":\"ListItem\",\"position\":1,\"name\":\"Home\",\"item\":\"https:\/\/jtt.com.jo\/\"},{\"@type\":\"ListItem\",\"position\":2,\"name\":\"About us\"}]},{\"@type\":\"WebSite\",\"@id\":\"https:\/\/jtt.com.jo\/#website\",\"url\":\"https:\/\/jtt.com.jo\/\",\"name\":\"JTT Travel and Tourism\",\"description\":\"Plan your trip to Jordan with us\",\"potentialAction\":[{\"@type\":\"SearchAction\",\"target\":{\"@type\":\"EntryPoint\",\"urlTemplate\":\"https:\/\/jtt.com.jo\/?s={search_term_string}\"},\"query-input\":{\"@type\":\"PropertyValueSpecification\",\"valueRequired\":true,\"valueName\":\"search_term_string\"}}],\"inLanguage\":\"de\"}]}<\/script>\n<!-- \/ Yoast SEO plugin. -->","yoast_head_json":{"title":"About us - JTT Travel and Tourism","robots":{"index":"index","follow":"follow","max-snippet":"max-snippet:-1","max-image-preview":"max-image-preview:large","max-video-preview":"max-video-preview:-1"},"canonical":"https:\/\/jtt.com.jo\/de\/about-us-2\/","og_locale":"de_DE","og_type":"article","og_title":"About us - JTT Travel and Tourism","og_description":"About us JTT Travel and Tourism (JTT) is an inherited company from Jordan Express Tourist Transport (JETT) that Established in 1966, within the Zara Group in Jordan, which owns and operates five-star hotels in Amman, Dead Sea, and Petra, Aqaba and Bethlehem as well as a four-star hotel in Jerusalem. What we do ? JTT [&hellip;]","og_url":"https:\/\/jtt.com.jo\/de\/about-us-2\/","og_site_name":"JTT Travel and Tourism","article_modified_time":"2022-06-06T13:54:14+00:00","og_image":[{"width":793,"height":298,"url":"https:\/\/jtt.com.jo\/wp-content\/uploads\/2019\/05\/logo-793x298.jpeg","type":"image\/jpeg"}],"twitter_card":"summary_large_image","twitter_misc":{"Gesch\u00e4tzte Lesezeit":"2\u00a0Minuten"},"schema":{"@context":"https:\/\/schema.org","@graph":[{"@type":"WebPage","@id":"https:\/\/jtt.com.jo\/about-us-2\/","url":"https:\/\/jtt.com.jo\/about-us-2\/","name":"About us - JTT Travel and Tourism","isPartOf":{"@id":"https:\/\/jtt.com.jo\/#website"},"primaryImageOfPage":{"@id":"https:\/\/jtt.com.jo\/about-us-2\/#primaryimage"},"image":{"@id":"https:\/\/jtt.com.jo\/about-us-2\/#primaryimage"},"thumbnailUrl":"https:\/\/jtt.com.jo\/wp-content\/uploads\/2019\/05\/logo-793x298.jpeg","datePublished":"2022-06-06T13:41:29+00:00","dateModified":"2022-06-06T13:54:14+00:00","breadcrumb":{"@id":"https:\/\/jtt.com.jo\/about-us-2\/#breadcrumb"},"inLanguage":"de","potentialAction":[{"@type":"ReadAction","target":["https:\/\/jtt.com.jo\/about-us-2\/"]}]},{"@type":"ImageObject","inLanguage":"de","@id":"https:\/\/jtt.com.jo\/about-us-2\/#primaryimage","url":"https:\/\/jtt.com.jo\/wp-content\/uploads\/2019\/05\/logo-793x298.jpeg","contentUrl":"https:\/\/jtt.com.jo\/wp-content\/uploads\/2019\/05\/logo-793x298.jpeg","width":793,"height":298,"caption":"Jett Logo"},{"@type":"BreadcrumbList","@id":"https:\/\/jtt.com.jo\/about-us-2\/#breadcrumb","itemListElement":[{"@type":"ListItem","position":1,"name":"Home","item":"https:\/\/jtt.com.jo\/"},{"@type":"ListItem","position":2,"name":"About us"}]},{"@type":"WebSite","@id":"https:\/\/jtt.com.jo\/#website","url":"https:\/\/jtt.com.jo\/","name":"JTT Travel and Tourism","description":"Plan your trip to Jordan with us","potentialAction":[{"@type":"SearchAction","target":{"@type":"EntryPoint","urlTemplate":"https:\/\/jtt.com.jo\/?s={search_term_string}"},"query-input":{"@type":"PropertyValueSpecification","valueRequired":true,"valueName":"search_term_string"}}],"inLanguage":"de"}]}},"_links":{"self":[{"href":"https:\/\/jtt.com.jo\/de\/wp-json\/wp\/v2\/pages\/10974","targetHints":{"allow":["GET"]}}],"collection":[{"href":"https:\/\/jtt.com.jo\/de\/wp-json\/wp\/v2\/pages"}],"about":[{"href":"https:\/\/jtt.com.jo\/de\/wp-json\/wp\/v2\/types\/page"}],"author":[{"embeddable":true,"href":"https:\/\/jtt.com.jo\/de\/wp-json\/wp\/v2\/users\/37"}],"replies":[{"embeddable":true,"href":"https:\/\/jtt.com.jo\/de\/wp-json\/wp\/v2\/comments?post=10974"}],"version-history":[{"count":0,"href":"https:\/\/jtt.com.jo\/de\/wp-json\/wp\/v2\/pages\/10974\/revisions"}],"wp:featuredmedia":[{"embeddable":true,"href":"https:\/\/jtt.com.jo\/de\/wp-json\/wp\/v2\/media\/10768"}],"wp:attachment":[{"href":"https:\/\/jtt.com.jo\/de\/wp-json\/wp\/v2\/media?parent=10974"}],"curies":[{"name":"wp","href":"https:\/\/api.w.org\/{rel}","templated":true}]}}