{"id":12042,"date":"2022-07-03T15:22:53","date_gmt":"2022-07-03T12:22:53","guid":{"rendered":"https:\/\/jtt.abralkon.com\/?page_id=12042"},"modified":"2025-10-01T14:02:33","modified_gmt":"2025-10-01T11:02:33","slug":"convention-center","status":"publish","type":"page","link":"https:\/\/jtt.com.jo\/de\/convention-center\/","title":{"rendered":"Kongresszentrum"},"content":{"rendered":"<div data-elementor-type=\"wp-page\" data-elementor-id=\"12042\" class=\"elementor elementor-12042\" data-elementor-post-type=\"page\">\n\t\t\t\t\t\t<section class=\"elementor-section elementor-top-section elementor-element elementor-element-ed95245 elementor-section-boxed elementor-section-height-default elementor-section-height-default\" data-id=\"ed95245\" data-element_type=\"section\">\n\t\t\t\t\t\t<div class=\"elementor-container elementor-column-gap-default\">\n\t\t\t\t\t<div class=\"elementor-column elementor-col-100 elementor-top-column elementor-element elementor-element-b8632ad\" data-id=\"b8632ad\" data-element_type=\"column\">\n\t\t\t<div class=\"elementor-widget-wrap elementor-element-populated\">\n\t\t\t\t\t\t<div class=\"elementor-element elementor-element-1577635 elementor-widget elementor-widget-heading\" data-id=\"1577635\" data-element_type=\"widget\" data-widget_type=\"heading.default\">\n\t\t\t\t<div class=\"elementor-widget-container\">\n\t\t\t\t\t<h2 class=\"elementor-heading-title elementor-size-default\">Kongresszentren in jordanien<\/h2>\t\t\t\t<\/div>\n\t\t\t\t<\/div>\n\t\t\t\t\t<\/div>\n\t\t<\/div>\n\t\t\t\t\t<\/div>\n\t\t<\/section>\n\t\t\t\t<section class=\"elementor-section elementor-top-section elementor-element elementor-element-4297b90 elementor-section-boxed elementor-section-height-default elementor-section-height-default\" data-id=\"4297b90\" data-element_type=\"section\">\n\t\t\t\t\t\t<div class=\"elementor-container elementor-column-gap-default\">\n\t\t\t\t\t<div class=\"elementor-column elementor-col-50 elementor-top-column elementor-element elementor-element-2721cae\" data-id=\"2721cae\" data-element_type=\"column\">\n\t\t\t<div class=\"elementor-widget-wrap elementor-element-populated\">\n\t\t\t\t\t\t<div class=\"elementor-element elementor-element-804c0cc elementor-widget elementor-widget-text-editor\" data-id=\"804c0cc\" data-element_type=\"widget\" data-widget_type=\"text-editor.default\">\n\t\t\t\t<div class=\"elementor-widget-container\">\n\t\t\t\t\t\t\t\t\t<h3 style=\"margin: 0in; margin-bottom: .0001pt;\"><strong><span style=\"font-size: 10.0pt; font-family: 'Arial',sans-serif; color: #595959;\">King Hussein Convention Center Totes Meer<\/span><span style=\"font-size: 10.0pt; font-family: 'Arial',sans-serif; color: #595959;\">a<\/span><\/strong><\/h3><p>\u00a0<\/p><p style=\"margin: 0in; margin-bottom: .0001pt;\"><span style=\"font-size: 10.0pt; font-family: 'Arial',sans-serif; color: #595959;\">Das beeindruckende, atemberaubende King Hussein Bin Talal Convention Center ist der ultimative Tagungsort. Natur, Technologie und menschliche Kreativit\u00e4t vereinen sich in dieser gro\u00dfartigen Einrichtung, in der jedes Detail darauf ausgelegt ist, den freien Fluss von Menschen und Ideen zu f\u00f6rdern. <\/span><\/p><p style=\"margin: 0in; margin-bottom: .0001pt;\"><span style=\"font-size: 10.0pt; font-family: 'Arial',sans-serif; color: #595959;\">Eingebettet in das Herz des Toten Meeres, sind die hochmodernen Einrichtungen des Zentrums der perfekte Ort f\u00fcr Tagungen jeder Gr\u00f6\u00dfe und jedes Anlasses. Das Zentrum ist teils architektonisches Prunkst\u00fcck, teils moderne Kunstskulptur und alles Gesch\u00e4ft. <\/span><\/p><p style=\"margin: 0in; margin-bottom: .0001pt;\"><span style=\"font-size: 10.0pt; font-family: 'Arial',sans-serif; color: #595959;\">Ganz gleich, ob Ihre Tagungspl\u00e4ne Hunderte von Mitarbeitern oder Tausende von G\u00e4sten umfassen, unser dreist\u00f6ckiges Geb\u00e4ude bietet jedem viel bequemen Platz. <\/span><\/p><p style=\"margin: 0in; margin-bottom: .0001pt;\"><span style=\"font-size: 10.0pt; font-family: 'Arial',sans-serif; color: #595959;\">Am tiefsten Punkt der Erde gelegen, bietet das Zentrum Parkpl\u00e4tze vor Ort und Gesch\u00e4ftsdienste, alles in bequemer Gehweite von gro\u00dfen F\u00fcnf-Sterne-Hotels<\/span><\/p>\t\t\t\t\t\t\t\t<\/div>\n\t\t\t\t<\/div>\n\t\t\t\t\t<\/div>\n\t\t<\/div>\n\t\t\t\t<div class=\"elementor-column elementor-col-50 elementor-top-column elementor-element elementor-element-7c845a3\" data-id=\"7c845a3\" data-element_type=\"column\">\n\t\t\t<div class=\"elementor-widget-wrap elementor-element-populated\">\n\t\t\t\t\t\t<div class=\"elementor-element elementor-element-7677d98 elementor--h-position-center elementor--v-position-middle elementor-arrows-position-inside elementor-pagination-position-inside elementor-widget elementor-widget-slides\" data-id=\"7677d98\" data-element_type=\"widget\" data-settings=\"{&quot;navigation&quot;:&quot;both&quot;,&quot;autoplay&quot;:&quot;yes&quot;,&quot;pause_on_hover&quot;:&quot;yes&quot;,&quot;pause_on_interaction&quot;:&quot;yes&quot;,&quot;autoplay_speed&quot;:5000,&quot;infinite&quot;:&quot;yes&quot;,&quot;transition&quot;:&quot;slide&quot;,&quot;transition_speed&quot;:500}\" data-widget_type=\"slides.default\">\n\t\t\t\t<div class=\"elementor-widget-container\">\n\t\t\t\t\t\t\t<div class=\"elementor-swiper\">\n\t\t\t<div class=\"elementor-slides-wrapper elementor-main-swiper swiper-container\" dir=\"ltr\" data-animation=\"fadeInUp\">\n\t\t\t\t<div class=\"swiper-wrapper elementor-slides\">\n\t\t\t\t\t\t\t\t\t\t<div class=\"elementor-repeater-item-4d59aef swiper-slide\"><div class=\"swiper-slide-bg\" role=\"img\"><\/div><div class=\"swiper-slide-inner\" ><div class=\"swiper-slide-contents\"><\/div><\/div><\/div>\t\t\t\t<\/div>\n\t\t\t\t\t\t\t<\/div>\n\t\t<\/div>\n\t\t\t\t\t\t<\/div>\n\t\t\t\t<\/div>\n\t\t\t\t\t<\/div>\n\t\t<\/div>\n\t\t\t\t\t<\/div>\n\t\t<\/section>\n\t\t\t\t<section class=\"elementor-section elementor-top-section elementor-element elementor-element-0fccb34 elementor-section-boxed elementor-section-height-default elementor-section-height-default\" data-id=\"0fccb34\" data-element_type=\"section\">\n\t\t\t\t\t\t<div class=\"elementor-container elementor-column-gap-default\">\n\t\t\t\t\t<div class=\"elementor-column elementor-col-50 elementor-top-column elementor-element elementor-element-ef0f930\" data-id=\"ef0f930\" data-element_type=\"column\">\n\t\t\t<div class=\"elementor-widget-wrap elementor-element-populated\">\n\t\t\t\t\t\t<div class=\"elementor-element elementor-element-b5b126a elementor-widget elementor-widget-text-editor\" data-id=\"b5b126a\" data-element_type=\"widget\" data-widget_type=\"text-editor.default\">\n\t\t\t\t<div class=\"elementor-widget-container\">\n\t\t\t\t\t\t\t\t\t<p><strong>K\u00f6nigliches Kulturzentrum Amman<\/strong><\/p><p>Eingeteilt\u00a0<\/p><p><strong>Der Konferenzsaal<\/strong><\/p><p>Er befindet sich im ersten Stock und ist der gr\u00f6\u00dfte Saal des Geb\u00e4udes mit 400 Sitzpl\u00e4tzen und einer Gesamtfl\u00e4che von 700 Sitzpl\u00e4tzen. Der Konferenzsaal hat einen unabh\u00e4ngigen Eingang und vier Ausg\u00e4nge, die es erm\u00f6glichen, darin separate Aktivit\u00e4ten durchzuf\u00fchren, ohne die anderen Bereiche zu beeintr\u00e4chtigen.<\/p><p><strong>Das Haupttheater<\/strong><br \/>Voll ausgestattetes, modernes Auditorium mit 300 Sitzpl\u00e4tzen. Die B\u00fchne ist f\u00fcr alle Formen von Theater, Tanz und Musik ausgestattet und verf\u00fcgt \u00fcber ein umfassendes B\u00fchnenbeleuchtungs- und Soundsystem. Der Backstage-Bereich verf\u00fcgt \u00fcber zehn Garderoben f\u00fcr 80 Personen<\/p><p><strong>Das Ateliertheater<\/strong>\u00a0<br \/>Ist ein flexibler kleiner Theaterraum mit Platz f\u00fcr 180 Personen. Der Bereich kann variiert werden, um in der runden Endstufe und der \u201eSchubstufe\u201c Auff\u00fchrungsm\u00f6glichkeiten zu bieten. Es ist technisch voll ausgestattet und kann unabh\u00e4ngig und gleichzeitig als Haupttheater und Konferenzsaal betrieben werden, da es separate Ein- und Ausg\u00e4nge hat, die es vom gesamten Geb\u00e4ude trennen. Es kann auch als Studio, kleiner Versammlungssaal und zur Vorf\u00fchrung von Filmen genutzt werden.\u00a0<\/p><p>\u00a0<strong>Die Ausstellungshalle<\/strong><br \/>Im Erdgeschoss des Zentrums gelegen. Es wird mit spezieller Beleuchtung und speziellen beweglichen St\u00e4ndern zum Aufh\u00e4ngen von Gem\u00e4lden geliefert<\/p>\t\t\t\t\t\t\t\t<\/div>\n\t\t\t\t<\/div>\n\t\t\t\t\t<\/div>\n\t\t<\/div>\n\t\t\t\t<div class=\"elementor-column elementor-col-50 elementor-top-column elementor-element elementor-element-aee83fe\" data-id=\"aee83fe\" data-element_type=\"column\">\n\t\t\t<div class=\"elementor-widget-wrap elementor-element-populated\">\n\t\t\t\t\t\t<div class=\"elementor-element elementor-element-eb3933e elementor--h-position-center elementor--v-position-middle elementor-arrows-position-inside elementor-pagination-position-inside elementor-widget elementor-widget-slides\" data-id=\"eb3933e\" data-element_type=\"widget\" data-settings=\"{&quot;navigation&quot;:&quot;both&quot;,&quot;autoplay&quot;:&quot;yes&quot;,&quot;pause_on_hover&quot;:&quot;yes&quot;,&quot;pause_on_interaction&quot;:&quot;yes&quot;,&quot;autoplay_speed&quot;:5000,&quot;infinite&quot;:&quot;yes&quot;,&quot;transition&quot;:&quot;slide&quot;,&quot;transition_speed&quot;:500}\" data-widget_type=\"slides.default\">\n\t\t\t\t<div class=\"elementor-widget-container\">\n\t\t\t\t\t\t\t<div class=\"elementor-swiper\">\n\t\t\t<div class=\"elementor-slides-wrapper elementor-main-swiper swiper-container\" dir=\"ltr\" data-animation=\"fadeInUp\">\n\t\t\t\t<div class=\"swiper-wrapper elementor-slides\">\n\t\t\t\t\t\t\t\t\t\t<div class=\"elementor-repeater-item-4d59aef swiper-slide\"><div class=\"swiper-slide-bg\" role=\"img\"><\/div><div class=\"swiper-slide-inner\" ><div class=\"swiper-slide-contents\"><\/div><\/div><\/div>\t\t\t\t<\/div>\n\t\t\t\t\t\t\t<\/div>\n\t\t<\/div>\n\t\t\t\t\t\t<\/div>\n\t\t\t\t<\/div>\n\t\t\t\t\t<\/div>\n\t\t<\/div>\n\t\t\t\t\t<\/div>\n\t\t<\/section>\n\t\t\t\t<section class=\"elementor-section elementor-top-section elementor-element elementor-element-bb59b41 elementor-section-boxed elementor-section-height-default elementor-section-height-default\" data-id=\"bb59b41\" data-element_type=\"section\">\n\t\t\t\t\t\t<div class=\"elementor-container elementor-column-gap-default\">\n\t\t\t\t\t<div class=\"elementor-column elementor-col-50 elementor-top-column elementor-element elementor-element-1fbc33f\" data-id=\"1fbc33f\" data-element_type=\"column\">\n\t\t\t<div class=\"elementor-widget-wrap elementor-element-populated\">\n\t\t\t\t\t\t<div class=\"elementor-element elementor-element-dd68dcf elementor-widget elementor-widget-text-editor\" data-id=\"dd68dcf\" data-element_type=\"widget\" data-widget_type=\"text-editor.default\">\n\t\t\t\t<div class=\"elementor-widget-container\">\n\t\t\t\t\t\t\t\t\t<p style=\"margin: 0in; margin-bottom: .0001pt;\"><strong><span style=\"font-size: 10.0pt; font-family: 'Arial',sans-serif; color: #595959;\">Kulturpalast Amman<\/span><\/strong><\/p><p>\u00a0<\/p><p style=\"margin: 0in; margin-bottom: .0001pt;\"><span style=\"font-size: 10.0pt; font-family: 'Arial',sans-serif; color: #595959;\">Der 1969 gegr\u00fcndete Kulturpalast ist ein gro\u00dfer Veranstaltungsort f\u00fcr regionale und nationale Kulturkonferenzen sowie arabische und internationale Kongresse. <\/span><\/p><p style=\"margin: 0in; margin-bottom: .0001pt;\"><span style=\"font-size: 10.0pt; font-family: 'Arial',sans-serif; color: #595959;\">Auf einer Gesamtfl\u00e4che von 2.550 qm umfasst der Kulturpalast zwei Haupts\u00e4le:<\/span><\/p><p style=\"margin: 0in; margin-bottom: .0001pt;\"><strong><span style=\"font-size: 10.0pt; font-family: 'Arial',sans-serif; color: #595959; font-weight: normal;\">Der Marmorsaal<\/span><\/strong><span style=\"font-size: 10.0pt; font-family: 'Arial',sans-serif; color: #595959;\">, verwendet f\u00fcr k\u00fcnstlerische und andere kulturelle Ausstellungen. Daran angrenzend befindet sich der Royal Pavilion, ein Hightech-Raum f\u00fcr Eventbetreuer und VIP-G\u00e4ste.<\/span><\/p><p style=\"margin: 0in; margin-bottom: .0001pt;\"><strong><span style=\"font-size: 10.0pt; font-family: 'Arial',sans-serif; color: #595959; font-weight: normal;\">Die Innere Halle<\/span><\/strong><span style=\"font-size: 10.0pt; font-family: 'Arial',sans-serif; color: #595959;\"> besteht aus einer B\u00fchne, die bis zu 90 K\u00fcnstler aufnehmen kann, und einem Theatersaal mit einer Gesamtkapazit\u00e4t von 1.767 Zuschauern, 787 Luxussitzen, 430 Sitzpl\u00e4tzen der 2. Klasse und 550 regul\u00e4ren Sitzpl\u00e4tzen<\/span><\/p>\t\t\t\t\t\t\t\t<\/div>\n\t\t\t\t<\/div>\n\t\t\t\t\t<\/div>\n\t\t<\/div>\n\t\t\t\t<div class=\"elementor-column elementor-col-50 elementor-top-column elementor-element elementor-element-405b810\" data-id=\"405b810\" data-element_type=\"column\">\n\t\t\t<div class=\"elementor-widget-wrap elementor-element-populated\">\n\t\t\t\t\t\t<div class=\"elementor-element elementor-element-de07ba8 elementor--h-position-center elementor--v-position-middle elementor-arrows-position-inside elementor-pagination-position-inside elementor-widget elementor-widget-slides\" data-id=\"de07ba8\" data-element_type=\"widget\" data-settings=\"{&quot;navigation&quot;:&quot;both&quot;,&quot;autoplay&quot;:&quot;yes&quot;,&quot;pause_on_hover&quot;:&quot;yes&quot;,&quot;pause_on_interaction&quot;:&quot;yes&quot;,&quot;autoplay_speed&quot;:5000,&quot;infinite&quot;:&quot;yes&quot;,&quot;transition&quot;:&quot;slide&quot;,&quot;transition_speed&quot;:500}\" data-widget_type=\"slides.default\">\n\t\t\t\t<div class=\"elementor-widget-container\">\n\t\t\t\t\t\t\t<div class=\"elementor-swiper\">\n\t\t\t<div class=\"elementor-slides-wrapper elementor-main-swiper swiper-container\" dir=\"ltr\" data-animation=\"fadeInUp\">\n\t\t\t\t<div class=\"swiper-wrapper elementor-slides\">\n\t\t\t\t\t\t\t\t\t\t<div class=\"elementor-repeater-item-e50993d swiper-slide\"><div class=\"swiper-slide-bg\" role=\"img\"><\/div><div class=\"swiper-slide-inner\" ><div class=\"swiper-slide-contents\"><\/div><\/div><\/div>\t\t\t\t<\/div>\n\t\t\t\t\t\t\t<\/div>\n\t\t<\/div>\n\t\t\t\t\t\t<\/div>\n\t\t\t\t<\/div>\n\t\t\t\t\t<\/div>\n\t\t<\/div>\n\t\t\t\t\t<\/div>\n\t\t<\/section>\n\t\t\t\t<section class=\"elementor-section elementor-top-section elementor-element elementor-element-7f8c6fa elementor-section-boxed elementor-section-height-default elementor-section-height-default\" data-id=\"7f8c6fa\" data-element_type=\"section\">\n\t\t\t\t\t\t<div class=\"elementor-container elementor-column-gap-default\">\n\t\t\t\t\t<div class=\"elementor-column elementor-col-50 elementor-top-column elementor-element elementor-element-b9b4b76\" data-id=\"b9b4b76\" data-element_type=\"column\">\n\t\t\t<div class=\"elementor-widget-wrap elementor-element-populated\">\n\t\t\t\t\t\t<div class=\"elementor-element elementor-element-74f50f6 elementor-widget elementor-widget-text-editor\" data-id=\"74f50f6\" data-element_type=\"widget\" data-widget_type=\"text-editor.default\">\n\t\t\t\t<div class=\"elementor-widget-container\">\n\t\t\t\t\t\t\t\t\t<p><strong>Zara Expo Amman<\/strong><\/p><p>Die Zara Expo Amman ist Teil eines der gr\u00f6\u00dften und ehrgeizigsten Bauprojekte, die Jordanien je gesehen hat. Der Komplex besteht aus drei Hauptelementen:<\/p><p><strong>Das Zara-Center<\/strong><br \/>Die Fertigstellung ist f\u00fcr 2001 geplant und wird ein dreist\u00f6ckiges Einkaufszentrum, einen Multiplex-Kinokomplex sowie eine Reihe internationaler Lebensmittelgesch\u00e4fte umfassen<\/p><p>Diese Einrichtungen bieten ein konkurrenzloses Paket aus luxuri\u00f6sen Unterk\u00fcnften, Ausstellungs- und Konferenzr\u00e4umen sowie einer ganzen Reihe von Unterhaltungsm\u00f6glichkeiten.<\/p>\t\t\t\t\t\t\t\t<\/div>\n\t\t\t\t<\/div>\n\t\t\t\t\t<\/div>\n\t\t<\/div>\n\t\t\t\t<div class=\"elementor-column elementor-col-50 elementor-top-column elementor-element elementor-element-cf7f3a0\" data-id=\"cf7f3a0\" data-element_type=\"column\">\n\t\t\t<div class=\"elementor-widget-wrap elementor-element-populated\">\n\t\t\t\t\t\t<div class=\"elementor-element elementor-element-a3dbba3 elementor--h-position-center elementor--v-position-middle elementor-arrows-position-inside elementor-pagination-position-inside elementor-widget elementor-widget-slides\" data-id=\"a3dbba3\" data-element_type=\"widget\" data-settings=\"{&quot;navigation&quot;:&quot;both&quot;,&quot;autoplay&quot;:&quot;yes&quot;,&quot;pause_on_hover&quot;:&quot;yes&quot;,&quot;pause_on_interaction&quot;:&quot;yes&quot;,&quot;autoplay_speed&quot;:5000,&quot;infinite&quot;:&quot;yes&quot;,&quot;transition&quot;:&quot;slide&quot;,&quot;transition_speed&quot;:500}\" data-widget_type=\"slides.default\">\n\t\t\t\t<div class=\"elementor-widget-container\">\n\t\t\t\t\t\t\t<div class=\"elementor-swiper\">\n\t\t\t<div class=\"elementor-slides-wrapper elementor-main-swiper swiper-container\" dir=\"ltr\" data-animation=\"fadeInUp\">\n\t\t\t\t<div class=\"swiper-wrapper elementor-slides\">\n\t\t\t\t\t\t\t\t\t\t<div class=\"elementor-repeater-item-e50993d swiper-slide\"><div class=\"swiper-slide-bg\" role=\"img\"><\/div><div class=\"swiper-slide-inner\" ><div class=\"swiper-slide-contents\"><\/div><\/div><\/div>\t\t\t\t<\/div>\n\t\t\t\t\t\t\t<\/div>\n\t\t<\/div>\n\t\t\t\t\t\t<\/div>\n\t\t\t\t<\/div>\n\t\t\t\t\t<\/div>\n\t\t<\/div>\n\t\t\t\t\t<\/div>\n\t\t<\/section>\n\t\t\t\t<\/div>","protected":false},"excerpt":{"rendered":"<p>Convention Centers in jordan King Hussein Convention Center Dead Sea \u00a0 Striking, breathtaking, the King Hussein Bin Talal Convention Center is the ultimate meeting Venue. Nature, technology, and human creativity converge in this magnificent facility, where every detail is designed to encourage the free flow of people and ideas. Nestled in the heart of Dead [&hellip;]<\/p>","protected":false},"author":1,"featured_media":11814,"parent":0,"menu_order":0,"comment_status":"closed","ping_status":"closed","template":"","meta":{"footnotes":""},"class_list":["post-12042","page","type-page","status-publish","has-post-thumbnail","hentry"],"yoast_head":"<!-- This site is optimized with the Yoast SEO plugin v26.2 - https:\/\/yoast.com\/wordpress\/plugins\/seo\/ -->\n<title>Convention Center - JTT Travel and Tourism<\/title>\n<meta name=\"robots\" content=\"index, follow, max-snippet:-1, max-image-preview:large, max-video-preview:-1\" \/>\n<link rel=\"canonical\" href=\"https:\/\/jtt.com.jo\/de\/convention-center\/\" \/>\n<meta property=\"og:locale\" content=\"de_DE\" \/>\n<meta property=\"og:type\" content=\"article\" \/>\n<meta property=\"og:title\" content=\"Convention Center - JTT Travel and Tourism\" \/>\n<meta property=\"og:description\" content=\"Convention Centers in jordan King Hussein Convention Center Dead Sea \u00a0 Striking, breathtaking, the King Hussein Bin Talal Convention Center is the ultimate meeting Venue. Nature, technology, and human creativity converge in this magnificent facility, where every detail is designed to encourage the free flow of people and ideas. Nestled in the heart of Dead [&hellip;]\" \/>\n<meta property=\"og:url\" content=\"https:\/\/jtt.com.jo\/de\/convention-center\/\" \/>\n<meta property=\"og:site_name\" content=\"JTT Travel and Tourism\" \/>\n<meta property=\"article:modified_time\" content=\"2025-10-01T11:02:33+00:00\" \/>\n<meta property=\"og:image\" content=\"https:\/\/jtt.com.jo\/wp-content\/uploads\/2022\/06\/Amman-Abdali2-900x600.jpg\" \/>\n\t<meta property=\"og:image:width\" content=\"900\" \/>\n\t<meta property=\"og:image:height\" content=\"600\" \/>\n\t<meta property=\"og:image:type\" content=\"image\/jpeg\" \/>\n<meta name=\"twitter:card\" content=\"summary_large_image\" \/>\n<meta name=\"twitter:label1\" content=\"Gesch\u00e4tzte Lesezeit\" \/>\n\t<meta name=\"twitter:data1\" content=\"3\u00a0Minuten\" \/>\n<script type=\"application\/ld+json\" class=\"yoast-schema-graph\">{\"@context\":\"https:\/\/schema.org\",\"@graph\":[{\"@type\":\"WebPage\",\"@id\":\"https:\/\/jtt.com.jo\/convention-center\/\",\"url\":\"https:\/\/jtt.com.jo\/convention-center\/\",\"name\":\"Convention Center - JTT Travel and Tourism\",\"isPartOf\":{\"@id\":\"https:\/\/jtt.com.jo\/#website\"},\"primaryImageOfPage\":{\"@id\":\"https:\/\/jtt.com.jo\/convention-center\/#primaryimage\"},\"image\":{\"@id\":\"https:\/\/jtt.com.jo\/convention-center\/#primaryimage\"},\"thumbnailUrl\":\"https:\/\/jtt.com.jo\/wp-content\/uploads\/2022\/06\/Amman-Abdali2-900x600.jpg\",\"datePublished\":\"2022-07-03T12:22:53+00:00\",\"dateModified\":\"2025-10-01T11:02:33+00:00\",\"breadcrumb\":{\"@id\":\"https:\/\/jtt.com.jo\/convention-center\/#breadcrumb\"},\"inLanguage\":\"de\",\"potentialAction\":[{\"@type\":\"ReadAction\",\"target\":[\"https:\/\/jtt.com.jo\/convention-center\/\"]}]},{\"@type\":\"ImageObject\",\"inLanguage\":\"de\",\"@id\":\"https:\/\/jtt.com.jo\/convention-center\/#primaryimage\",\"url\":\"https:\/\/jtt.com.jo\/wp-content\/uploads\/2022\/06\/Amman-Abdali2-900x600.jpg\",\"contentUrl\":\"https:\/\/jtt.com.jo\/wp-content\/uploads\/2022\/06\/Amman-Abdali2-900x600.jpg\",\"width\":900,\"height\":600,\"caption\":\"Jordan Program\"},{\"@type\":\"BreadcrumbList\",\"@id\":\"https:\/\/jtt.com.jo\/convention-center\/#breadcrumb\",\"itemListElement\":[{\"@type\":\"ListItem\",\"position\":1,\"name\":\"Home\",\"item\":\"https:\/\/jtt.com.jo\/\"},{\"@type\":\"ListItem\",\"position\":2,\"name\":\"Convention Center\"}]},{\"@type\":\"WebSite\",\"@id\":\"https:\/\/jtt.com.jo\/#website\",\"url\":\"https:\/\/jtt.com.jo\/\",\"name\":\"JTT Travel and Tourism\",\"description\":\"Plan your trip to Jordan with us\",\"potentialAction\":[{\"@type\":\"SearchAction\",\"target\":{\"@type\":\"EntryPoint\",\"urlTemplate\":\"https:\/\/jtt.com.jo\/?s={search_term_string}\"},\"query-input\":{\"@type\":\"PropertyValueSpecification\",\"valueRequired\":true,\"valueName\":\"search_term_string\"}}],\"inLanguage\":\"de\"}]}<\/script>\n<!-- \/ Yoast SEO plugin. -->","yoast_head_json":{"title":"Convention Center - JTT Travel and Tourism","robots":{"index":"index","follow":"follow","max-snippet":"max-snippet:-1","max-image-preview":"max-image-preview:large","max-video-preview":"max-video-preview:-1"},"canonical":"https:\/\/jtt.com.jo\/de\/convention-center\/","og_locale":"de_DE","og_type":"article","og_title":"Convention Center - JTT Travel and Tourism","og_description":"Convention Centers in jordan King Hussein Convention Center Dead Sea \u00a0 Striking, breathtaking, the King Hussein Bin Talal Convention Center is the ultimate meeting Venue. Nature, technology, and human creativity converge in this magnificent facility, where every detail is designed to encourage the free flow of people and ideas. Nestled in the heart of Dead [&hellip;]","og_url":"https:\/\/jtt.com.jo\/de\/convention-center\/","og_site_name":"JTT Travel and Tourism","article_modified_time":"2025-10-01T11:02:33+00:00","og_image":[{"width":900,"height":600,"url":"https:\/\/jtt.com.jo\/wp-content\/uploads\/2022\/06\/Amman-Abdali2-900x600.jpg","type":"image\/jpeg"}],"twitter_card":"summary_large_image","twitter_misc":{"Gesch\u00e4tzte Lesezeit":"3\u00a0Minuten"},"schema":{"@context":"https:\/\/schema.org","@graph":[{"@type":"WebPage","@id":"https:\/\/jtt.com.jo\/convention-center\/","url":"https:\/\/jtt.com.jo\/convention-center\/","name":"Convention Center - JTT Travel and Tourism","isPartOf":{"@id":"https:\/\/jtt.com.jo\/#website"},"primaryImageOfPage":{"@id":"https:\/\/jtt.com.jo\/convention-center\/#primaryimage"},"image":{"@id":"https:\/\/jtt.com.jo\/convention-center\/#primaryimage"},"thumbnailUrl":"https:\/\/jtt.com.jo\/wp-content\/uploads\/2022\/06\/Amman-Abdali2-900x600.jpg","datePublished":"2022-07-03T12:22:53+00:00","dateModified":"2025-10-01T11:02:33+00:00","breadcrumb":{"@id":"https:\/\/jtt.com.jo\/convention-center\/#breadcrumb"},"inLanguage":"de","potentialAction":[{"@type":"ReadAction","target":["https:\/\/jtt.com.jo\/convention-center\/"]}]},{"@type":"ImageObject","inLanguage":"de","@id":"https:\/\/jtt.com.jo\/convention-center\/#primaryimage","url":"https:\/\/jtt.com.jo\/wp-content\/uploads\/2022\/06\/Amman-Abdali2-900x600.jpg","contentUrl":"https:\/\/jtt.com.jo\/wp-content\/uploads\/2022\/06\/Amman-Abdali2-900x600.jpg","width":900,"height":600,"caption":"Jordan Program"},{"@type":"BreadcrumbList","@id":"https:\/\/jtt.com.jo\/convention-center\/#breadcrumb","itemListElement":[{"@type":"ListItem","position":1,"name":"Home","item":"https:\/\/jtt.com.jo\/"},{"@type":"ListItem","position":2,"name":"Convention Center"}]},{"@type":"WebSite","@id":"https:\/\/jtt.com.jo\/#website","url":"https:\/\/jtt.com.jo\/","name":"JTT Travel and Tourism","description":"Plan your trip to Jordan with us","potentialAction":[{"@type":"SearchAction","target":{"@type":"EntryPoint","urlTemplate":"https:\/\/jtt.com.jo\/?s={search_term_string}"},"query-input":{"@type":"PropertyValueSpecification","valueRequired":true,"valueName":"search_term_string"}}],"inLanguage":"de"}]}},"_links":{"self":[{"href":"https:\/\/jtt.com.jo\/de\/wp-json\/wp\/v2\/pages\/12042","targetHints":{"allow":["GET"]}}],"collection":[{"href":"https:\/\/jtt.com.jo\/de\/wp-json\/wp\/v2\/pages"}],"about":[{"href":"https:\/\/jtt.com.jo\/de\/wp-json\/wp\/v2\/types\/page"}],"author":[{"embeddable":true,"href":"https:\/\/jtt.com.jo\/de\/wp-json\/wp\/v2\/users\/1"}],"replies":[{"embeddable":true,"href":"https:\/\/jtt.com.jo\/de\/wp-json\/wp\/v2\/comments?post=12042"}],"version-history":[{"count":6,"href":"https:\/\/jtt.com.jo\/de\/wp-json\/wp\/v2\/pages\/12042\/revisions"}],"predecessor-version":[{"id":53274,"href":"https:\/\/jtt.com.jo\/de\/wp-json\/wp\/v2\/pages\/12042\/revisions\/53274"}],"wp:featuredmedia":[{"embeddable":true,"href":"https:\/\/jtt.com.jo\/de\/wp-json\/wp\/v2\/media\/11814"}],"wp:attachment":[{"href":"https:\/\/jtt.com.jo\/de\/wp-json\/wp\/v2\/media?parent=12042"}],"curies":[{"name":"wp","href":"https:\/\/api.w.org\/{rel}","templated":true}]}}