{"id":12042,"date":"2022-07-03T15:22:53","date_gmt":"2022-07-03T12:22:53","guid":{"rendered":"https:\/\/jtt.abralkon.com\/?page_id=12042"},"modified":"2025-10-01T14:02:33","modified_gmt":"2025-10-01T11:02:33","slug":"convention-center","status":"publish","type":"page","link":"https:\/\/jtt.com.jo\/es\/convention-center\/","title":{"rendered":"centro de Convenciones"},"content":{"rendered":"<div data-elementor-type=\"wp-page\" data-elementor-id=\"12042\" class=\"elementor elementor-12042\" data-elementor-post-type=\"page\">\n\t\t\t\t\t\t<section class=\"elementor-section elementor-top-section elementor-element elementor-element-ed95245 elementor-section-boxed elementor-section-height-default elementor-section-height-default\" data-id=\"ed95245\" data-element_type=\"section\">\n\t\t\t\t\t\t<div class=\"elementor-container elementor-column-gap-default\">\n\t\t\t\t\t<div class=\"elementor-column elementor-col-100 elementor-top-column elementor-element elementor-element-b8632ad\" data-id=\"b8632ad\" data-element_type=\"column\">\n\t\t\t<div class=\"elementor-widget-wrap elementor-element-populated\">\n\t\t\t\t\t\t<div class=\"elementor-element elementor-element-1577635 elementor-widget elementor-widget-heading\" data-id=\"1577635\" data-element_type=\"widget\" data-widget_type=\"heading.default\">\n\t\t\t\t<div class=\"elementor-widget-container\">\n\t\t\t\t\t<h2 class=\"elementor-heading-title elementor-size-default\">Centros de Convenciones en jordania<\/h2>\t\t\t\t<\/div>\n\t\t\t\t<\/div>\n\t\t\t\t\t<\/div>\n\t\t<\/div>\n\t\t\t\t\t<\/div>\n\t\t<\/section>\n\t\t\t\t<section class=\"elementor-section elementor-top-section elementor-element elementor-element-4297b90 elementor-section-boxed elementor-section-height-default elementor-section-height-default\" data-id=\"4297b90\" data-element_type=\"section\">\n\t\t\t\t\t\t<div class=\"elementor-container elementor-column-gap-default\">\n\t\t\t\t\t<div class=\"elementor-column elementor-col-50 elementor-top-column elementor-element elementor-element-2721cae\" data-id=\"2721cae\" data-element_type=\"column\">\n\t\t\t<div class=\"elementor-widget-wrap elementor-element-populated\">\n\t\t\t\t\t\t<div class=\"elementor-element elementor-element-804c0cc elementor-widget elementor-widget-text-editor\" data-id=\"804c0cc\" data-element_type=\"widget\" data-widget_type=\"text-editor.default\">\n\t\t\t\t<div class=\"elementor-widget-container\">\n\t\t\t\t\t\t\t\t\t<h3 style=\"margin: 0in; margin-bottom: .0001pt;\"><strong><span style=\"font-size: 10.0pt; font-family: 'Arial',sans-serif; color: #595959;\">Centro de Convenciones Rey Hussein Dead Se<\/span><span style=\"font-size: 10.0pt; font-family: 'Arial',sans-serif; color: #595959;\">a<\/span><\/strong><\/h3><p>\u00a0<\/p><p style=\"margin: 0in; margin-bottom: .0001pt;\"><span style=\"font-size: 10.0pt; font-family: 'Arial',sans-serif; color: #595959;\">Impresionante, impresionante, el Centro de Convenciones Rey Hussein Bin Talal es el lugar de reuni\u00f3n definitivo. La naturaleza, la tecnolog\u00eda y la creatividad humana convergen en esta magn\u00edfica instalaci\u00f3n, donde cada detalle est\u00e1 dise\u00f1ado para fomentar el libre flujo de personas e ideas. <\/span><\/p><p style=\"margin: 0in; margin-bottom: .0001pt;\"><span style=\"font-size: 10.0pt; font-family: 'Arial',sans-serif; color: #595959;\">Ubicado en el coraz\u00f3n del \u00e1rea del Mar Muerto, las modernas instalaciones del Centro son el lugar perfecto para reuniones de cualquier tama\u00f1o u ocasi\u00f3n. El Centro es en parte obra maestra arquitect\u00f3nica, en parte escultura de arte moderno y todo negocio. <\/span><\/p><p style=\"margin: 0in; margin-bottom: .0001pt;\"><span style=\"font-size: 10.0pt; font-family: 'Arial',sans-serif; color: #595959;\">Ya sea que sus planes de reuni\u00f3n involucren a cientos de empleados o miles de invitados, nuestro edificio de tres pisos puede brindarles a todos un espacio amplio y c\u00f3modo. <\/span><\/p><p style=\"margin: 0in; margin-bottom: .0001pt;\"><span style=\"font-size: 10.0pt; font-family: 'Arial',sans-serif; color: #595959;\">Ubicado en el punto m\u00e1s bajo de la tierra, el centro ofrece estacionamiento en el lugar y servicios de negocios, todo a poca distancia a pie de los principales hoteles de cinco estrellas.<\/span><\/p>\t\t\t\t\t\t\t\t<\/div>\n\t\t\t\t<\/div>\n\t\t\t\t\t<\/div>\n\t\t<\/div>\n\t\t\t\t<div class=\"elementor-column elementor-col-50 elementor-top-column elementor-element elementor-element-7c845a3\" data-id=\"7c845a3\" data-element_type=\"column\">\n\t\t\t<div class=\"elementor-widget-wrap elementor-element-populated\">\n\t\t\t\t\t\t<div class=\"elementor-element elementor-element-7677d98 elementor--h-position-center elementor--v-position-middle elementor-arrows-position-inside elementor-pagination-position-inside elementor-widget elementor-widget-slides\" data-id=\"7677d98\" data-element_type=\"widget\" data-settings=\"{&quot;navigation&quot;:&quot;both&quot;,&quot;autoplay&quot;:&quot;yes&quot;,&quot;pause_on_hover&quot;:&quot;yes&quot;,&quot;pause_on_interaction&quot;:&quot;yes&quot;,&quot;autoplay_speed&quot;:5000,&quot;infinite&quot;:&quot;yes&quot;,&quot;transition&quot;:&quot;slide&quot;,&quot;transition_speed&quot;:500}\" data-widget_type=\"slides.default\">\n\t\t\t\t<div class=\"elementor-widget-container\">\n\t\t\t\t\t\t\t<div class=\"elementor-swiper\">\n\t\t\t<div class=\"elementor-slides-wrapper elementor-main-swiper swiper-container\" dir=\"ltr\" data-animation=\"fadeInUp\">\n\t\t\t\t<div class=\"swiper-wrapper elementor-slides\">\n\t\t\t\t\t\t\t\t\t\t<div class=\"elementor-repeater-item-4d59aef swiper-slide\"><div class=\"swiper-slide-bg\" role=\"img\"><\/div><div class=\"swiper-slide-inner\" ><div class=\"swiper-slide-contents\"><\/div><\/div><\/div>\t\t\t\t<\/div>\n\t\t\t\t\t\t\t<\/div>\n\t\t<\/div>\n\t\t\t\t\t\t<\/div>\n\t\t\t\t<\/div>\n\t\t\t\t\t<\/div>\n\t\t<\/div>\n\t\t\t\t\t<\/div>\n\t\t<\/section>\n\t\t\t\t<section class=\"elementor-section elementor-top-section elementor-element elementor-element-0fccb34 elementor-section-boxed elementor-section-height-default elementor-section-height-default\" data-id=\"0fccb34\" data-element_type=\"section\">\n\t\t\t\t\t\t<div class=\"elementor-container elementor-column-gap-default\">\n\t\t\t\t\t<div class=\"elementor-column elementor-col-50 elementor-top-column elementor-element elementor-element-ef0f930\" data-id=\"ef0f930\" data-element_type=\"column\">\n\t\t\t<div class=\"elementor-widget-wrap elementor-element-populated\">\n\t\t\t\t\t\t<div class=\"elementor-element elementor-element-b5b126a elementor-widget elementor-widget-text-editor\" data-id=\"b5b126a\" data-element_type=\"widget\" data-widget_type=\"text-editor.default\">\n\t\t\t\t<div class=\"elementor-widget-container\">\n\t\t\t\t\t\t\t\t\t<p><strong>Centro Cultural Real de Am\u00e1n<\/strong><\/p><p>Dividido en\u00a0<\/p><p><strong>la sala de conferencias<\/strong><\/p><p>Se encuentra en el primer piso y es la sala m\u00e1s grande del edificio con capacidad para cuatrocientos, y su superficie total es de setecientos asientos. El sal\u00f3n de actos cuenta con una entrada independiente y cuatro salidas que facilitan la realizaci\u00f3n de actividades separadas en \u00e9l sin afectar al resto de espacios.<\/p><p><strong>el teatro principal<\/strong><br \/>Auditorio moderno completamente equipado con capacidad para 300 personas. El escenario est\u00e1 equipado para todas las formas de teatro, danza y m\u00fasica, con un completo sistema de iluminaci\u00f3n y sonido. El backstage cuenta con diez camerinos con capacidad para 80 personas<\/p><p><strong>el estudio de teatro<\/strong>\u00a0<br \/>Es un peque\u00f1o espacio de teatro flexible con capacidad para 180 personas. El \u00e1rea se puede variar para proporcionar posibilidades de rendimiento en la etapa final redonda y en la &quot;Etapa de empuje&quot;. Est\u00e1 t\u00e9cnicamente totalmente equipado y puede funcionar de forma independiente y al mismo tiempo que el teatro principal y la sala de conferencias, ya que tiene entradas y salidas separadas que lo a\u00edslan de todo el edificio. Tambi\u00e9n se puede utilizar como estudio, peque\u00f1a sala de reuniones y proyecci\u00f3n de pel\u00edculas.\u00a0<\/p><p>\u00a0<strong>la sala de exposiciones<\/strong><br \/>Situado en la planta baja del centro. Se suministra con iluminaci\u00f3n especial y soportes m\u00f3viles especiales para colgar cuadros<\/p>\t\t\t\t\t\t\t\t<\/div>\n\t\t\t\t<\/div>\n\t\t\t\t\t<\/div>\n\t\t<\/div>\n\t\t\t\t<div class=\"elementor-column elementor-col-50 elementor-top-column elementor-element elementor-element-aee83fe\" data-id=\"aee83fe\" data-element_type=\"column\">\n\t\t\t<div class=\"elementor-widget-wrap elementor-element-populated\">\n\t\t\t\t\t\t<div class=\"elementor-element elementor-element-eb3933e elementor--h-position-center elementor--v-position-middle elementor-arrows-position-inside elementor-pagination-position-inside elementor-widget elementor-widget-slides\" data-id=\"eb3933e\" data-element_type=\"widget\" data-settings=\"{&quot;navigation&quot;:&quot;both&quot;,&quot;autoplay&quot;:&quot;yes&quot;,&quot;pause_on_hover&quot;:&quot;yes&quot;,&quot;pause_on_interaction&quot;:&quot;yes&quot;,&quot;autoplay_speed&quot;:5000,&quot;infinite&quot;:&quot;yes&quot;,&quot;transition&quot;:&quot;slide&quot;,&quot;transition_speed&quot;:500}\" data-widget_type=\"slides.default\">\n\t\t\t\t<div class=\"elementor-widget-container\">\n\t\t\t\t\t\t\t<div class=\"elementor-swiper\">\n\t\t\t<div class=\"elementor-slides-wrapper elementor-main-swiper swiper-container\" dir=\"ltr\" data-animation=\"fadeInUp\">\n\t\t\t\t<div class=\"swiper-wrapper elementor-slides\">\n\t\t\t\t\t\t\t\t\t\t<div class=\"elementor-repeater-item-4d59aef swiper-slide\"><div class=\"swiper-slide-bg\" role=\"img\"><\/div><div class=\"swiper-slide-inner\" ><div class=\"swiper-slide-contents\"><\/div><\/div><\/div>\t\t\t\t<\/div>\n\t\t\t\t\t\t\t<\/div>\n\t\t<\/div>\n\t\t\t\t\t\t<\/div>\n\t\t\t\t<\/div>\n\t\t\t\t\t<\/div>\n\t\t<\/div>\n\t\t\t\t\t<\/div>\n\t\t<\/section>\n\t\t\t\t<section class=\"elementor-section elementor-top-section elementor-element elementor-element-bb59b41 elementor-section-boxed elementor-section-height-default elementor-section-height-default\" data-id=\"bb59b41\" data-element_type=\"section\">\n\t\t\t\t\t\t<div class=\"elementor-container elementor-column-gap-default\">\n\t\t\t\t\t<div class=\"elementor-column elementor-col-50 elementor-top-column elementor-element elementor-element-1fbc33f\" data-id=\"1fbc33f\" data-element_type=\"column\">\n\t\t\t<div class=\"elementor-widget-wrap elementor-element-populated\">\n\t\t\t\t\t\t<div class=\"elementor-element elementor-element-dd68dcf elementor-widget elementor-widget-text-editor\" data-id=\"dd68dcf\" data-element_type=\"widget\" data-widget_type=\"text-editor.default\">\n\t\t\t\t<div class=\"elementor-widget-container\">\n\t\t\t\t\t\t\t\t\t<p style=\"margin: 0in; margin-bottom: .0001pt;\"><strong><span style=\"font-size: 10.0pt; font-family: 'Arial',sans-serif; color: #595959;\">Palacio de la Cultura Amman<\/span><\/strong><\/p><p>\u00a0<\/p><p style=\"margin: 0in; margin-bottom: .0001pt;\"><span style=\"font-size: 10.0pt; font-family: 'Arial',sans-serif; color: #595959;\">Establecido en 1969, el Palacio de la Cultura es un lugar grande que se utiliza para albergar conferencias culturales regionales y nacionales, as\u00ed como convenciones \u00e1rabes e internacionales. <\/span><\/p><p style=\"margin: 0in; margin-bottom: .0001pt;\"><span style=\"font-size: 10.0pt; font-family: 'Arial',sans-serif; color: #595959;\">Con una superficie total de 2.550 m\u00b2, el Palacio de la Cultura consta de dos salas principales:<\/span><\/p><p style=\"margin: 0in; margin-bottom: .0001pt;\"><strong><span style=\"font-size: 10.0pt; font-family: 'Arial',sans-serif; color: #595959; font-weight: normal;\">el sal\u00f3n de m\u00e1rmol<\/span><\/strong><span style=\"font-size: 10.0pt; font-family: 'Arial',sans-serif; color: #595959;\">, utilizado para exposiciones art\u00edsticas y culturales. Junto a \u00e9l se encuentra el Pabell\u00f3n Real, que es una sala de alta tecnolog\u00eda para supervisores de eventos e invitados VIP.<\/span><\/p><p style=\"margin: 0in; margin-bottom: .0001pt;\"><strong><span style=\"font-size: 10.0pt; font-family: 'Arial',sans-serif; color: #595959; font-weight: normal;\">el sal\u00f3n interior<\/span><\/strong><span style=\"font-size: 10.0pt; font-family: 'Arial',sans-serif; color: #595959;\"> consta de un escenario que puede albergar hasta 90 artistas y una sala de teatro con una capacidad total de 1.767 espectadores, 787 asientos de lujo, 430 asientos de 2da clase y 550 asientos regulares<\/span><\/p>\t\t\t\t\t\t\t\t<\/div>\n\t\t\t\t<\/div>\n\t\t\t\t\t<\/div>\n\t\t<\/div>\n\t\t\t\t<div class=\"elementor-column elementor-col-50 elementor-top-column elementor-element elementor-element-405b810\" data-id=\"405b810\" data-element_type=\"column\">\n\t\t\t<div class=\"elementor-widget-wrap elementor-element-populated\">\n\t\t\t\t\t\t<div class=\"elementor-element elementor-element-de07ba8 elementor--h-position-center elementor--v-position-middle elementor-arrows-position-inside elementor-pagination-position-inside elementor-widget elementor-widget-slides\" data-id=\"de07ba8\" data-element_type=\"widget\" data-settings=\"{&quot;navigation&quot;:&quot;both&quot;,&quot;autoplay&quot;:&quot;yes&quot;,&quot;pause_on_hover&quot;:&quot;yes&quot;,&quot;pause_on_interaction&quot;:&quot;yes&quot;,&quot;autoplay_speed&quot;:5000,&quot;infinite&quot;:&quot;yes&quot;,&quot;transition&quot;:&quot;slide&quot;,&quot;transition_speed&quot;:500}\" data-widget_type=\"slides.default\">\n\t\t\t\t<div class=\"elementor-widget-container\">\n\t\t\t\t\t\t\t<div class=\"elementor-swiper\">\n\t\t\t<div class=\"elementor-slides-wrapper elementor-main-swiper swiper-container\" dir=\"ltr\" data-animation=\"fadeInUp\">\n\t\t\t\t<div class=\"swiper-wrapper elementor-slides\">\n\t\t\t\t\t\t\t\t\t\t<div class=\"elementor-repeater-item-e50993d swiper-slide\"><div class=\"swiper-slide-bg\" role=\"img\"><\/div><div class=\"swiper-slide-inner\" ><div class=\"swiper-slide-contents\"><\/div><\/div><\/div>\t\t\t\t<\/div>\n\t\t\t\t\t\t\t<\/div>\n\t\t<\/div>\n\t\t\t\t\t\t<\/div>\n\t\t\t\t<\/div>\n\t\t\t\t\t<\/div>\n\t\t<\/div>\n\t\t\t\t\t<\/div>\n\t\t<\/section>\n\t\t\t\t<section class=\"elementor-section elementor-top-section elementor-element elementor-element-7f8c6fa elementor-section-boxed elementor-section-height-default elementor-section-height-default\" data-id=\"7f8c6fa\" data-element_type=\"section\">\n\t\t\t\t\t\t<div class=\"elementor-container elementor-column-gap-default\">\n\t\t\t\t\t<div class=\"elementor-column elementor-col-50 elementor-top-column elementor-element elementor-element-b9b4b76\" data-id=\"b9b4b76\" data-element_type=\"column\">\n\t\t\t<div class=\"elementor-widget-wrap elementor-element-populated\">\n\t\t\t\t\t\t<div class=\"elementor-element elementor-element-74f50f6 elementor-widget elementor-widget-text-editor\" data-id=\"74f50f6\" data-element_type=\"widget\" data-widget_type=\"text-editor.default\">\n\t\t\t\t<div class=\"elementor-widget-container\">\n\t\t\t\t\t\t\t\t\t<p><strong>Zara Expo Am\u00e1n<\/strong><\/p><p>Zara Expo Amman forma parte de uno de los proyectos de construcci\u00f3n m\u00e1s grandes y ambiciosos jam\u00e1s vistos en Jordania. El complejo consta de tres elementos principales:<\/p><p><strong>El Centro Zara<\/strong><br \/>est\u00e1 programado para completarse en 2001 e incluir\u00e1 un centro comercial de tres niveles, un complejo de cines multiplex, junto con una variedad de puntos de venta de alimentos internacionales<\/p><p>Estas instalaciones ofrecen un paquete inigualable de alojamiento de lujo, espacio para exposiciones y conferencias junto con una amplia gama de instalaciones de entretenimiento.<\/p>\t\t\t\t\t\t\t\t<\/div>\n\t\t\t\t<\/div>\n\t\t\t\t\t<\/div>\n\t\t<\/div>\n\t\t\t\t<div class=\"elementor-column elementor-col-50 elementor-top-column elementor-element elementor-element-cf7f3a0\" data-id=\"cf7f3a0\" data-element_type=\"column\">\n\t\t\t<div class=\"elementor-widget-wrap elementor-element-populated\">\n\t\t\t\t\t\t<div class=\"elementor-element elementor-element-a3dbba3 elementor--h-position-center elementor--v-position-middle elementor-arrows-position-inside elementor-pagination-position-inside elementor-widget elementor-widget-slides\" data-id=\"a3dbba3\" data-element_type=\"widget\" data-settings=\"{&quot;navigation&quot;:&quot;both&quot;,&quot;autoplay&quot;:&quot;yes&quot;,&quot;pause_on_hover&quot;:&quot;yes&quot;,&quot;pause_on_interaction&quot;:&quot;yes&quot;,&quot;autoplay_speed&quot;:5000,&quot;infinite&quot;:&quot;yes&quot;,&quot;transition&quot;:&quot;slide&quot;,&quot;transition_speed&quot;:500}\" data-widget_type=\"slides.default\">\n\t\t\t\t<div class=\"elementor-widget-container\">\n\t\t\t\t\t\t\t<div class=\"elementor-swiper\">\n\t\t\t<div class=\"elementor-slides-wrapper elementor-main-swiper swiper-container\" dir=\"ltr\" data-animation=\"fadeInUp\">\n\t\t\t\t<div class=\"swiper-wrapper elementor-slides\">\n\t\t\t\t\t\t\t\t\t\t<div class=\"elementor-repeater-item-e50993d swiper-slide\"><div class=\"swiper-slide-bg\" role=\"img\"><\/div><div class=\"swiper-slide-inner\" ><div class=\"swiper-slide-contents\"><\/div><\/div><\/div>\t\t\t\t<\/div>\n\t\t\t\t\t\t\t<\/div>\n\t\t<\/div>\n\t\t\t\t\t\t<\/div>\n\t\t\t\t<\/div>\n\t\t\t\t\t<\/div>\n\t\t<\/div>\n\t\t\t\t\t<\/div>\n\t\t<\/section>\n\t\t\t\t<\/div>","protected":false},"excerpt":{"rendered":"<p>Convention Centers in jordan King Hussein Convention Center Dead Sea \u00a0 Striking, breathtaking, the King Hussein Bin Talal Convention Center is the ultimate meeting Venue. Nature, technology, and human creativity converge in this magnificent facility, where every detail is designed to encourage the free flow of people and ideas. Nestled in the heart of Dead [&hellip;]<\/p>","protected":false},"author":1,"featured_media":11814,"parent":0,"menu_order":0,"comment_status":"closed","ping_status":"closed","template":"","meta":{"footnotes":""},"class_list":["post-12042","page","type-page","status-publish","has-post-thumbnail","hentry"],"yoast_head":"<!-- This site is optimized with the Yoast SEO plugin v26.2 - https:\/\/yoast.com\/wordpress\/plugins\/seo\/ -->\n<title>Convention Center - JTT Travel and Tourism<\/title>\n<meta name=\"robots\" content=\"index, follow, max-snippet:-1, max-image-preview:large, max-video-preview:-1\" \/>\n<link rel=\"canonical\" href=\"https:\/\/jtt.com.jo\/es\/convention-center\/\" \/>\n<meta property=\"og:locale\" content=\"es_ES\" \/>\n<meta property=\"og:type\" content=\"article\" \/>\n<meta property=\"og:title\" content=\"Convention Center - JTT Travel and Tourism\" \/>\n<meta property=\"og:description\" content=\"Convention Centers in jordan King Hussein Convention Center Dead Sea \u00a0 Striking, breathtaking, the King Hussein Bin Talal Convention Center is the ultimate meeting Venue. Nature, technology, and human creativity converge in this magnificent facility, where every detail is designed to encourage the free flow of people and ideas. Nestled in the heart of Dead [&hellip;]\" \/>\n<meta property=\"og:url\" content=\"https:\/\/jtt.com.jo\/es\/convention-center\/\" \/>\n<meta property=\"og:site_name\" content=\"JTT Travel and Tourism\" \/>\n<meta property=\"article:modified_time\" content=\"2025-10-01T11:02:33+00:00\" \/>\n<meta property=\"og:image\" content=\"https:\/\/jtt.com.jo\/wp-content\/uploads\/2022\/06\/Amman-Abdali2-900x600.jpg\" \/>\n\t<meta property=\"og:image:width\" content=\"900\" \/>\n\t<meta property=\"og:image:height\" content=\"600\" \/>\n\t<meta property=\"og:image:type\" content=\"image\/jpeg\" \/>\n<meta name=\"twitter:card\" content=\"summary_large_image\" \/>\n<meta name=\"twitter:label1\" content=\"Tiempo de lectura\" \/>\n\t<meta name=\"twitter:data1\" content=\"3 minutos\" \/>\n<script type=\"application\/ld+json\" class=\"yoast-schema-graph\">{\"@context\":\"https:\/\/schema.org\",\"@graph\":[{\"@type\":\"WebPage\",\"@id\":\"https:\/\/jtt.com.jo\/convention-center\/\",\"url\":\"https:\/\/jtt.com.jo\/convention-center\/\",\"name\":\"Convention Center - JTT Travel and Tourism\",\"isPartOf\":{\"@id\":\"https:\/\/jtt.com.jo\/#website\"},\"primaryImageOfPage\":{\"@id\":\"https:\/\/jtt.com.jo\/convention-center\/#primaryimage\"},\"image\":{\"@id\":\"https:\/\/jtt.com.jo\/convention-center\/#primaryimage\"},\"thumbnailUrl\":\"https:\/\/jtt.com.jo\/wp-content\/uploads\/2022\/06\/Amman-Abdali2-900x600.jpg\",\"datePublished\":\"2022-07-03T12:22:53+00:00\",\"dateModified\":\"2025-10-01T11:02:33+00:00\",\"breadcrumb\":{\"@id\":\"https:\/\/jtt.com.jo\/convention-center\/#breadcrumb\"},\"inLanguage\":\"es\",\"potentialAction\":[{\"@type\":\"ReadAction\",\"target\":[\"https:\/\/jtt.com.jo\/convention-center\/\"]}]},{\"@type\":\"ImageObject\",\"inLanguage\":\"es\",\"@id\":\"https:\/\/jtt.com.jo\/convention-center\/#primaryimage\",\"url\":\"https:\/\/jtt.com.jo\/wp-content\/uploads\/2022\/06\/Amman-Abdali2-900x600.jpg\",\"contentUrl\":\"https:\/\/jtt.com.jo\/wp-content\/uploads\/2022\/06\/Amman-Abdali2-900x600.jpg\",\"width\":900,\"height\":600,\"caption\":\"Jordan Program\"},{\"@type\":\"BreadcrumbList\",\"@id\":\"https:\/\/jtt.com.jo\/convention-center\/#breadcrumb\",\"itemListElement\":[{\"@type\":\"ListItem\",\"position\":1,\"name\":\"Home\",\"item\":\"https:\/\/jtt.com.jo\/\"},{\"@type\":\"ListItem\",\"position\":2,\"name\":\"Convention Center\"}]},{\"@type\":\"WebSite\",\"@id\":\"https:\/\/jtt.com.jo\/#website\",\"url\":\"https:\/\/jtt.com.jo\/\",\"name\":\"JTT Travel and Tourism\",\"description\":\"Plan your trip to Jordan with us\",\"potentialAction\":[{\"@type\":\"SearchAction\",\"target\":{\"@type\":\"EntryPoint\",\"urlTemplate\":\"https:\/\/jtt.com.jo\/?s={search_term_string}\"},\"query-input\":{\"@type\":\"PropertyValueSpecification\",\"valueRequired\":true,\"valueName\":\"search_term_string\"}}],\"inLanguage\":\"es\"}]}<\/script>\n<!-- \/ Yoast SEO plugin. -->","yoast_head_json":{"title":"Convention Center - JTT Travel and Tourism","robots":{"index":"index","follow":"follow","max-snippet":"max-snippet:-1","max-image-preview":"max-image-preview:large","max-video-preview":"max-video-preview:-1"},"canonical":"https:\/\/jtt.com.jo\/es\/convention-center\/","og_locale":"es_ES","og_type":"article","og_title":"Convention Center - JTT Travel and Tourism","og_description":"Convention Centers in jordan King Hussein Convention Center Dead Sea \u00a0 Striking, breathtaking, the King Hussein Bin Talal Convention Center is the ultimate meeting Venue. Nature, technology, and human creativity converge in this magnificent facility, where every detail is designed to encourage the free flow of people and ideas. Nestled in the heart of Dead [&hellip;]","og_url":"https:\/\/jtt.com.jo\/es\/convention-center\/","og_site_name":"JTT Travel and Tourism","article_modified_time":"2025-10-01T11:02:33+00:00","og_image":[{"width":900,"height":600,"url":"https:\/\/jtt.com.jo\/wp-content\/uploads\/2022\/06\/Amman-Abdali2-900x600.jpg","type":"image\/jpeg"}],"twitter_card":"summary_large_image","twitter_misc":{"Tiempo de lectura":"3 minutos"},"schema":{"@context":"https:\/\/schema.org","@graph":[{"@type":"WebPage","@id":"https:\/\/jtt.com.jo\/convention-center\/","url":"https:\/\/jtt.com.jo\/convention-center\/","name":"Convention Center - JTT Travel and Tourism","isPartOf":{"@id":"https:\/\/jtt.com.jo\/#website"},"primaryImageOfPage":{"@id":"https:\/\/jtt.com.jo\/convention-center\/#primaryimage"},"image":{"@id":"https:\/\/jtt.com.jo\/convention-center\/#primaryimage"},"thumbnailUrl":"https:\/\/jtt.com.jo\/wp-content\/uploads\/2022\/06\/Amman-Abdali2-900x600.jpg","datePublished":"2022-07-03T12:22:53+00:00","dateModified":"2025-10-01T11:02:33+00:00","breadcrumb":{"@id":"https:\/\/jtt.com.jo\/convention-center\/#breadcrumb"},"inLanguage":"es","potentialAction":[{"@type":"ReadAction","target":["https:\/\/jtt.com.jo\/convention-center\/"]}]},{"@type":"ImageObject","inLanguage":"es","@id":"https:\/\/jtt.com.jo\/convention-center\/#primaryimage","url":"https:\/\/jtt.com.jo\/wp-content\/uploads\/2022\/06\/Amman-Abdali2-900x600.jpg","contentUrl":"https:\/\/jtt.com.jo\/wp-content\/uploads\/2022\/06\/Amman-Abdali2-900x600.jpg","width":900,"height":600,"caption":"Jordan Program"},{"@type":"BreadcrumbList","@id":"https:\/\/jtt.com.jo\/convention-center\/#breadcrumb","itemListElement":[{"@type":"ListItem","position":1,"name":"Home","item":"https:\/\/jtt.com.jo\/"},{"@type":"ListItem","position":2,"name":"Convention Center"}]},{"@type":"WebSite","@id":"https:\/\/jtt.com.jo\/#website","url":"https:\/\/jtt.com.jo\/","name":"JTT Travel and Tourism","description":"Plan your trip to Jordan with us","potentialAction":[{"@type":"SearchAction","target":{"@type":"EntryPoint","urlTemplate":"https:\/\/jtt.com.jo\/?s={search_term_string}"},"query-input":{"@type":"PropertyValueSpecification","valueRequired":true,"valueName":"search_term_string"}}],"inLanguage":"es"}]}},"_links":{"self":[{"href":"https:\/\/jtt.com.jo\/es\/wp-json\/wp\/v2\/pages\/12042","targetHints":{"allow":["GET"]}}],"collection":[{"href":"https:\/\/jtt.com.jo\/es\/wp-json\/wp\/v2\/pages"}],"about":[{"href":"https:\/\/jtt.com.jo\/es\/wp-json\/wp\/v2\/types\/page"}],"author":[{"embeddable":true,"href":"https:\/\/jtt.com.jo\/es\/wp-json\/wp\/v2\/users\/1"}],"replies":[{"embeddable":true,"href":"https:\/\/jtt.com.jo\/es\/wp-json\/wp\/v2\/comments?post=12042"}],"version-history":[{"count":6,"href":"https:\/\/jtt.com.jo\/es\/wp-json\/wp\/v2\/pages\/12042\/revisions"}],"predecessor-version":[{"id":53274,"href":"https:\/\/jtt.com.jo\/es\/wp-json\/wp\/v2\/pages\/12042\/revisions\/53274"}],"wp:featuredmedia":[{"embeddable":true,"href":"https:\/\/jtt.com.jo\/es\/wp-json\/wp\/v2\/media\/11814"}],"wp:attachment":[{"href":"https:\/\/jtt.com.jo\/es\/wp-json\/wp\/v2\/media?parent=12042"}],"curies":[{"name":"wp","href":"https:\/\/api.w.org\/{rel}","templated":true}]}}