{"id":11318,"date":"2022-06-12T15:47:19","date_gmt":"2022-06-12T12:47:19","guid":{"rendered":"https:\/\/jtt.abralkon.com\/?page_id=11318"},"modified":"2025-10-15T11:27:29","modified_gmt":"2025-10-15T08:27:29","slug":"conferences","status":"publish","type":"page","link":"https:\/\/jtt.com.jo\/fr\/conferences\/","title":{"rendered":"Conf\u00e9rences"},"content":{"rendered":"<div data-elementor-type=\"wp-page\" data-elementor-id=\"11318\" class=\"elementor elementor-11318\" data-elementor-post-type=\"page\">\n\t\t\t\t\t\t<section class=\"elementor-section elementor-top-section elementor-element elementor-element-460c28d elementor-section-boxed elementor-section-height-default elementor-section-height-default\" data-id=\"460c28d\" data-element_type=\"section\">\n\t\t\t\t\t\t<div class=\"elementor-container elementor-column-gap-default\">\n\t\t\t\t\t<div class=\"elementor-column elementor-col-100 elementor-top-column elementor-element elementor-element-16fe474\" data-id=\"16fe474\" data-element_type=\"column\">\n\t\t\t<div class=\"elementor-widget-wrap elementor-element-populated\">\n\t\t\t\t\t\t<div class=\"elementor-element elementor-element-fc758e5 elementor--h-position-center elementor--v-position-middle elementor-arrows-position-inside elementor-pagination-position-inside elementor-widget elementor-widget-slides\" data-id=\"fc758e5\" data-element_type=\"widget\" data-settings=\"{&quot;navigation&quot;:&quot;both&quot;,&quot;autoplay&quot;:&quot;yes&quot;,&quot;pause_on_hover&quot;:&quot;yes&quot;,&quot;pause_on_interaction&quot;:&quot;yes&quot;,&quot;autoplay_speed&quot;:5000,&quot;infinite&quot;:&quot;yes&quot;,&quot;transition&quot;:&quot;slide&quot;,&quot;transition_speed&quot;:500}\" data-widget_type=\"slides.default\">\n\t\t\t\t<div class=\"elementor-widget-container\">\n\t\t\t\t\t\t\t<div class=\"elementor-swiper\">\n\t\t\t<div class=\"elementor-slides-wrapper elementor-main-swiper swiper-container\" dir=\"ltr\" data-animation=\"fadeInUp\">\n\t\t\t\t<div class=\"swiper-wrapper elementor-slides\">\n\t\t\t\t\t\t\t\t\t\t<div class=\"elementor-repeater-item-95474a8 swiper-slide\"><div class=\"swiper-slide-bg\" role=\"img\"><\/div><div class=\"swiper-slide-inner\" ><div class=\"swiper-slide-contents\"><\/div><\/div><\/div>\t\t\t\t<\/div>\n\t\t\t\t\t\t\t<\/div>\n\t\t<\/div>\n\t\t\t\t\t\t<\/div>\n\t\t\t\t<\/div>\n\t\t\t\t\t<\/div>\n\t\t<\/div>\n\t\t\t\t\t<\/div>\n\t\t<\/section>\n\t\t\t\t<section class=\"elementor-section elementor-top-section elementor-element elementor-element-375b2bd elementor-section-boxed elementor-section-height-default elementor-section-height-default\" data-id=\"375b2bd\" data-element_type=\"section\">\n\t\t\t\t\t\t<div class=\"elementor-container elementor-column-gap-default\">\n\t\t\t\t\t<div class=\"elementor-column elementor-col-100 elementor-top-column elementor-element elementor-element-90ce893\" data-id=\"90ce893\" data-element_type=\"column\">\n\t\t\t<div class=\"elementor-widget-wrap elementor-element-populated\">\n\t\t\t\t\t\t<div class=\"elementor-element elementor-element-44356fa elementor-widget elementor-widget-heading\" data-id=\"44356fa\" data-element_type=\"widget\" data-widget_type=\"heading.default\">\n\t\t\t\t<div class=\"elementor-widget-container\">\n\t\t\t\t\t<h2 class=\"elementor-heading-title elementor-size-default\">Conf\u00e9rences<\/h2>\t\t\t\t<\/div>\n\t\t\t\t<\/div>\n\t\t\t\t\t<\/div>\n\t\t<\/div>\n\t\t\t\t\t<\/div>\n\t\t<\/section>\n\t\t\t\t<section class=\"elementor-section elementor-top-section elementor-element elementor-element-ef23c7f elementor-section-boxed elementor-section-height-default elementor-section-height-default\" data-id=\"ef23c7f\" data-element_type=\"section\">\n\t\t\t\t\t\t<div class=\"elementor-container elementor-column-gap-default\">\n\t\t\t\t\t<div class=\"elementor-column elementor-col-50 elementor-top-column elementor-element elementor-element-1d53cc5\" data-id=\"1d53cc5\" data-element_type=\"column\">\n\t\t\t<div class=\"elementor-widget-wrap elementor-element-populated\">\n\t\t\t\t\t\t<div class=\"elementor-element elementor-element-0c16003 elementor-widget elementor-widget-text-editor\" data-id=\"0c16003\" data-element_type=\"widget\" data-widget_type=\"text-editor.default\">\n\t\t\t\t<div class=\"elementor-widget-container\">\n\t\t\t\t\t\t\t\t\t<p><strong>SERVICES DE CONF\u00c9RENCE FOURNIS\u00a0:<br \/><\/strong><br \/>ACTIVIT\u00c9S PR\u00c9-CONF\u00c9RENCE<br \/>Cr\u00e9ation de la strat\u00e9gie avec l&#039;organisateur du projet <br \/>Conception totale du projet (cr\u00e9ation ou refonte de l&#039;identit\u00e9 visuelle du projet) <br \/>Communication et logistique pour les invit\u00e9s \u00e9trangers <br \/>Transferts et h\u00e9bergement pour les invit\u00e9s<br \/>Activit\u00e9s de marketing et de relations publiques pour le projet <br \/>N\u00e9gociations de parrainage<br \/>Gestion budg\u00e9taire et tr\u00e9sorerie<br \/><br \/>ACTIVIT\u00c9S DE LA CONF\u00c9RENCE<br \/>Secr\u00e9tariat du Congr\u00e8s <br \/>Syst\u00e8me d&#039;enregistrement<br \/>Gestion sur place<br \/>Am\u00e9nagement du lieu de la conf\u00e9rence <br \/>Infrastructure audiovisuelle et technique <br \/>Services de traduction<br \/>Service de restauration<br \/>Programme artistique<br \/>Programmes sociaux, avant et apr\u00e8s Turing<\/p>\t\t\t\t\t\t\t\t<\/div>\n\t\t\t\t<\/div>\n\t\t\t\t\t<\/div>\n\t\t<\/div>\n\t\t\t\t<div class=\"elementor-column elementor-col-50 elementor-top-column elementor-element elementor-element-845412e\" data-id=\"845412e\" data-element_type=\"column\">\n\t\t\t<div class=\"elementor-widget-wrap elementor-element-populated\">\n\t\t\t\t\t\t<div class=\"elementor-element elementor-element-38bba04 elementor-widget elementor-widget-image\" data-id=\"38bba04\" data-element_type=\"widget\" data-widget_type=\"image.default\">\n\t\t\t\t<div class=\"elementor-widget-container\">\n\t\t\t\t\t\t\t\t\t\t\t\t\t\t\t<img fetchpriority=\"high\" decoding=\"async\" width=\"1024\" height=\"1024\" src=\"https:\/\/jtt.com.jo\/wp-content\/uploads\/2022\/06\/account-accounting-achieve-activities-adults-advertisements-advertising-agency-applications-applying_t20_3e9Ea2-1024x1024.jpg\" class=\"attachment-large size-large wp-image-11220\" alt=\"Conference\" srcset=\"https:\/\/jtt.com.jo\/wp-content\/uploads\/2022\/06\/account-accounting-achieve-activities-adults-advertisements-advertising-agency-applications-applying_t20_3e9Ea2-1024x1024.jpg 1024w, https:\/\/jtt.com.jo\/wp-content\/uploads\/2022\/06\/account-accounting-achieve-activities-adults-advertisements-advertising-agency-applications-applying_t20_3e9Ea2-1010x672-300x300.jpg 300w, https:\/\/jtt.com.jo\/wp-content\/uploads\/2022\/06\/account-accounting-achieve-activities-adults-advertisements-advertising-agency-applications-applying_t20_3e9Ea2-1010x672-100x100.jpg 100w, https:\/\/jtt.com.jo\/wp-content\/uploads\/2022\/06\/account-accounting-achieve-activities-adults-advertisements-advertising-agency-applications-applying_t20_3e9Ea2-150x150.jpg 150w, https:\/\/jtt.com.jo\/wp-content\/uploads\/2022\/06\/account-accounting-achieve-activities-adults-advertisements-advertising-agency-applications-applying_t20_3e9Ea2-1536x1536.jpg 1536w, https:\/\/jtt.com.jo\/wp-content\/uploads\/2022\/06\/account-accounting-achieve-activities-adults-advertisements-advertising-agency-applications-applying_t20_3e9Ea2-2048x2048.jpg 2048w, https:\/\/jtt.com.jo\/wp-content\/uploads\/2022\/06\/account-accounting-achieve-activities-adults-advertisements-advertising-agency-applications-applying_t20_3e9Ea2-1010x672-32x32.jpg 32w\" sizes=\"(max-width: 1024px) 100vw, 1024px\" \/>\t\t\t\t\t\t\t\t\t\t\t\t\t\t\t<\/div>\n\t\t\t\t<\/div>\n\t\t\t\t\t<\/div>\n\t\t<\/div>\n\t\t\t\t\t<\/div>\n\t\t<\/section>\n\t\t\t\t<\/div>","protected":false},"excerpt":{"rendered":"<p>Conferences CONFERENCE\u2019S SERVICES PROVIDED:PRE-CONFERENCE ACTIVITIESCreating the strategy with project organizer Total design of the project (creating or remodeling visual identity of the project) Communication and logistic for foreign guests Transfers and accommodation for guestsMarketing and PR activities for the project Sponsorship negotiationsBudget management and cash flow CONFERENCE ACTIVITIESCongress secretariat Registration systemOn-site managementConference venue arrangements Audio-visual [&hellip;]<\/p>","protected":false},"author":1,"featured_media":0,"parent":0,"menu_order":0,"comment_status":"closed","ping_status":"closed","template":"elementor_header_footer","meta":{"footnotes":""},"class_list":["post-11318","page","type-page","status-publish","has-post-thumbnail","hentry"],"yoast_head":"<!-- This site is optimized with the Yoast SEO plugin v26.2 - https:\/\/yoast.com\/wordpress\/plugins\/seo\/ -->\n<title>Conferences - JTT Travel and Tourism<\/title>\n<meta name=\"robots\" content=\"index, follow, max-snippet:-1, max-image-preview:large, max-video-preview:-1\" \/>\n<link rel=\"canonical\" href=\"https:\/\/jtt.com.jo\/fr\/conferences\/\" \/>\n<meta property=\"og:locale\" content=\"fr_FR\" \/>\n<meta property=\"og:type\" content=\"article\" \/>\n<meta property=\"og:title\" content=\"Conferences - JTT Travel and Tourism\" \/>\n<meta property=\"og:description\" content=\"Conferences CONFERENCE\u2019S SERVICES PROVIDED:PRE-CONFERENCE ACTIVITIESCreating the strategy with project organizer Total design of the project (creating or remodeling visual identity of the project) Communication and logistic for foreign guests Transfers and accommodation for guestsMarketing and PR activities for the project Sponsorship negotiationsBudget management and cash flow CONFERENCE ACTIVITIESCongress secretariat Registration systemOn-site managementConference venue arrangements Audio-visual [&hellip;]\" \/>\n<meta property=\"og:url\" content=\"https:\/\/jtt.com.jo\/fr\/conferences\/\" \/>\n<meta property=\"og:site_name\" content=\"JTT Travel and Tourism\" \/>\n<meta property=\"article:modified_time\" content=\"2025-10-15T08:27:29+00:00\" \/>\n<meta property=\"og:image\" content=\"https:\/\/jtt.com.jo\/wp-content\/uploads\/2022\/06\/account-accounting-achieve-activities-adults-advertisements-advertising-agency-applications-applying_t20_3e9Ea2-1010x672.jpg\" \/>\n\t<meta property=\"og:image:width\" content=\"1010\" \/>\n\t<meta property=\"og:image:height\" content=\"672\" \/>\n\t<meta property=\"og:image:type\" content=\"image\/jpeg\" \/>\n<meta name=\"twitter:card\" content=\"summary_large_image\" \/>\n<meta name=\"twitter:label1\" content=\"Dur\u00e9e de lecture estim\u00e9e\" \/>\n\t<meta name=\"twitter:data1\" content=\"1 minute\" \/>\n<script type=\"application\/ld+json\" class=\"yoast-schema-graph\">{\"@context\":\"https:\/\/schema.org\",\"@graph\":[{\"@type\":\"WebPage\",\"@id\":\"https:\/\/jtt.com.jo\/conferences\/\",\"url\":\"https:\/\/jtt.com.jo\/conferences\/\",\"name\":\"Conferences - JTT Travel and Tourism\",\"isPartOf\":{\"@id\":\"https:\/\/jtt.com.jo\/#website\"},\"primaryImageOfPage\":{\"@id\":\"https:\/\/jtt.com.jo\/conferences\/#primaryimage\"},\"image\":{\"@id\":\"https:\/\/jtt.com.jo\/conferences\/#primaryimage\"},\"thumbnailUrl\":\"https:\/\/jtt.com.jo\/wp-content\/uploads\/2022\/06\/account-accounting-achieve-activities-adults-advertisements-advertising-agency-applications-applying_t20_3e9Ea2-1024x1024.jpg\",\"datePublished\":\"2022-06-12T12:47:19+00:00\",\"dateModified\":\"2025-10-15T08:27:29+00:00\",\"breadcrumb\":{\"@id\":\"https:\/\/jtt.com.jo\/conferences\/#breadcrumb\"},\"inLanguage\":\"fr-FR\",\"potentialAction\":[{\"@type\":\"ReadAction\",\"target\":[\"https:\/\/jtt.com.jo\/conferences\/\"]}]},{\"@type\":\"ImageObject\",\"inLanguage\":\"fr-FR\",\"@id\":\"https:\/\/jtt.com.jo\/conferences\/#primaryimage\",\"url\":\"https:\/\/jtt.com.jo\/wp-content\/uploads\/2022\/06\/account-accounting-achieve-activities-adults-advertisements-advertising-agency-applications-applying_t20_3e9Ea2-1024x1024.jpg\",\"contentUrl\":\"https:\/\/jtt.com.jo\/wp-content\/uploads\/2022\/06\/account-accounting-achieve-activities-adults-advertisements-advertising-agency-applications-applying_t20_3e9Ea2-1024x1024.jpg\"},{\"@type\":\"BreadcrumbList\",\"@id\":\"https:\/\/jtt.com.jo\/conferences\/#breadcrumb\",\"itemListElement\":[{\"@type\":\"ListItem\",\"position\":1,\"name\":\"Home\",\"item\":\"https:\/\/jtt.com.jo\/\"},{\"@type\":\"ListItem\",\"position\":2,\"name\":\"Conferences\"}]},{\"@type\":\"WebSite\",\"@id\":\"https:\/\/jtt.com.jo\/#website\",\"url\":\"https:\/\/jtt.com.jo\/\",\"name\":\"JTT Travel and Tourism\",\"description\":\"Plan your trip to Jordan with us\",\"potentialAction\":[{\"@type\":\"SearchAction\",\"target\":{\"@type\":\"EntryPoint\",\"urlTemplate\":\"https:\/\/jtt.com.jo\/?s={search_term_string}\"},\"query-input\":{\"@type\":\"PropertyValueSpecification\",\"valueRequired\":true,\"valueName\":\"search_term_string\"}}],\"inLanguage\":\"fr-FR\"}]}<\/script>\n<!-- \/ Yoast SEO plugin. -->","yoast_head_json":{"title":"Conferences - JTT Travel and Tourism","robots":{"index":"index","follow":"follow","max-snippet":"max-snippet:-1","max-image-preview":"max-image-preview:large","max-video-preview":"max-video-preview:-1"},"canonical":"https:\/\/jtt.com.jo\/fr\/conferences\/","og_locale":"fr_FR","og_type":"article","og_title":"Conferences - JTT Travel and Tourism","og_description":"Conferences CONFERENCE\u2019S SERVICES PROVIDED:PRE-CONFERENCE ACTIVITIESCreating the strategy with project organizer Total design of the project (creating or remodeling visual identity of the project) Communication and logistic for foreign guests Transfers and accommodation for guestsMarketing and PR activities for the project Sponsorship negotiationsBudget management and cash flow CONFERENCE ACTIVITIESCongress secretariat Registration systemOn-site managementConference venue arrangements Audio-visual [&hellip;]","og_url":"https:\/\/jtt.com.jo\/fr\/conferences\/","og_site_name":"JTT Travel and Tourism","article_modified_time":"2025-10-15T08:27:29+00:00","og_image":[{"width":1010,"height":672,"url":"https:\/\/jtt.com.jo\/wp-content\/uploads\/2022\/06\/account-accounting-achieve-activities-adults-advertisements-advertising-agency-applications-applying_t20_3e9Ea2-1010x672.jpg","type":"image\/jpeg"}],"twitter_card":"summary_large_image","twitter_misc":{"Dur\u00e9e de lecture estim\u00e9e":"1 minute"},"schema":{"@context":"https:\/\/schema.org","@graph":[{"@type":"WebPage","@id":"https:\/\/jtt.com.jo\/conferences\/","url":"https:\/\/jtt.com.jo\/conferences\/","name":"Conferences - JTT Travel and Tourism","isPartOf":{"@id":"https:\/\/jtt.com.jo\/#website"},"primaryImageOfPage":{"@id":"https:\/\/jtt.com.jo\/conferences\/#primaryimage"},"image":{"@id":"https:\/\/jtt.com.jo\/conferences\/#primaryimage"},"thumbnailUrl":"https:\/\/jtt.com.jo\/wp-content\/uploads\/2022\/06\/account-accounting-achieve-activities-adults-advertisements-advertising-agency-applications-applying_t20_3e9Ea2-1024x1024.jpg","datePublished":"2022-06-12T12:47:19+00:00","dateModified":"2025-10-15T08:27:29+00:00","breadcrumb":{"@id":"https:\/\/jtt.com.jo\/conferences\/#breadcrumb"},"inLanguage":"fr-FR","potentialAction":[{"@type":"ReadAction","target":["https:\/\/jtt.com.jo\/conferences\/"]}]},{"@type":"ImageObject","inLanguage":"fr-FR","@id":"https:\/\/jtt.com.jo\/conferences\/#primaryimage","url":"https:\/\/jtt.com.jo\/wp-content\/uploads\/2022\/06\/account-accounting-achieve-activities-adults-advertisements-advertising-agency-applications-applying_t20_3e9Ea2-1024x1024.jpg","contentUrl":"https:\/\/jtt.com.jo\/wp-content\/uploads\/2022\/06\/account-accounting-achieve-activities-adults-advertisements-advertising-agency-applications-applying_t20_3e9Ea2-1024x1024.jpg"},{"@type":"BreadcrumbList","@id":"https:\/\/jtt.com.jo\/conferences\/#breadcrumb","itemListElement":[{"@type":"ListItem","position":1,"name":"Home","item":"https:\/\/jtt.com.jo\/"},{"@type":"ListItem","position":2,"name":"Conferences"}]},{"@type":"WebSite","@id":"https:\/\/jtt.com.jo\/#website","url":"https:\/\/jtt.com.jo\/","name":"JTT Travel and Tourism","description":"Plan your trip to Jordan with us","potentialAction":[{"@type":"SearchAction","target":{"@type":"EntryPoint","urlTemplate":"https:\/\/jtt.com.jo\/?s={search_term_string}"},"query-input":{"@type":"PropertyValueSpecification","valueRequired":true,"valueName":"search_term_string"}}],"inLanguage":"fr-FR"}]}},"_links":{"self":[{"href":"https:\/\/jtt.com.jo\/fr\/wp-json\/wp\/v2\/pages\/11318","targetHints":{"allow":["GET"]}}],"collection":[{"href":"https:\/\/jtt.com.jo\/fr\/wp-json\/wp\/v2\/pages"}],"about":[{"href":"https:\/\/jtt.com.jo\/fr\/wp-json\/wp\/v2\/types\/page"}],"author":[{"embeddable":true,"href":"https:\/\/jtt.com.jo\/fr\/wp-json\/wp\/v2\/users\/1"}],"replies":[{"embeddable":true,"href":"https:\/\/jtt.com.jo\/fr\/wp-json\/wp\/v2\/comments?post=11318"}],"version-history":[{"count":3,"href":"https:\/\/jtt.com.jo\/fr\/wp-json\/wp\/v2\/pages\/11318\/revisions"}],"predecessor-version":[{"id":53595,"href":"https:\/\/jtt.com.jo\/fr\/wp-json\/wp\/v2\/pages\/11318\/revisions\/53595"}],"wp:attachment":[{"href":"https:\/\/jtt.com.jo\/fr\/wp-json\/wp\/v2\/media?parent=11318"}],"curies":[{"name":"wp","href":"https:\/\/api.w.org\/{rel}","templated":true}]}}