{"id":12042,"date":"2022-07-03T15:22:53","date_gmt":"2022-07-03T12:22:53","guid":{"rendered":"https:\/\/jtt.abralkon.com\/?page_id=12042"},"modified":"2025-10-01T14:02:33","modified_gmt":"2025-10-01T11:02:33","slug":"convention-center","status":"publish","type":"page","link":"https:\/\/jtt.com.jo\/fr\/convention-center\/","title":{"rendered":"Palais des Congr\u00e8s"},"content":{"rendered":"<div data-elementor-type=\"wp-page\" data-elementor-id=\"12042\" class=\"elementor elementor-12042\" data-elementor-post-type=\"page\">\n\t\t\t\t\t\t<section class=\"elementor-section elementor-top-section elementor-element elementor-element-ed95245 elementor-section-boxed elementor-section-height-default elementor-section-height-default\" data-id=\"ed95245\" data-element_type=\"section\">\n\t\t\t\t\t\t<div class=\"elementor-container elementor-column-gap-default\">\n\t\t\t\t\t<div class=\"elementor-column elementor-col-100 elementor-top-column elementor-element elementor-element-b8632ad\" data-id=\"b8632ad\" data-element_type=\"column\">\n\t\t\t<div class=\"elementor-widget-wrap elementor-element-populated\">\n\t\t\t\t\t\t<div class=\"elementor-element elementor-element-1577635 elementor-widget elementor-widget-heading\" data-id=\"1577635\" data-element_type=\"widget\" data-widget_type=\"heading.default\">\n\t\t\t\t<div class=\"elementor-widget-container\">\n\t\t\t\t\t<h2 class=\"elementor-heading-title elementor-size-default\">Centres de congr\u00e8s en Jordanie<\/h2>\t\t\t\t<\/div>\n\t\t\t\t<\/div>\n\t\t\t\t\t<\/div>\n\t\t<\/div>\n\t\t\t\t\t<\/div>\n\t\t<\/section>\n\t\t\t\t<section class=\"elementor-section elementor-top-section elementor-element elementor-element-4297b90 elementor-section-boxed elementor-section-height-default elementor-section-height-default\" data-id=\"4297b90\" data-element_type=\"section\">\n\t\t\t\t\t\t<div class=\"elementor-container elementor-column-gap-default\">\n\t\t\t\t\t<div class=\"elementor-column elementor-col-50 elementor-top-column elementor-element elementor-element-2721cae\" data-id=\"2721cae\" data-element_type=\"column\">\n\t\t\t<div class=\"elementor-widget-wrap elementor-element-populated\">\n\t\t\t\t\t\t<div class=\"elementor-element elementor-element-804c0cc elementor-widget elementor-widget-text-editor\" data-id=\"804c0cc\" data-element_type=\"widget\" data-widget_type=\"text-editor.default\">\n\t\t\t\t<div class=\"elementor-widget-container\">\n\t\t\t\t\t\t\t\t\t<h3 style=\"margin: 0in; margin-bottom: .0001pt;\"><strong><span style=\"font-size: 10.0pt; font-family: 'Arial',sans-serif; color: #595959;\">Centre de congr\u00e8s King Hussein Dead Se<\/span><span style=\"font-size: 10.0pt; font-family: 'Arial',sans-serif; color: #595959;\">un<\/span><\/strong><\/h3><p>\u00a0<\/p><p style=\"margin: 0in; margin-bottom: .0001pt;\"><span style=\"font-size: 10.0pt; font-family: 'Arial',sans-serif; color: #595959;\">Remarquable, \u00e0 couper le souffle, le King Hussein Bin Talal Convention Center est le lieu de r\u00e9union ultime. La nature, la technologie et la cr\u00e9ativit\u00e9 humaine convergent dans cette magnifique installation, o\u00f9 chaque d\u00e9tail est con\u00e7u pour encourager la libre circulation des personnes et des id\u00e9es. <\/span><\/p><p style=\"margin: 0in; margin-bottom: .0001pt;\"><span style=\"font-size: 10.0pt; font-family: 'Arial',sans-serif; color: #595959;\">Nich\u00e9 au c\u0153ur de la r\u00e9gion de la mer Morte, les installations ultramodernes du Centre sont l&#039;endroit id\u00e9al pour les r\u00e9unions de toute taille ou occasion. Le Centre est \u00e0 la fois une pi\u00e8ce ma\u00eetresse de l&#039;architecture, une partie de la sculpture d&#039;art moderne et toutes les affaires. <\/span><\/p><p style=\"margin: 0in; margin-bottom: .0001pt;\"><span style=\"font-size: 10.0pt; font-family: 'Arial',sans-serif; color: #595959;\">Que vos plans de r\u00e9union impliquent des centaines d&#039;employ\u00e9s ou des milliers d&#039;invit\u00e9s, notre b\u00e2timent de trois \u00e9tages peut offrir \u00e0 chacun un espace confortable. <\/span><\/p><p style=\"margin: 0in; margin-bottom: .0001pt;\"><span style=\"font-size: 10.0pt; font-family: 'Arial',sans-serif; color: #595959;\">Situ\u00e9 au point le plus bas de la plan\u00e8te, le centre propose un parking sur place et des services d&#039;affaires, le tout \u00e0 une courte distance de marche des principaux h\u00f4tels cinq \u00e9toiles.<\/span><\/p>\t\t\t\t\t\t\t\t<\/div>\n\t\t\t\t<\/div>\n\t\t\t\t\t<\/div>\n\t\t<\/div>\n\t\t\t\t<div class=\"elementor-column elementor-col-50 elementor-top-column elementor-element elementor-element-7c845a3\" data-id=\"7c845a3\" data-element_type=\"column\">\n\t\t\t<div class=\"elementor-widget-wrap elementor-element-populated\">\n\t\t\t\t\t\t<div class=\"elementor-element elementor-element-7677d98 elementor--h-position-center elementor--v-position-middle elementor-arrows-position-inside elementor-pagination-position-inside elementor-widget elementor-widget-slides\" data-id=\"7677d98\" data-element_type=\"widget\" data-settings=\"{&quot;navigation&quot;:&quot;both&quot;,&quot;autoplay&quot;:&quot;yes&quot;,&quot;pause_on_hover&quot;:&quot;yes&quot;,&quot;pause_on_interaction&quot;:&quot;yes&quot;,&quot;autoplay_speed&quot;:5000,&quot;infinite&quot;:&quot;yes&quot;,&quot;transition&quot;:&quot;slide&quot;,&quot;transition_speed&quot;:500}\" data-widget_type=\"slides.default\">\n\t\t\t\t<div class=\"elementor-widget-container\">\n\t\t\t\t\t\t\t<div class=\"elementor-swiper\">\n\t\t\t<div class=\"elementor-slides-wrapper elementor-main-swiper swiper-container\" dir=\"ltr\" data-animation=\"fadeInUp\">\n\t\t\t\t<div class=\"swiper-wrapper elementor-slides\">\n\t\t\t\t\t\t\t\t\t\t<div class=\"elementor-repeater-item-4d59aef swiper-slide\"><div class=\"swiper-slide-bg\" role=\"img\"><\/div><div class=\"swiper-slide-inner\" ><div class=\"swiper-slide-contents\"><\/div><\/div><\/div>\t\t\t\t<\/div>\n\t\t\t\t\t\t\t<\/div>\n\t\t<\/div>\n\t\t\t\t\t\t<\/div>\n\t\t\t\t<\/div>\n\t\t\t\t\t<\/div>\n\t\t<\/div>\n\t\t\t\t\t<\/div>\n\t\t<\/section>\n\t\t\t\t<section class=\"elementor-section elementor-top-section elementor-element elementor-element-0fccb34 elementor-section-boxed elementor-section-height-default elementor-section-height-default\" data-id=\"0fccb34\" data-element_type=\"section\">\n\t\t\t\t\t\t<div class=\"elementor-container elementor-column-gap-default\">\n\t\t\t\t\t<div class=\"elementor-column elementor-col-50 elementor-top-column elementor-element elementor-element-ef0f930\" data-id=\"ef0f930\" data-element_type=\"column\">\n\t\t\t<div class=\"elementor-widget-wrap elementor-element-populated\">\n\t\t\t\t\t\t<div class=\"elementor-element elementor-element-b5b126a elementor-widget elementor-widget-text-editor\" data-id=\"b5b126a\" data-element_type=\"widget\" data-widget_type=\"text-editor.default\">\n\t\t\t\t<div class=\"elementor-widget-container\">\n\t\t\t\t\t\t\t\t\t<p><strong>Centre culturel royal d&#039;Amman<\/strong><\/p><p>Divis\u00e9 en\u00a0<\/p><p><strong>La salle de conf\u00e9rence<\/strong><\/p><p>Elle est situ\u00e9e au premier \u00e9tage et est la plus grande salle du b\u00e2timent pouvant accueillir quatre cents personnes, et sa surface totale compte sept cents places. La salle de conf\u00e9rence a une entr\u00e9e ind\u00e9pendante et quatre sorties qui facilitent la tenue d&#039;activit\u00e9s s\u00e9par\u00e9es sans affecter les autres zones.<\/p><p><strong>Le Th\u00e9\u00e2tre Principal<\/strong><br \/>Auditorium moderne enti\u00e8rement \u00e9quip\u00e9 pouvant accueillir 300 personnes. La sc\u00e8ne est \u00e9quip\u00e9e pour toutes les formes de th\u00e9\u00e2tre, de danse et de musique, avec un syst\u00e8me d&#039;\u00e9clairage et de sonorisation complet. Les coulisses disposent de dix loges pouvant accueillir 80 personnes<\/p><p><strong>Le Studio Th\u00e9\u00e2tre<\/strong>\u00a0<br \/>Est un petit th\u00e9\u00e2tre flexible pouvant accueillir 180 personnes. La zone peut \u00eatre vari\u00e9e pour fournir des possibilit\u00e9s de performance dans la phase de fin de ronde et la &quot;phase de pouss\u00e9e&quot;. Il est techniquement enti\u00e8rement \u00e9quip\u00e9 et peut fonctionner ind\u00e9pendamment et en m\u00eame temps que le th\u00e9\u00e2tre principal et la salle de conf\u00e9rence car il poss\u00e8de des entr\u00e9es et des sorties s\u00e9par\u00e9es qui l&#039;isolent de l&#039;ensemble du b\u00e2timent. Il peut \u00e9galement \u00eatre utilis\u00e9 comme studio, petite salle de r\u00e9union et pour la projection de films.\u00a0<\/p><p>\u00a0<strong>La salle d&#039;exposition<\/strong><br \/>Situ\u00e9 au rez-de-chauss\u00e9e du centre. Il est fourni avec un \u00e9clairage sp\u00e9cial et des supports mobiles sp\u00e9ciaux pour accrocher des peintures<\/p>\t\t\t\t\t\t\t\t<\/div>\n\t\t\t\t<\/div>\n\t\t\t\t\t<\/div>\n\t\t<\/div>\n\t\t\t\t<div class=\"elementor-column elementor-col-50 elementor-top-column elementor-element elementor-element-aee83fe\" data-id=\"aee83fe\" data-element_type=\"column\">\n\t\t\t<div class=\"elementor-widget-wrap elementor-element-populated\">\n\t\t\t\t\t\t<div class=\"elementor-element elementor-element-eb3933e elementor--h-position-center elementor--v-position-middle elementor-arrows-position-inside elementor-pagination-position-inside elementor-widget elementor-widget-slides\" data-id=\"eb3933e\" data-element_type=\"widget\" data-settings=\"{&quot;navigation&quot;:&quot;both&quot;,&quot;autoplay&quot;:&quot;yes&quot;,&quot;pause_on_hover&quot;:&quot;yes&quot;,&quot;pause_on_interaction&quot;:&quot;yes&quot;,&quot;autoplay_speed&quot;:5000,&quot;infinite&quot;:&quot;yes&quot;,&quot;transition&quot;:&quot;slide&quot;,&quot;transition_speed&quot;:500}\" data-widget_type=\"slides.default\">\n\t\t\t\t<div class=\"elementor-widget-container\">\n\t\t\t\t\t\t\t<div class=\"elementor-swiper\">\n\t\t\t<div class=\"elementor-slides-wrapper elementor-main-swiper swiper-container\" dir=\"ltr\" data-animation=\"fadeInUp\">\n\t\t\t\t<div class=\"swiper-wrapper elementor-slides\">\n\t\t\t\t\t\t\t\t\t\t<div class=\"elementor-repeater-item-4d59aef swiper-slide\"><div class=\"swiper-slide-bg\" role=\"img\"><\/div><div class=\"swiper-slide-inner\" ><div class=\"swiper-slide-contents\"><\/div><\/div><\/div>\t\t\t\t<\/div>\n\t\t\t\t\t\t\t<\/div>\n\t\t<\/div>\n\t\t\t\t\t\t<\/div>\n\t\t\t\t<\/div>\n\t\t\t\t\t<\/div>\n\t\t<\/div>\n\t\t\t\t\t<\/div>\n\t\t<\/section>\n\t\t\t\t<section class=\"elementor-section elementor-top-section elementor-element elementor-element-bb59b41 elementor-section-boxed elementor-section-height-default elementor-section-height-default\" data-id=\"bb59b41\" data-element_type=\"section\">\n\t\t\t\t\t\t<div class=\"elementor-container elementor-column-gap-default\">\n\t\t\t\t\t<div class=\"elementor-column elementor-col-50 elementor-top-column elementor-element elementor-element-1fbc33f\" data-id=\"1fbc33f\" data-element_type=\"column\">\n\t\t\t<div class=\"elementor-widget-wrap elementor-element-populated\">\n\t\t\t\t\t\t<div class=\"elementor-element elementor-element-dd68dcf elementor-widget elementor-widget-text-editor\" data-id=\"dd68dcf\" data-element_type=\"widget\" data-widget_type=\"text-editor.default\">\n\t\t\t\t<div class=\"elementor-widget-container\">\n\t\t\t\t\t\t\t\t\t<p style=\"margin: 0in; margin-bottom: .0001pt;\"><strong><span style=\"font-size: 10.0pt; font-family: 'Arial',sans-serif; color: #595959;\">Palais de la culture d&#039;Amman<\/span><\/strong><\/p><p>\u00a0<\/p><p style=\"margin: 0in; margin-bottom: .0001pt;\"><span style=\"font-size: 10.0pt; font-family: 'Arial',sans-serif; color: #595959;\">Cr\u00e9\u00e9 en 1969, le Palais de la Culture est un grand lieu utilis\u00e9 pour accueillir des conf\u00e9rences culturelles r\u00e9gionales et nationales, ainsi que des conventions arabes et internationales. <\/span><\/p><p style=\"margin: 0in; margin-bottom: .0001pt;\"><span style=\"font-size: 10.0pt; font-family: 'Arial',sans-serif; color: #595959;\">D&#039;une superficie totale de 2 550 m\u00b2, le Palais de la Culture comprend deux halls principaux :<\/span><\/p><p style=\"margin: 0in; margin-bottom: .0001pt;\"><strong><span style=\"font-size: 10.0pt; font-family: 'Arial',sans-serif; color: #595959; font-weight: normal;\">La salle de marbre<\/span><\/strong><span style=\"font-size: 10.0pt; font-family: 'Arial',sans-serif; color: #595959;\">, utilis\u00e9 pour des expositions artistiques et autres expositions culturelles. Adjacent \u00e0 celui-ci se trouve le Royal Pavilion, qui est une salle de haute technologie pour les superviseurs d&#039;\u00e9v\u00e9nements et les invit\u00e9s VIP.<\/span><\/p><p style=\"margin: 0in; margin-bottom: .0001pt;\"><strong><span style=\"font-size: 10.0pt; font-family: 'Arial',sans-serif; color: #595959; font-weight: normal;\">La salle int\u00e9rieure<\/span><\/strong><span style=\"font-size: 10.0pt; font-family: 'Arial',sans-serif; color: #595959;\"> comprend une sc\u00e8ne pouvant accueillir jusqu&#039;\u00e0 90 artistes et une salle de th\u00e9\u00e2tre d&#039;une capacit\u00e9 totale de 1 767 spectateurs, 787 si\u00e8ges de luxe, 430 si\u00e8ges de 2e classe et 550 si\u00e8ges r\u00e9guliers<\/span><\/p>\t\t\t\t\t\t\t\t<\/div>\n\t\t\t\t<\/div>\n\t\t\t\t\t<\/div>\n\t\t<\/div>\n\t\t\t\t<div class=\"elementor-column elementor-col-50 elementor-top-column elementor-element elementor-element-405b810\" data-id=\"405b810\" data-element_type=\"column\">\n\t\t\t<div class=\"elementor-widget-wrap elementor-element-populated\">\n\t\t\t\t\t\t<div class=\"elementor-element elementor-element-de07ba8 elementor--h-position-center elementor--v-position-middle elementor-arrows-position-inside elementor-pagination-position-inside elementor-widget elementor-widget-slides\" data-id=\"de07ba8\" data-element_type=\"widget\" data-settings=\"{&quot;navigation&quot;:&quot;both&quot;,&quot;autoplay&quot;:&quot;yes&quot;,&quot;pause_on_hover&quot;:&quot;yes&quot;,&quot;pause_on_interaction&quot;:&quot;yes&quot;,&quot;autoplay_speed&quot;:5000,&quot;infinite&quot;:&quot;yes&quot;,&quot;transition&quot;:&quot;slide&quot;,&quot;transition_speed&quot;:500}\" data-widget_type=\"slides.default\">\n\t\t\t\t<div class=\"elementor-widget-container\">\n\t\t\t\t\t\t\t<div class=\"elementor-swiper\">\n\t\t\t<div class=\"elementor-slides-wrapper elementor-main-swiper swiper-container\" dir=\"ltr\" data-animation=\"fadeInUp\">\n\t\t\t\t<div class=\"swiper-wrapper elementor-slides\">\n\t\t\t\t\t\t\t\t\t\t<div class=\"elementor-repeater-item-e50993d swiper-slide\"><div class=\"swiper-slide-bg\" role=\"img\"><\/div><div class=\"swiper-slide-inner\" ><div class=\"swiper-slide-contents\"><\/div><\/div><\/div>\t\t\t\t<\/div>\n\t\t\t\t\t\t\t<\/div>\n\t\t<\/div>\n\t\t\t\t\t\t<\/div>\n\t\t\t\t<\/div>\n\t\t\t\t\t<\/div>\n\t\t<\/div>\n\t\t\t\t\t<\/div>\n\t\t<\/section>\n\t\t\t\t<section class=\"elementor-section elementor-top-section elementor-element elementor-element-7f8c6fa elementor-section-boxed elementor-section-height-default elementor-section-height-default\" data-id=\"7f8c6fa\" data-element_type=\"section\">\n\t\t\t\t\t\t<div class=\"elementor-container elementor-column-gap-default\">\n\t\t\t\t\t<div class=\"elementor-column elementor-col-50 elementor-top-column elementor-element elementor-element-b9b4b76\" data-id=\"b9b4b76\" data-element_type=\"column\">\n\t\t\t<div class=\"elementor-widget-wrap elementor-element-populated\">\n\t\t\t\t\t\t<div class=\"elementor-element elementor-element-74f50f6 elementor-widget elementor-widget-text-editor\" data-id=\"74f50f6\" data-element_type=\"widget\" data-widget_type=\"text-editor.default\">\n\t\t\t\t<div class=\"elementor-widget-container\">\n\t\t\t\t\t\t\t\t\t<p><strong>Salon Zara d&#039;Amman<\/strong><\/p><p>Zara Expo Amman fait partie de l&#039;un des projets de construction les plus importants et les plus ambitieux jamais vus en Jordanie. Le complexe se compose de trois \u00e9l\u00e9ments principaux :<\/p><p><strong>Le centre Zara<\/strong><br \/>devrait \u00eatre achev\u00e9 en 2001 et comprendra un centre commercial \u00e0 trois niveaux, un complexe de cin\u00e9ma multiplex, ainsi qu&#039;une gamme de points de restauration internationaux<\/p><p>Ces installations offrent un ensemble in\u00e9gal\u00e9 d&#039;h\u00e9bergements de luxe, d&#039;espaces d&#039;exposition et de conf\u00e9rence ainsi que toute une gamme d&#039;installations de divertissement.<\/p>\t\t\t\t\t\t\t\t<\/div>\n\t\t\t\t<\/div>\n\t\t\t\t\t<\/div>\n\t\t<\/div>\n\t\t\t\t<div class=\"elementor-column elementor-col-50 elementor-top-column elementor-element elementor-element-cf7f3a0\" data-id=\"cf7f3a0\" data-element_type=\"column\">\n\t\t\t<div class=\"elementor-widget-wrap elementor-element-populated\">\n\t\t\t\t\t\t<div class=\"elementor-element elementor-element-a3dbba3 elementor--h-position-center elementor--v-position-middle elementor-arrows-position-inside elementor-pagination-position-inside elementor-widget elementor-widget-slides\" data-id=\"a3dbba3\" data-element_type=\"widget\" data-settings=\"{&quot;navigation&quot;:&quot;both&quot;,&quot;autoplay&quot;:&quot;yes&quot;,&quot;pause_on_hover&quot;:&quot;yes&quot;,&quot;pause_on_interaction&quot;:&quot;yes&quot;,&quot;autoplay_speed&quot;:5000,&quot;infinite&quot;:&quot;yes&quot;,&quot;transition&quot;:&quot;slide&quot;,&quot;transition_speed&quot;:500}\" data-widget_type=\"slides.default\">\n\t\t\t\t<div class=\"elementor-widget-container\">\n\t\t\t\t\t\t\t<div class=\"elementor-swiper\">\n\t\t\t<div class=\"elementor-slides-wrapper elementor-main-swiper swiper-container\" dir=\"ltr\" data-animation=\"fadeInUp\">\n\t\t\t\t<div class=\"swiper-wrapper elementor-slides\">\n\t\t\t\t\t\t\t\t\t\t<div class=\"elementor-repeater-item-e50993d swiper-slide\"><div class=\"swiper-slide-bg\" role=\"img\"><\/div><div class=\"swiper-slide-inner\" ><div class=\"swiper-slide-contents\"><\/div><\/div><\/div>\t\t\t\t<\/div>\n\t\t\t\t\t\t\t<\/div>\n\t\t<\/div>\n\t\t\t\t\t\t<\/div>\n\t\t\t\t<\/div>\n\t\t\t\t\t<\/div>\n\t\t<\/div>\n\t\t\t\t\t<\/div>\n\t\t<\/section>\n\t\t\t\t<\/div>","protected":false},"excerpt":{"rendered":"<p>Convention Centers in jordan King Hussein Convention Center Dead Sea \u00a0 Striking, breathtaking, the King Hussein Bin Talal Convention Center is the ultimate meeting Venue. Nature, technology, and human creativity converge in this magnificent facility, where every detail is designed to encourage the free flow of people and ideas. Nestled in the heart of Dead [&hellip;]<\/p>","protected":false},"author":1,"featured_media":11814,"parent":0,"menu_order":0,"comment_status":"closed","ping_status":"closed","template":"","meta":{"footnotes":""},"class_list":["post-12042","page","type-page","status-publish","has-post-thumbnail","hentry"],"yoast_head":"<!-- This site is optimized with the Yoast SEO plugin v26.2 - https:\/\/yoast.com\/wordpress\/plugins\/seo\/ -->\n<title>Convention Center - JTT Travel and Tourism<\/title>\n<meta name=\"robots\" content=\"index, follow, max-snippet:-1, max-image-preview:large, max-video-preview:-1\" \/>\n<link rel=\"canonical\" href=\"https:\/\/jtt.com.jo\/fr\/convention-center\/\" \/>\n<meta property=\"og:locale\" content=\"fr_FR\" \/>\n<meta property=\"og:type\" content=\"article\" \/>\n<meta property=\"og:title\" content=\"Convention Center - JTT Travel and Tourism\" \/>\n<meta property=\"og:description\" content=\"Convention Centers in jordan King Hussein Convention Center Dead Sea \u00a0 Striking, breathtaking, the King Hussein Bin Talal Convention Center is the ultimate meeting Venue. Nature, technology, and human creativity converge in this magnificent facility, where every detail is designed to encourage the free flow of people and ideas. Nestled in the heart of Dead [&hellip;]\" \/>\n<meta property=\"og:url\" content=\"https:\/\/jtt.com.jo\/fr\/convention-center\/\" \/>\n<meta property=\"og:site_name\" content=\"JTT Travel and Tourism\" \/>\n<meta property=\"article:modified_time\" content=\"2025-10-01T11:02:33+00:00\" \/>\n<meta property=\"og:image\" content=\"https:\/\/jtt.com.jo\/wp-content\/uploads\/2022\/06\/Amman-Abdali2-900x600.jpg\" \/>\n\t<meta property=\"og:image:width\" content=\"900\" \/>\n\t<meta property=\"og:image:height\" content=\"600\" \/>\n\t<meta property=\"og:image:type\" content=\"image\/jpeg\" \/>\n<meta name=\"twitter:card\" content=\"summary_large_image\" \/>\n<meta name=\"twitter:label1\" content=\"Dur\u00e9e de lecture estim\u00e9e\" \/>\n\t<meta name=\"twitter:data1\" content=\"3 minutes\" \/>\n<script type=\"application\/ld+json\" class=\"yoast-schema-graph\">{\"@context\":\"https:\/\/schema.org\",\"@graph\":[{\"@type\":\"WebPage\",\"@id\":\"https:\/\/jtt.com.jo\/convention-center\/\",\"url\":\"https:\/\/jtt.com.jo\/convention-center\/\",\"name\":\"Convention Center - JTT Travel and Tourism\",\"isPartOf\":{\"@id\":\"https:\/\/jtt.com.jo\/#website\"},\"primaryImageOfPage\":{\"@id\":\"https:\/\/jtt.com.jo\/convention-center\/#primaryimage\"},\"image\":{\"@id\":\"https:\/\/jtt.com.jo\/convention-center\/#primaryimage\"},\"thumbnailUrl\":\"https:\/\/jtt.com.jo\/wp-content\/uploads\/2022\/06\/Amman-Abdali2-900x600.jpg\",\"datePublished\":\"2022-07-03T12:22:53+00:00\",\"dateModified\":\"2025-10-01T11:02:33+00:00\",\"breadcrumb\":{\"@id\":\"https:\/\/jtt.com.jo\/convention-center\/#breadcrumb\"},\"inLanguage\":\"fr-FR\",\"potentialAction\":[{\"@type\":\"ReadAction\",\"target\":[\"https:\/\/jtt.com.jo\/convention-center\/\"]}]},{\"@type\":\"ImageObject\",\"inLanguage\":\"fr-FR\",\"@id\":\"https:\/\/jtt.com.jo\/convention-center\/#primaryimage\",\"url\":\"https:\/\/jtt.com.jo\/wp-content\/uploads\/2022\/06\/Amman-Abdali2-900x600.jpg\",\"contentUrl\":\"https:\/\/jtt.com.jo\/wp-content\/uploads\/2022\/06\/Amman-Abdali2-900x600.jpg\",\"width\":900,\"height\":600,\"caption\":\"Jordan Program\"},{\"@type\":\"BreadcrumbList\",\"@id\":\"https:\/\/jtt.com.jo\/convention-center\/#breadcrumb\",\"itemListElement\":[{\"@type\":\"ListItem\",\"position\":1,\"name\":\"Home\",\"item\":\"https:\/\/jtt.com.jo\/\"},{\"@type\":\"ListItem\",\"position\":2,\"name\":\"Convention Center\"}]},{\"@type\":\"WebSite\",\"@id\":\"https:\/\/jtt.com.jo\/#website\",\"url\":\"https:\/\/jtt.com.jo\/\",\"name\":\"JTT Travel and Tourism\",\"description\":\"Plan your trip to Jordan with us\",\"potentialAction\":[{\"@type\":\"SearchAction\",\"target\":{\"@type\":\"EntryPoint\",\"urlTemplate\":\"https:\/\/jtt.com.jo\/?s={search_term_string}\"},\"query-input\":{\"@type\":\"PropertyValueSpecification\",\"valueRequired\":true,\"valueName\":\"search_term_string\"}}],\"inLanguage\":\"fr-FR\"}]}<\/script>\n<!-- \/ Yoast SEO plugin. -->","yoast_head_json":{"title":"Convention Center - JTT Travel and Tourism","robots":{"index":"index","follow":"follow","max-snippet":"max-snippet:-1","max-image-preview":"max-image-preview:large","max-video-preview":"max-video-preview:-1"},"canonical":"https:\/\/jtt.com.jo\/fr\/convention-center\/","og_locale":"fr_FR","og_type":"article","og_title":"Convention Center - JTT Travel and Tourism","og_description":"Convention Centers in jordan King Hussein Convention Center Dead Sea \u00a0 Striking, breathtaking, the King Hussein Bin Talal Convention Center is the ultimate meeting Venue. Nature, technology, and human creativity converge in this magnificent facility, where every detail is designed to encourage the free flow of people and ideas. Nestled in the heart of Dead [&hellip;]","og_url":"https:\/\/jtt.com.jo\/fr\/convention-center\/","og_site_name":"JTT Travel and Tourism","article_modified_time":"2025-10-01T11:02:33+00:00","og_image":[{"width":900,"height":600,"url":"https:\/\/jtt.com.jo\/wp-content\/uploads\/2022\/06\/Amman-Abdali2-900x600.jpg","type":"image\/jpeg"}],"twitter_card":"summary_large_image","twitter_misc":{"Dur\u00e9e de lecture estim\u00e9e":"3 minutes"},"schema":{"@context":"https:\/\/schema.org","@graph":[{"@type":"WebPage","@id":"https:\/\/jtt.com.jo\/convention-center\/","url":"https:\/\/jtt.com.jo\/convention-center\/","name":"Convention Center - JTT Travel and Tourism","isPartOf":{"@id":"https:\/\/jtt.com.jo\/#website"},"primaryImageOfPage":{"@id":"https:\/\/jtt.com.jo\/convention-center\/#primaryimage"},"image":{"@id":"https:\/\/jtt.com.jo\/convention-center\/#primaryimage"},"thumbnailUrl":"https:\/\/jtt.com.jo\/wp-content\/uploads\/2022\/06\/Amman-Abdali2-900x600.jpg","datePublished":"2022-07-03T12:22:53+00:00","dateModified":"2025-10-01T11:02:33+00:00","breadcrumb":{"@id":"https:\/\/jtt.com.jo\/convention-center\/#breadcrumb"},"inLanguage":"fr-FR","potentialAction":[{"@type":"ReadAction","target":["https:\/\/jtt.com.jo\/convention-center\/"]}]},{"@type":"ImageObject","inLanguage":"fr-FR","@id":"https:\/\/jtt.com.jo\/convention-center\/#primaryimage","url":"https:\/\/jtt.com.jo\/wp-content\/uploads\/2022\/06\/Amman-Abdali2-900x600.jpg","contentUrl":"https:\/\/jtt.com.jo\/wp-content\/uploads\/2022\/06\/Amman-Abdali2-900x600.jpg","width":900,"height":600,"caption":"Jordan Program"},{"@type":"BreadcrumbList","@id":"https:\/\/jtt.com.jo\/convention-center\/#breadcrumb","itemListElement":[{"@type":"ListItem","position":1,"name":"Home","item":"https:\/\/jtt.com.jo\/"},{"@type":"ListItem","position":2,"name":"Convention Center"}]},{"@type":"WebSite","@id":"https:\/\/jtt.com.jo\/#website","url":"https:\/\/jtt.com.jo\/","name":"JTT Travel and Tourism","description":"Plan your trip to Jordan with us","potentialAction":[{"@type":"SearchAction","target":{"@type":"EntryPoint","urlTemplate":"https:\/\/jtt.com.jo\/?s={search_term_string}"},"query-input":{"@type":"PropertyValueSpecification","valueRequired":true,"valueName":"search_term_string"}}],"inLanguage":"fr-FR"}]}},"_links":{"self":[{"href":"https:\/\/jtt.com.jo\/fr\/wp-json\/wp\/v2\/pages\/12042","targetHints":{"allow":["GET"]}}],"collection":[{"href":"https:\/\/jtt.com.jo\/fr\/wp-json\/wp\/v2\/pages"}],"about":[{"href":"https:\/\/jtt.com.jo\/fr\/wp-json\/wp\/v2\/types\/page"}],"author":[{"embeddable":true,"href":"https:\/\/jtt.com.jo\/fr\/wp-json\/wp\/v2\/users\/1"}],"replies":[{"embeddable":true,"href":"https:\/\/jtt.com.jo\/fr\/wp-json\/wp\/v2\/comments?post=12042"}],"version-history":[{"count":6,"href":"https:\/\/jtt.com.jo\/fr\/wp-json\/wp\/v2\/pages\/12042\/revisions"}],"predecessor-version":[{"id":53274,"href":"https:\/\/jtt.com.jo\/fr\/wp-json\/wp\/v2\/pages\/12042\/revisions\/53274"}],"wp:featuredmedia":[{"embeddable":true,"href":"https:\/\/jtt.com.jo\/fr\/wp-json\/wp\/v2\/media\/11814"}],"wp:attachment":[{"href":"https:\/\/jtt.com.jo\/fr\/wp-json\/wp\/v2\/media?parent=12042"}],"curies":[{"name":"wp","href":"https:\/\/api.w.org\/{rel}","templated":true}]}}