{"id":39508,"date":"2024-05-09T08:04:41","date_gmt":"2024-05-09T05:04:41","guid":{"rendered":"https:\/\/jtt.com.jo\/?page_id=39508"},"modified":"2024-05-09T08:21:39","modified_gmt":"2024-05-09T05:21:39","slug":"meet-and-greet","status":"publish","type":"page","link":"https:\/\/jtt.com.jo\/fr\/meet-and-greet\/","title":{"rendered":"Rencontre et salutation"},"content":{"rendered":"<div data-elementor-type=\"wp-page\" data-elementor-id=\"39508\" class=\"elementor elementor-39508\" data-elementor-post-type=\"page\">\n\t\t\t\t<div class=\"elementor-element elementor-element-3e69c35e animated-slow e-flex e-con-boxed elementor-invisible e-con e-parent\" data-id=\"3e69c35e\" data-element_type=\"container\" data-settings=\"{&quot;background_background&quot;:&quot;classic&quot;,&quot;animation&quot;:&quot;fadeIn&quot;}\">\n\t\t\t\t\t<div class=\"e-con-inner\">\n\t\t\t\t<div class=\"elementor-element elementor-element-4430a384 elementor-invisible elementor-widget elementor-widget-heading\" data-id=\"4430a384\" data-element_type=\"widget\" data-settings=\"{&quot;_animation&quot;:&quot;fadeInUp&quot;}\" data-widget_type=\"heading.default\">\n\t\t\t\t<div class=\"elementor-widget-container\">\n\t\t\t\t\t<div class=\"elementor-heading-title elementor-size-default\">dans la baie paisible<\/div>\t\t\t\t<\/div>\n\t\t\t\t<\/div>\n\t\t\t\t<div class=\"elementor-element elementor-element-4b526f6e animated-slow elementor-invisible elementor-widget elementor-widget-heading\" data-id=\"4b526f6e\" data-element_type=\"widget\" data-settings=\"{&quot;_animation&quot;:&quot;fadeInUp&quot;,&quot;_animation_delay&quot;:300}\" data-widget_type=\"heading.default\">\n\t\t\t\t<div class=\"elementor-widget-container\">\n\t\t\t\t\t<h2 class=\"elementor-heading-title elementor-size-default\">Services d&#039;accueil en Jordanie <\/h2>\t\t\t\t<\/div>\n\t\t\t\t<\/div>\n\t\t\t\t<div class=\"elementor-element elementor-element-129bf545 elementor-widget__width-initial elementor-invisible elementor-widget elementor-widget-text-editor\" data-id=\"129bf545\" data-element_type=\"widget\" data-settings=\"{&quot;_animation&quot;:&quot;fadeInUp&quot;,&quot;_animation_delay&quot;:500}\" data-widget_type=\"text-editor.default\">\n\t\t\t\t<div class=\"elementor-widget-container\">\n\t\t\t\t\t\t\t\t\t<h3>Bienvenue chez JTT Meet &amp; Greet Services<\/h3><p>Chez JTT, nous comprenons la valeur d&#039;une exp\u00e9rience d&#039;arriv\u00e9e chaleureuse et fluide lorsque vous visitez la Jordanie. Nos services Meet &amp; Greet sont con\u00e7us pour vous offrir un voyage sans tracas, confortable et m\u00e9morable d\u00e8s le moment o\u00f9 vous posez le pied dans notre beau pays.<\/p>\t\t\t\t\t\t\t\t<\/div>\n\t\t\t\t<\/div>\n\t\t<div class=\"elementor-element elementor-element-4ab2eb71 e-flex e-con-boxed e-con e-child\" data-id=\"4ab2eb71\" data-element_type=\"container\">\n\t\t\t\t\t<div class=\"e-con-inner\">\n\t\t<div class=\"elementor-element elementor-element-25ca7a80 animated-slow e-flex e-con-boxed elementor-invisible e-con e-child\" data-id=\"25ca7a80\" data-element_type=\"container\" data-settings=\"{&quot;background_background&quot;:&quot;classic&quot;,&quot;animation&quot;:&quot;fadeIn&quot;,&quot;animation_delay&quot;:700,&quot;background_motion_fx_motion_fx_mouse&quot;:&quot;yes&quot;}\">\n\t\t\t\t\t<div class=\"e-con-inner\">\n\t\t\t\t<div class=\"elementor-element elementor-element-4ef2d154 elementor-widget elementor-widget-image\" data-id=\"4ef2d154\" data-element_type=\"widget\" data-widget_type=\"image.default\">\n\t\t\t\t<div class=\"elementor-widget-container\">\n\t\t\t\t\t\t\t\t\t\t\t\t\t\t\t<img decoding=\"async\" width=\"135\" height=\"62\" src=\"https:\/\/jtt.com.jo\/wp-content\/uploads\/2019\/05\/jtt-logo.png\" class=\"attachment-full size-full wp-image-13411\" alt=\"\" srcset=\"https:\/\/jtt.com.jo\/wp-content\/uploads\/2019\/05\/jtt-logo.png 135w, https:\/\/jtt.com.jo\/wp-content\/uploads\/2019\/05\/jtt-logo-600x275.png 600w, https:\/\/jtt.com.jo\/wp-content\/uploads\/2019\/05\/jtt-logo-768x352.png 768w\" sizes=\"(max-width: 135px) 100vw, 135px\" \/>\t\t\t\t\t\t\t\t\t\t\t\t\t\t\t<\/div>\n\t\t\t\t<\/div>\n\t\t\t\t<div class=\"elementor-element elementor-element-466e073a elementor-widget elementor-widget-heading\" data-id=\"466e073a\" data-element_type=\"widget\" data-widget_type=\"heading.default\">\n\t\t\t\t<div class=\"elementor-widget-container\">\n\t\t\t\t\t<h3 class=\"elementor-heading-title elementor-size-default\">Services \u00e0 l&#039;a\u00e9roport <\/h3>\t\t\t\t<\/div>\n\t\t\t\t<\/div>\n\t\t\t\t<div class=\"elementor-element elementor-element-14712de elementor-widget elementor-widget-text-editor\" data-id=\"14712de\" data-element_type=\"widget\" data-widget_type=\"text-editor.default\">\n\t\t\t\t<div class=\"elementor-widget-container\">\n\t\t\t\t\t\t\t\t\t<h4><strong>Accueil \u00e0 l&#039;a\u00e9roport<\/strong><\/h4><ul><li><p><strong>Assistance acc\u00e9l\u00e9r\u00e9e VIP<\/strong><\/p><ul><li>\u00c9vitez les files d\u2019attente et acc\u00e9l\u00e9rez votre processus d\u2019immigration gr\u00e2ce \u00e0 notre service acc\u00e9l\u00e9r\u00e9 exclusif.<\/li><li>Assistance personnalis\u00e9e lors des contr\u00f4les d&#039;immigration, de douane et de s\u00e9curit\u00e9.<\/li><\/ul><\/li><li><p><strong>Assistance \u00e0 l&#039;arriv\u00e9e<\/strong><\/p><ul><li>Un repr\u00e9sentant amical vous accueillera \u00e0 la porte d&#039;arriv\u00e9e avec un panneau nominatif personnalis\u00e9.<\/li><li>Assistance \u00e0 la r\u00e9cup\u00e9ration des bagages et service de portier.<\/li><li>Coordination avec le transport pour un transfert en douceur vers votre h\u00f4tel.<\/li><\/ul><\/li><li><p><strong>Assistance au d\u00e9part<\/strong><\/p><ul><li>Assistance acc\u00e9l\u00e9r\u00e9e en mati\u00e8re de s\u00e9curit\u00e9 et d\u2019immigration.<\/li><li>Aide \u00e0 l&#039;enregistrement des bagages et service de portier.<\/li><li>Accompagnez-nous au salon ou \u00e0 la porte d&#039;embarquement.<\/li><\/ul><\/li><\/ul>\t\t\t\t\t\t\t\t<\/div>\n\t\t\t\t<\/div>\n\t\t\t\t\t<\/div>\n\t\t\t\t<\/div>\n\t\t<div class=\"elementor-element elementor-element-5eb07a1a animated-slow e-flex e-con-boxed elementor-invisible e-con e-child\" data-id=\"5eb07a1a\" data-element_type=\"container\" data-settings=\"{&quot;background_background&quot;:&quot;classic&quot;,&quot;animation&quot;:&quot;fadeIn&quot;,&quot;animation_delay&quot;:700,&quot;background_motion_fx_motion_fx_mouse&quot;:&quot;yes&quot;}\">\n\t\t\t\t\t<div class=\"e-con-inner\">\n\t\t\t\t<div class=\"elementor-element elementor-element-7db6faaf elementor-widget elementor-widget-image\" data-id=\"7db6faaf\" data-element_type=\"widget\" data-widget_type=\"image.default\">\n\t\t\t\t<div class=\"elementor-widget-container\">\n\t\t\t\t\t\t\t\t\t\t\t\t\t\t\t<img decoding=\"async\" width=\"135\" height=\"62\" src=\"https:\/\/jtt.com.jo\/wp-content\/uploads\/2019\/05\/jtt-logo.png\" class=\"attachment-full size-full wp-image-13411\" alt=\"\" srcset=\"https:\/\/jtt.com.jo\/wp-content\/uploads\/2019\/05\/jtt-logo.png 135w, https:\/\/jtt.com.jo\/wp-content\/uploads\/2019\/05\/jtt-logo-600x275.png 600w, https:\/\/jtt.com.jo\/wp-content\/uploads\/2019\/05\/jtt-logo-768x352.png 768w\" sizes=\"(max-width: 135px) 100vw, 135px\" \/>\t\t\t\t\t\t\t\t\t\t\t\t\t\t\t<\/div>\n\t\t\t\t<\/div>\n\t\t\t\t<div class=\"elementor-element elementor-element-3a874ea8 elementor-widget elementor-widget-heading\" data-id=\"3a874ea8\" data-element_type=\"widget\" data-widget_type=\"heading.default\">\n\t\t\t\t<div class=\"elementor-widget-container\">\n\t\t\t\t\t<h3 class=\"elementor-heading-title elementor-size-default\">Services dans les h\u00f4tels<\/h3>\t\t\t\t<\/div>\n\t\t\t\t<\/div>\n\t\t\t\t<div class=\"elementor-element elementor-element-3c0d0ae elementor-widget elementor-widget-text-editor\" data-id=\"3c0d0ae\" data-element_type=\"widget\" data-widget_type=\"text-editor.default\">\n\t\t\t\t<div class=\"elementor-widget-container\">\n\t\t\t\t\t\t\t\t\t<h4><strong>Accueil \u00e0 l&#039;h\u00f4tel<\/strong><\/h4><ul><li>Accueil personnalis\u00e9 \u00e0 votre h\u00f4tel ou h\u00e9bergement.<\/li><li>Remise d&#039;un kit de bienvenue comprenant cartes, itin\u00e9raires et informations essentielles sur la Jordanie.<\/li><li>Assistance \u00e0 l&#039;enregistrement, \u00e0 la manutention des bagages et aux modalit\u00e9s de transport.<\/li><\/ul>\t\t\t\t\t\t\t\t<\/div>\n\t\t\t\t<\/div>\n\t\t\t\t\t<\/div>\n\t\t\t\t<\/div>\n\t\t\t\t\t<\/div>\n\t\t\t\t<\/div>\n\t\t\t\t\t<\/div>\n\t\t\t\t<\/div>\n\t\t<div class=\"elementor-element elementor-element-e568c73 animated-slow e-flex e-con-boxed elementor-invisible e-con e-parent\" data-id=\"e568c73\" data-element_type=\"container\" data-settings=\"{&quot;background_background&quot;:&quot;classic&quot;,&quot;animation&quot;:&quot;fadeIn&quot;}\">\n\t\t\t\t\t<div class=\"e-con-inner\">\n\t\t<div class=\"elementor-element elementor-element-54d7865 e-flex e-con-boxed e-con e-child\" data-id=\"54d7865\" data-element_type=\"container\">\n\t\t\t\t\t<div class=\"e-con-inner\">\n\t\t<div class=\"elementor-element elementor-element-b5428e6 animated-slow e-flex e-con-boxed elementor-invisible e-con e-child\" data-id=\"b5428e6\" data-element_type=\"container\" data-settings=\"{&quot;background_background&quot;:&quot;classic&quot;,&quot;animation&quot;:&quot;fadeIn&quot;,&quot;animation_delay&quot;:700,&quot;background_motion_fx_motion_fx_mouse&quot;:&quot;yes&quot;}\">\n\t\t\t\t\t<div class=\"e-con-inner\">\n\t\t\t\t<div class=\"elementor-element elementor-element-2c14fb9 elementor-widget elementor-widget-image\" data-id=\"2c14fb9\" data-element_type=\"widget\" data-widget_type=\"image.default\">\n\t\t\t\t<div class=\"elementor-widget-container\">\n\t\t\t\t\t\t\t\t\t\t\t\t\t\t\t<img decoding=\"async\" width=\"135\" height=\"62\" src=\"https:\/\/jtt.com.jo\/wp-content\/uploads\/2019\/05\/jtt-logo.png\" class=\"attachment-full size-full wp-image-13411\" alt=\"\" srcset=\"https:\/\/jtt.com.jo\/wp-content\/uploads\/2019\/05\/jtt-logo.png 135w, https:\/\/jtt.com.jo\/wp-content\/uploads\/2019\/05\/jtt-logo-600x275.png 600w, https:\/\/jtt.com.jo\/wp-content\/uploads\/2019\/05\/jtt-logo-768x352.png 768w\" sizes=\"(max-width: 135px) 100vw, 135px\" \/>\t\t\t\t\t\t\t\t\t\t\t\t\t\t\t<\/div>\n\t\t\t\t<\/div>\n\t\t\t\t<div class=\"elementor-element elementor-element-c000ecb elementor-widget elementor-widget-heading\" data-id=\"c000ecb\" data-element_type=\"widget\" data-widget_type=\"heading.default\">\n\t\t\t\t<div class=\"elementor-widget-container\">\n\t\t\t\t\t<h3 class=\"elementor-heading-title elementor-size-default\">Rencontre d&#039;entreprise<\/h3>\t\t\t\t<\/div>\n\t\t\t\t<\/div>\n\t\t\t\t<div class=\"elementor-element elementor-element-89106ec elementor-widget elementor-widget-text-editor\" data-id=\"89106ec\" data-element_type=\"widget\" data-widget_type=\"text-editor.default\">\n\t\t\t\t<div class=\"elementor-widget-container\">\n\t\t\t\t\t\t\t\t\t<ul><li><h4><strong>Rencontre d&#039;entreprise<\/strong><\/h4><ul><li>Services sur mesure pour les voyageurs d&#039;affaires, y compris l&#039;assistance VIP \u00e0 l&#039;a\u00e9roport et le transport ex\u00e9cutif.<\/li><li>Coordination de salles de r\u00e9union, salons d&#039;affaires et soutien logistique.<\/li><\/ul><\/li><\/ul>\t\t\t\t\t\t\t\t<\/div>\n\t\t\t\t<\/div>\n\t\t\t\t\t<\/div>\n\t\t\t\t<\/div>\n\t\t<div class=\"elementor-element elementor-element-8196c59 animated-slow e-flex e-con-boxed elementor-invisible e-con e-child\" data-id=\"8196c59\" data-element_type=\"container\" data-settings=\"{&quot;background_background&quot;:&quot;classic&quot;,&quot;animation&quot;:&quot;fadeIn&quot;,&quot;animation_delay&quot;:700,&quot;background_motion_fx_motion_fx_mouse&quot;:&quot;yes&quot;}\">\n\t\t\t\t\t<div class=\"e-con-inner\">\n\t\t\t\t<div class=\"elementor-element elementor-element-8647951 elementor-widget elementor-widget-image\" data-id=\"8647951\" data-element_type=\"widget\" data-widget_type=\"image.default\">\n\t\t\t\t<div class=\"elementor-widget-container\">\n\t\t\t\t\t\t\t\t\t\t\t\t\t\t\t<img decoding=\"async\" width=\"135\" height=\"62\" src=\"https:\/\/jtt.com.jo\/wp-content\/uploads\/2019\/05\/jtt-logo.png\" class=\"attachment-full size-full wp-image-13411\" alt=\"\" srcset=\"https:\/\/jtt.com.jo\/wp-content\/uploads\/2019\/05\/jtt-logo.png 135w, https:\/\/jtt.com.jo\/wp-content\/uploads\/2019\/05\/jtt-logo-600x275.png 600w, https:\/\/jtt.com.jo\/wp-content\/uploads\/2019\/05\/jtt-logo-768x352.png 768w\" sizes=\"(max-width: 135px) 100vw, 135px\" \/>\t\t\t\t\t\t\t\t\t\t\t\t\t\t\t<\/div>\n\t\t\t\t<\/div>\n\t\t\t\t<div class=\"elementor-element elementor-element-f109e9e elementor-widget elementor-widget-heading\" data-id=\"f109e9e\" data-element_type=\"widget\" data-widget_type=\"heading.default\">\n\t\t\t\t<div class=\"elementor-widget-container\">\n\t\t\t\t\t<h3 class=\"elementor-heading-title elementor-size-default\">Service de conciergerie VIP<\/h3>\t\t\t\t<\/div>\n\t\t\t\t<\/div>\n\t\t\t\t<div class=\"elementor-element elementor-element-70bc600 elementor-widget elementor-widget-text-editor\" data-id=\"70bc600\" data-element_type=\"widget\" data-widget_type=\"text-editor.default\">\n\t\t\t\t<div class=\"elementor-widget-container\">\n\t\t\t\t\t\t\t\t\t<h4><strong>Service de conciergerie VIP<\/strong><\/h4><ul><li>Planification d&#039;itin\u00e9raire personnalis\u00e9 pour les visites touristiques, les loisirs et les repas.<\/li><li>R\u00e9servation d&#039;exp\u00e9riences exclusives telles que des visites priv\u00e9es, des repas raffin\u00e9s et des soins de spa.<\/li><li>Assistance sur appel tout au long de votre s\u00e9jour en Jordanie.<\/li><\/ul>\t\t\t\t\t\t\t\t<\/div>\n\t\t\t\t<\/div>\n\t\t\t\t\t<\/div>\n\t\t\t\t<\/div>\n\t\t\t\t\t<\/div>\n\t\t\t\t<\/div>\n\t\t\t\t<div class=\"elementor-element elementor-element-668a51c elementor-align-center animated-slow elementor-invisible elementor-widget elementor-widget-button\" data-id=\"668a51c\" data-element_type=\"widget\" data-settings=\"{&quot;_animation&quot;:&quot;fadeInUp&quot;,&quot;_animation_delay&quot;:300}\" data-widget_type=\"button.default\">\n\t\t\t\t<div class=\"elementor-widget-container\">\n\t\t\t\t\t\t\t\t\t<div class=\"elementor-button-wrapper\">\n\t\t\t\t\t<a class=\"elementor-button elementor-button-link elementor-size-sm\" href=\"\/fr\/about-us\/\">\n\t\t\t\t\t\t<span class=\"elementor-button-content-wrapper\">\n\t\t\t\t\t\t\t\t\t<span class=\"elementor-button-text\">voir toutes les offres<\/span>\n\t\t\t\t\t<\/span>\n\t\t\t\t\t<\/a>\n\t\t\t\t<\/div>\n\t\t\t\t\t\t\t\t<\/div>\n\t\t\t\t<\/div>\n\t\t\t\t\t<\/div>\n\t\t\t\t<\/div>\n\t\t\t\t<\/div>","protected":false},"excerpt":{"rendered":"<p>in the peaceful bay Meet &#038; Greet Services in Jordan Welcome to JTT Meet &amp; Greet Services At JTT, we understand the value of a warm and seamless arrival experience when you visit Jordan. Our Meet &amp; Greet services are designed to provide you with a hassle-free, comfortable, and memorable journey from the moment you [&hellip;]<\/p>","protected":false},"author":1,"featured_media":37828,"parent":0,"menu_order":0,"comment_status":"closed","ping_status":"closed","template":"","meta":{"footnotes":""},"class_list":["post-39508","page","type-page","status-publish","has-post-thumbnail","hentry"],"yoast_head":"<!-- This site is optimized with the Yoast SEO plugin v26.2 - https:\/\/yoast.com\/wordpress\/plugins\/seo\/ -->\n<title>Meet and Greet - JTT Travel and Tourism<\/title>\n<meta name=\"robots\" content=\"index, follow, max-snippet:-1, max-image-preview:large, max-video-preview:-1\" \/>\n<link rel=\"canonical\" href=\"https:\/\/jtt.com.jo\/fr\/meet-and-greet\/\" \/>\n<meta property=\"og:locale\" content=\"fr_FR\" \/>\n<meta property=\"og:type\" content=\"article\" \/>\n<meta property=\"og:title\" content=\"Meet and Greet - JTT Travel and Tourism\" \/>\n<meta property=\"og:description\" content=\"in the peaceful bay Meet &#038; Greet Services in Jordan Welcome to JTT Meet &amp; Greet Services At JTT, we understand the value of a warm and seamless arrival experience when you visit Jordan. Our Meet &amp; Greet services are designed to provide you with a hassle-free, comfortable, and memorable journey from the moment you [&hellip;]\" \/>\n<meta property=\"og:url\" content=\"https:\/\/jtt.com.jo\/fr\/meet-and-greet\/\" \/>\n<meta property=\"og:site_name\" content=\"JTT Travel and Tourism\" \/>\n<meta property=\"article:modified_time\" content=\"2024-05-09T05:21:39+00:00\" \/>\n<meta property=\"og:image\" content=\"https:\/\/jtt.com.jo\/wp-content\/uploads\/2024\/03\/lady-in-desert-2024-01-29-22-32-49-utc.jpg\" \/>\n\t<meta property=\"og:image:width\" content=\"900\" \/>\n\t<meta property=\"og:image:height\" content=\"624\" \/>\n\t<meta property=\"og:image:type\" content=\"image\/jpeg\" \/>\n<meta name=\"twitter:card\" content=\"summary_large_image\" \/>\n<meta name=\"twitter:label1\" content=\"Dur\u00e9e de lecture estim\u00e9e\" \/>\n\t<meta name=\"twitter:data1\" content=\"2 minutes\" \/>\n<script type=\"application\/ld+json\" class=\"yoast-schema-graph\">{\"@context\":\"https:\/\/schema.org\",\"@graph\":[{\"@type\":\"WebPage\",\"@id\":\"https:\/\/jtt.com.jo\/meet-and-greet\/\",\"url\":\"https:\/\/jtt.com.jo\/meet-and-greet\/\",\"name\":\"Meet and Greet - JTT Travel and Tourism\",\"isPartOf\":{\"@id\":\"https:\/\/jtt.com.jo\/#website\"},\"primaryImageOfPage\":{\"@id\":\"https:\/\/jtt.com.jo\/meet-and-greet\/#primaryimage\"},\"image\":{\"@id\":\"https:\/\/jtt.com.jo\/meet-and-greet\/#primaryimage\"},\"thumbnailUrl\":\"https:\/\/jtt.com.jo\/wp-content\/uploads\/2024\/03\/lady-in-desert-2024-01-29-22-32-49-utc.jpg\",\"datePublished\":\"2024-05-09T05:04:41+00:00\",\"dateModified\":\"2024-05-09T05:21:39+00:00\",\"breadcrumb\":{\"@id\":\"https:\/\/jtt.com.jo\/meet-and-greet\/#breadcrumb\"},\"inLanguage\":\"fr-FR\",\"potentialAction\":[{\"@type\":\"ReadAction\",\"target\":[\"https:\/\/jtt.com.jo\/meet-and-greet\/\"]}]},{\"@type\":\"ImageObject\",\"inLanguage\":\"fr-FR\",\"@id\":\"https:\/\/jtt.com.jo\/meet-and-greet\/#primaryimage\",\"url\":\"https:\/\/jtt.com.jo\/wp-content\/uploads\/2024\/03\/lady-in-desert-2024-01-29-22-32-49-utc.jpg\",\"contentUrl\":\"https:\/\/jtt.com.jo\/wp-content\/uploads\/2024\/03\/lady-in-desert-2024-01-29-22-32-49-utc.jpg\",\"width\":900,\"height\":624},{\"@type\":\"BreadcrumbList\",\"@id\":\"https:\/\/jtt.com.jo\/meet-and-greet\/#breadcrumb\",\"itemListElement\":[{\"@type\":\"ListItem\",\"position\":1,\"name\":\"Home\",\"item\":\"https:\/\/jtt.com.jo\/\"},{\"@type\":\"ListItem\",\"position\":2,\"name\":\"Meet and Greet\"}]},{\"@type\":\"WebSite\",\"@id\":\"https:\/\/jtt.com.jo\/#website\",\"url\":\"https:\/\/jtt.com.jo\/\",\"name\":\"JTT Travel and Tourism\",\"description\":\"Plan your trip to Jordan with us\",\"potentialAction\":[{\"@type\":\"SearchAction\",\"target\":{\"@type\":\"EntryPoint\",\"urlTemplate\":\"https:\/\/jtt.com.jo\/?s={search_term_string}\"},\"query-input\":{\"@type\":\"PropertyValueSpecification\",\"valueRequired\":true,\"valueName\":\"search_term_string\"}}],\"inLanguage\":\"fr-FR\"}]}<\/script>\n<!-- \/ Yoast SEO plugin. -->","yoast_head_json":{"title":"Meet and Greet - JTT Travel and Tourism","robots":{"index":"index","follow":"follow","max-snippet":"max-snippet:-1","max-image-preview":"max-image-preview:large","max-video-preview":"max-video-preview:-1"},"canonical":"https:\/\/jtt.com.jo\/fr\/meet-and-greet\/","og_locale":"fr_FR","og_type":"article","og_title":"Meet and Greet - JTT Travel and Tourism","og_description":"in the peaceful bay Meet &#038; Greet Services in Jordan Welcome to JTT Meet &amp; Greet Services At JTT, we understand the value of a warm and seamless arrival experience when you visit Jordan. Our Meet &amp; Greet services are designed to provide you with a hassle-free, comfortable, and memorable journey from the moment you [&hellip;]","og_url":"https:\/\/jtt.com.jo\/fr\/meet-and-greet\/","og_site_name":"JTT Travel and Tourism","article_modified_time":"2024-05-09T05:21:39+00:00","og_image":[{"width":900,"height":624,"url":"https:\/\/jtt.com.jo\/wp-content\/uploads\/2024\/03\/lady-in-desert-2024-01-29-22-32-49-utc.jpg","type":"image\/jpeg"}],"twitter_card":"summary_large_image","twitter_misc":{"Dur\u00e9e de lecture estim\u00e9e":"2 minutes"},"schema":{"@context":"https:\/\/schema.org","@graph":[{"@type":"WebPage","@id":"https:\/\/jtt.com.jo\/meet-and-greet\/","url":"https:\/\/jtt.com.jo\/meet-and-greet\/","name":"Meet and Greet - JTT Travel and Tourism","isPartOf":{"@id":"https:\/\/jtt.com.jo\/#website"},"primaryImageOfPage":{"@id":"https:\/\/jtt.com.jo\/meet-and-greet\/#primaryimage"},"image":{"@id":"https:\/\/jtt.com.jo\/meet-and-greet\/#primaryimage"},"thumbnailUrl":"https:\/\/jtt.com.jo\/wp-content\/uploads\/2024\/03\/lady-in-desert-2024-01-29-22-32-49-utc.jpg","datePublished":"2024-05-09T05:04:41+00:00","dateModified":"2024-05-09T05:21:39+00:00","breadcrumb":{"@id":"https:\/\/jtt.com.jo\/meet-and-greet\/#breadcrumb"},"inLanguage":"fr-FR","potentialAction":[{"@type":"ReadAction","target":["https:\/\/jtt.com.jo\/meet-and-greet\/"]}]},{"@type":"ImageObject","inLanguage":"fr-FR","@id":"https:\/\/jtt.com.jo\/meet-and-greet\/#primaryimage","url":"https:\/\/jtt.com.jo\/wp-content\/uploads\/2024\/03\/lady-in-desert-2024-01-29-22-32-49-utc.jpg","contentUrl":"https:\/\/jtt.com.jo\/wp-content\/uploads\/2024\/03\/lady-in-desert-2024-01-29-22-32-49-utc.jpg","width":900,"height":624},{"@type":"BreadcrumbList","@id":"https:\/\/jtt.com.jo\/meet-and-greet\/#breadcrumb","itemListElement":[{"@type":"ListItem","position":1,"name":"Home","item":"https:\/\/jtt.com.jo\/"},{"@type":"ListItem","position":2,"name":"Meet and Greet"}]},{"@type":"WebSite","@id":"https:\/\/jtt.com.jo\/#website","url":"https:\/\/jtt.com.jo\/","name":"JTT Travel and Tourism","description":"Plan your trip to Jordan with us","potentialAction":[{"@type":"SearchAction","target":{"@type":"EntryPoint","urlTemplate":"https:\/\/jtt.com.jo\/?s={search_term_string}"},"query-input":{"@type":"PropertyValueSpecification","valueRequired":true,"valueName":"search_term_string"}}],"inLanguage":"fr-FR"}]}},"_links":{"self":[{"href":"https:\/\/jtt.com.jo\/fr\/wp-json\/wp\/v2\/pages\/39508","targetHints":{"allow":["GET"]}}],"collection":[{"href":"https:\/\/jtt.com.jo\/fr\/wp-json\/wp\/v2\/pages"}],"about":[{"href":"https:\/\/jtt.com.jo\/fr\/wp-json\/wp\/v2\/types\/page"}],"author":[{"embeddable":true,"href":"https:\/\/jtt.com.jo\/fr\/wp-json\/wp\/v2\/users\/1"}],"replies":[{"embeddable":true,"href":"https:\/\/jtt.com.jo\/fr\/wp-json\/wp\/v2\/comments?post=39508"}],"version-history":[{"count":0,"href":"https:\/\/jtt.com.jo\/fr\/wp-json\/wp\/v2\/pages\/39508\/revisions"}],"wp:featuredmedia":[{"embeddable":true,"href":"https:\/\/jtt.com.jo\/fr\/wp-json\/wp\/v2\/media\/37828"}],"wp:attachment":[{"href":"https:\/\/jtt.com.jo\/fr\/wp-json\/wp\/v2\/media?parent=39508"}],"curies":[{"name":"wp","href":"https:\/\/api.w.org\/{rel}","templated":true}]}}