{"id":9107,"date":"2019-02-18T06:43:34","date_gmt":"2019-02-18T06:43:34","guid":{"rendered":"https:\/\/mixmap.wpengine.com\/?page_id=9107"},"modified":"2022-03-23T04:03:42","modified_gmt":"2022-03-23T04:03:42","slug":"top-search-layout-activity","status":"publish","type":"page","link":"https:\/\/jtt.com.jo\/fr\/top-search-layout-activity\/","title":{"rendered":"Pr\u00e9sentation de la recherche sup\u00e9rieure [Activit\u00e9]"},"content":{"rendered":"","protected":false},"excerpt":{"rendered":"","protected":false},"author":1,"featured_media":0,"parent":0,"menu_order":0,"comment_status":"closed","ping_status":"closed","template":"template-activity-search.php","meta":{"footnotes":""},"class_list":["post-9107","page","type-page","status-publish","has-post-thumbnail","hentry"],"yoast_head":"<!-- This site is optimized with the Yoast SEO plugin v26.2 - https:\/\/yoast.com\/wordpress\/plugins\/seo\/ -->\n<title>Top Search Layout [Activity] - JTT Travel and Tourism<\/title>\n<meta name=\"robots\" content=\"index, follow, max-snippet:-1, max-image-preview:large, max-video-preview:-1\" \/>\n<link rel=\"canonical\" href=\"https:\/\/jtt.com.jo\/fr\/top-search-layout-activity\/\" \/>\n<meta property=\"og:locale\" content=\"fr_FR\" \/>\n<meta property=\"og:type\" content=\"article\" \/>\n<meta property=\"og:title\" content=\"Top Search Layout [Activity] - JTT Travel and Tourism\" \/>\n<meta property=\"og:url\" content=\"https:\/\/jtt.com.jo\/fr\/top-search-layout-activity\/\" \/>\n<meta property=\"og:site_name\" content=\"JTT Travel and Tourism\" \/>\n<meta property=\"article:modified_time\" content=\"2022-03-23T04:03:42+00:00\" \/>\n<meta name=\"twitter:card\" content=\"summary_large_image\" \/>\n<script type=\"application\/ld+json\" class=\"yoast-schema-graph\">{\"@context\":\"https:\/\/schema.org\",\"@graph\":[{\"@type\":\"WebPage\",\"@id\":\"https:\/\/jtt.com.jo\/top-search-layout-activity\/\",\"url\":\"https:\/\/jtt.com.jo\/top-search-layout-activity\/\",\"name\":\"Top Search Layout [Activity] - JTT Travel and Tourism\",\"isPartOf\":{\"@id\":\"https:\/\/jtt.com.jo\/#website\"},\"datePublished\":\"2019-02-18T06:43:34+00:00\",\"dateModified\":\"2022-03-23T04:03:42+00:00\",\"breadcrumb\":{\"@id\":\"https:\/\/jtt.com.jo\/top-search-layout-activity\/#breadcrumb\"},\"inLanguage\":\"fr-FR\",\"potentialAction\":[{\"@type\":\"ReadAction\",\"target\":[\"https:\/\/jtt.com.jo\/top-search-layout-activity\/\"]}]},{\"@type\":\"BreadcrumbList\",\"@id\":\"https:\/\/jtt.com.jo\/top-search-layout-activity\/#breadcrumb\",\"itemListElement\":[{\"@type\":\"ListItem\",\"position\":1,\"name\":\"Home\",\"item\":\"https:\/\/jtt.com.jo\/\"},{\"@type\":\"ListItem\",\"position\":2,\"name\":\"Top Search Layout [Activity]\"}]},{\"@type\":\"WebSite\",\"@id\":\"https:\/\/jtt.com.jo\/#website\",\"url\":\"https:\/\/jtt.com.jo\/\",\"name\":\"JTT Travel and Tourism\",\"description\":\"Plan your trip to Jordan with us\",\"potentialAction\":[{\"@type\":\"SearchAction\",\"target\":{\"@type\":\"EntryPoint\",\"urlTemplate\":\"https:\/\/jtt.com.jo\/?s={search_term_string}\"},\"query-input\":{\"@type\":\"PropertyValueSpecification\",\"valueRequired\":true,\"valueName\":\"search_term_string\"}}],\"inLanguage\":\"fr-FR\"}]}<\/script>\n<!-- \/ Yoast SEO plugin. -->","yoast_head_json":{"title":"Top Search Layout [Activity] - JTT Travel and Tourism","robots":{"index":"index","follow":"follow","max-snippet":"max-snippet:-1","max-image-preview":"max-image-preview:large","max-video-preview":"max-video-preview:-1"},"canonical":"https:\/\/jtt.com.jo\/fr\/top-search-layout-activity\/","og_locale":"fr_FR","og_type":"article","og_title":"Top Search Layout [Activity] - JTT Travel and Tourism","og_url":"https:\/\/jtt.com.jo\/fr\/top-search-layout-activity\/","og_site_name":"JTT Travel and Tourism","article_modified_time":"2022-03-23T04:03:42+00:00","twitter_card":"summary_large_image","schema":{"@context":"https:\/\/schema.org","@graph":[{"@type":"WebPage","@id":"https:\/\/jtt.com.jo\/top-search-layout-activity\/","url":"https:\/\/jtt.com.jo\/top-search-layout-activity\/","name":"Top Search Layout [Activity] - JTT Travel and Tourism","isPartOf":{"@id":"https:\/\/jtt.com.jo\/#website"},"datePublished":"2019-02-18T06:43:34+00:00","dateModified":"2022-03-23T04:03:42+00:00","breadcrumb":{"@id":"https:\/\/jtt.com.jo\/top-search-layout-activity\/#breadcrumb"},"inLanguage":"fr-FR","potentialAction":[{"@type":"ReadAction","target":["https:\/\/jtt.com.jo\/top-search-layout-activity\/"]}]},{"@type":"BreadcrumbList","@id":"https:\/\/jtt.com.jo\/top-search-layout-activity\/#breadcrumb","itemListElement":[{"@type":"ListItem","position":1,"name":"Home","item":"https:\/\/jtt.com.jo\/"},{"@type":"ListItem","position":2,"name":"Top Search Layout [Activity]"}]},{"@type":"WebSite","@id":"https:\/\/jtt.com.jo\/#website","url":"https:\/\/jtt.com.jo\/","name":"JTT Travel and Tourism","description":"Plan your trip to Jordan with us","potentialAction":[{"@type":"SearchAction","target":{"@type":"EntryPoint","urlTemplate":"https:\/\/jtt.com.jo\/?s={search_term_string}"},"query-input":{"@type":"PropertyValueSpecification","valueRequired":true,"valueName":"search_term_string"}}],"inLanguage":"fr-FR"}]}},"_links":{"self":[{"href":"https:\/\/jtt.com.jo\/fr\/wp-json\/wp\/v2\/pages\/9107","targetHints":{"allow":["GET"]}}],"collection":[{"href":"https:\/\/jtt.com.jo\/fr\/wp-json\/wp\/v2\/pages"}],"about":[{"href":"https:\/\/jtt.com.jo\/fr\/wp-json\/wp\/v2\/types\/page"}],"author":[{"embeddable":true,"href":"https:\/\/jtt.com.jo\/fr\/wp-json\/wp\/v2\/users\/1"}],"replies":[{"embeddable":true,"href":"https:\/\/jtt.com.jo\/fr\/wp-json\/wp\/v2\/comments?post=9107"}],"version-history":[{"count":0,"href":"https:\/\/jtt.com.jo\/fr\/wp-json\/wp\/v2\/pages\/9107\/revisions"}],"wp:attachment":[{"href":"https:\/\/jtt.com.jo\/fr\/wp-json\/wp\/v2\/media?parent=9107"}],"curies":[{"name":"wp","href":"https:\/\/api.w.org\/{rel}","templated":true}]}}