{"id":10974,"date":"2022-06-06T16:41:29","date_gmt":"2022-06-06T13:41:29","guid":{"rendered":"https:\/\/jtt.abralkon.com\/?page_id=10974"},"modified":"2022-06-06T16:54:14","modified_gmt":"2022-06-06T13:54:14","slug":"about-us-2","status":"publish","type":"page","link":"https:\/\/jtt.com.jo\/ro\/about-us-2\/","title":{"rendered":"Despre noi"},"content":{"rendered":"<div data-elementor-type=\"wp-page\" data-elementor-id=\"10974\" class=\"elementor elementor-10974\" data-elementor-post-type=\"page\">\n\t\t\t\t\t\t<section class=\"elementor-section elementor-top-section elementor-element elementor-element-300945a elementor-section-boxed elementor-section-height-default elementor-section-height-default\" data-id=\"300945a\" data-element_type=\"section\">\n\t\t\t\t\t\t<div class=\"elementor-container elementor-column-gap-default\">\n\t\t\t\t\t<div class=\"elementor-column elementor-col-100 elementor-top-column elementor-element elementor-element-bb54002\" data-id=\"bb54002\" data-element_type=\"column\">\n\t\t\t<div class=\"elementor-widget-wrap elementor-element-populated\">\n\t\t\t\t\t\t<div class=\"elementor-element elementor-element-6c54019 elementor-widget elementor-widget-heading\" data-id=\"6c54019\" data-element_type=\"widget\" data-widget_type=\"heading.default\">\n\t\t\t\t<div class=\"elementor-widget-container\">\n\t\t\t\t\t<h1 class=\"elementor-heading-title elementor-size-default\">Despre noi<\/h1>\t\t\t\t<\/div>\n\t\t\t\t<\/div>\n\t\t\t\t\t<\/div>\n\t\t<\/div>\n\t\t\t\t\t<\/div>\n\t\t<\/section>\n\t\t\t\t<section class=\"elementor-section elementor-top-section elementor-element elementor-element-658ff02 elementor-section-boxed elementor-section-height-default elementor-section-height-default\" data-id=\"658ff02\" data-element_type=\"section\">\n\t\t\t\t\t\t<div class=\"elementor-container elementor-column-gap-default\">\n\t\t\t\t\t<div class=\"elementor-column elementor-col-100 elementor-top-column elementor-element elementor-element-4341c29\" data-id=\"4341c29\" data-element_type=\"column\">\n\t\t\t<div class=\"elementor-widget-wrap elementor-element-populated\">\n\t\t\t\t\t\t<div class=\"elementor-element elementor-element-d05b0b0 elementor-widget elementor-widget-text-editor\" data-id=\"d05b0b0\" data-element_type=\"widget\" data-widget_type=\"text-editor.default\">\n\t\t\t\t<div class=\"elementor-widget-container\">\n\t\t\t\t\t\t\t\t\t<div class=\"col-lg-12 col-md-12 col-sm-12 col-xs-12 rp-0 lp-0 section-header\"><div class=\"container\"><span style=\"font-size: 18pt;\">JTT Travel and Tourism (JTT) este o companie mo\u0219tenit\u0103 de la Jordan Express Tourist Transport (JETT), care a fost \u00eenfiin\u021bat\u0103 \u00een 1966, \u00een cadrul grupului Zara din Iordania, care de\u021bine \u0219i opereaz\u0103 hoteluri de cinci stele \u00een Amman, Marea Moart\u0103 \u0219i Petra, Aqaba \u0219i Betleem, precum \u0219i un hotel de patru stele din Ierusalim.<\/span><\/div><\/div>\t\t\t\t\t\t\t\t<\/div>\n\t\t\t\t<\/div>\n\t\t\t\t\t<\/div>\n\t\t<\/div>\n\t\t\t\t\t<\/div>\n\t\t<\/section>\n\t\t\t\t<section class=\"elementor-section elementor-top-section elementor-element elementor-element-87dfac5 elementor-section-boxed elementor-section-height-default elementor-section-height-default\" data-id=\"87dfac5\" data-element_type=\"section\">\n\t\t\t\t\t\t<div class=\"elementor-container elementor-column-gap-default\">\n\t\t\t\t\t<div class=\"elementor-column elementor-col-100 elementor-top-column elementor-element elementor-element-75d0704\" data-id=\"75d0704\" data-element_type=\"column\">\n\t\t\t<div class=\"elementor-widget-wrap elementor-element-populated\">\n\t\t\t\t\t\t<div class=\"elementor-element elementor-element-f9437c2 elementor-widget elementor-widget-heading\" data-id=\"f9437c2\" data-element_type=\"widget\" data-widget_type=\"heading.default\">\n\t\t\t\t<div class=\"elementor-widget-container\">\n\t\t\t\t\t<h1 class=\"elementor-heading-title elementor-size-default\">Ce facem ?<\/h1>\t\t\t\t<\/div>\n\t\t\t\t<\/div>\n\t\t\t\t\t<\/div>\n\t\t<\/div>\n\t\t\t\t\t<\/div>\n\t\t<\/section>\n\t\t\t\t<section class=\"elementor-section elementor-top-section elementor-element elementor-element-ed80324 elementor-section-boxed elementor-section-height-default elementor-section-height-default\" data-id=\"ed80324\" data-element_type=\"section\" data-settings=\"{&quot;background_background&quot;:&quot;classic&quot;}\">\n\t\t\t\t\t\t\t<div class=\"elementor-background-overlay\"><\/div>\n\t\t\t\t\t\t\t<div class=\"elementor-container elementor-column-gap-default\">\n\t\t\t\t\t<div class=\"elementor-column elementor-col-100 elementor-top-column elementor-element elementor-element-4453d53\" data-id=\"4453d53\" data-element_type=\"column\">\n\t\t\t<div class=\"elementor-widget-wrap elementor-element-populated\">\n\t\t\t\t\t\t<div class=\"elementor-element elementor-element-4ec00fc elementor-widget elementor-widget-text-editor\" data-id=\"4ec00fc\" data-element_type=\"widget\" data-widget_type=\"text-editor.default\">\n\t\t\t\t<div class=\"elementor-widget-container\">\n\t\t\t\t\t\t\t\t\t<p><span style=\"font-size: 18pt;\">JTT Travel &amp; Tourism ar trebui s\u0103 fie alegerea ta atunci c\u00e2nd planifica\u021bi o c\u0103l\u0103torie \u00een Iordania. Echipa noastr\u0103 instruit\u0103 \u0219i experimentat\u0103 organizeaz\u0103 \u0219i supravegheaz\u0103 toate detaliile pentru a asigura o vizit\u0103 f\u0103r\u0103 probleme. Oferim servicii de \u00eenalt\u0103 calitate \u0219i avem de-a face numai cu cei mai buni furnizori pentru a ne asigura c\u0103 vacan\u021ba dumneavoastr\u0103 este cea mai bun\u0103! Noi facem treaba ca s\u0103 nu fii nevoit s\u0103 faci!<\/span><\/p><p><span style=\"font-size: 18pt;\">Pe l\u00e2ng\u0103 serviciile de transport, JTT ofer\u0103, de asemenea, tururi zilnice \u0219i pachete interesante la pre\u021buri accesibile \u00een diferite loca\u021bii din Iordania.<\/span><\/p><p><span style=\"font-size: 18pt;\">Dac\u0103 organiza\u021bi un eveniment special sau o conferin\u021b\u0103, echipa noastr\u0103 v\u0103 va ajuta de la A la Z! Serviciile noastre includ aranjarea transportului pentru oaspe\u021bii \u0219i participan\u021bii dvs., sprijinirea nevoilor de \u00eenregistrare, alimente \u0219i b\u0103uturi, decor \u0219i amenajarea evenimentului, cerin\u021be audio-vizuale. Nu numai c\u0103 v\u0103 putem ajuta s\u0103 g\u0103si\u021bi cel mai bun site pentru evenimentul dvs., dar v\u0103 putem ajuta \u0219i s\u0103 g\u0103si\u021bi cea mai bun\u0103 ofert\u0103 \u0219i s\u0103 aranja\u021bi ceea ce ave\u021bi nevoie pentru ca evenimentul dvs. s\u0103 fie un succes. \u00cen plus, echipa noastr\u0103 v\u0103 poate ajuta \u00een logistic\u0103 care v\u0103 va ajuta s\u0103 v\u0103 elibera\u021bi timp pentru a v\u0103 concentra asupra evenimentului, cum ar fi documente pentru v\u0103muirea, v\u0103 poate oferi experien\u021b\u0103 de gestionare a evenimentelor la fa\u021ba locului \u0219i ne putem asigura c\u0103 r\u0103m\u00e2ne\u021bi la buget!\u00a0<\/span><\/p>\t\t\t\t\t\t\t\t<\/div>\n\t\t\t\t<\/div>\n\t\t\t\t\t<\/div>\n\t\t<\/div>\n\t\t\t\t\t<\/div>\n\t\t<\/section>\n\t\t\t\t<\/div>","protected":false},"excerpt":{"rendered":"<p>About us JTT Travel and Tourism (JTT) is an inherited company from Jordan Express Tourist Transport (JETT) that Established in 1966, within the Zara Group in Jordan, which owns and operates five-star hotels in Amman, Dead Sea, and Petra, Aqaba and Bethlehem as well as a four-star hotel in Jerusalem. What we do ? JTT [&hellip;]<\/p>","protected":false},"author":37,"featured_media":10768,"parent":0,"menu_order":0,"comment_status":"closed","ping_status":"closed","template":"","meta":{"footnotes":""},"class_list":["post-10974","page","type-page","status-publish","has-post-thumbnail","hentry"],"yoast_head":"<!-- This site is optimized with the Yoast SEO plugin v26.2 - https:\/\/yoast.com\/wordpress\/plugins\/seo\/ -->\n<title>About us - JTT Travel and Tourism<\/title>\n<meta name=\"robots\" content=\"index, follow, max-snippet:-1, max-image-preview:large, max-video-preview:-1\" \/>\n<link rel=\"canonical\" href=\"https:\/\/jtt.com.jo\/ro\/about-us-2\/\" \/>\n<meta property=\"og:locale\" content=\"ro_RO\" \/>\n<meta property=\"og:type\" content=\"article\" \/>\n<meta property=\"og:title\" content=\"About us - JTT Travel and Tourism\" \/>\n<meta property=\"og:description\" content=\"About us JTT Travel and Tourism (JTT) is an inherited company from Jordan Express Tourist Transport (JETT) that Established in 1966, within the Zara Group in Jordan, which owns and operates five-star hotels in Amman, Dead Sea, and Petra, Aqaba and Bethlehem as well as a four-star hotel in Jerusalem. What we do ? JTT [&hellip;]\" \/>\n<meta property=\"og:url\" content=\"https:\/\/jtt.com.jo\/ro\/about-us-2\/\" \/>\n<meta property=\"og:site_name\" content=\"JTT Travel and Tourism\" \/>\n<meta property=\"article:modified_time\" content=\"2022-06-06T13:54:14+00:00\" \/>\n<meta property=\"og:image\" content=\"https:\/\/jtt.com.jo\/wp-content\/uploads\/2019\/05\/logo-793x298.jpeg\" \/>\n\t<meta property=\"og:image:width\" content=\"793\" \/>\n\t<meta property=\"og:image:height\" content=\"298\" \/>\n\t<meta property=\"og:image:type\" content=\"image\/jpeg\" \/>\n<meta name=\"twitter:card\" content=\"summary_large_image\" \/>\n<meta name=\"twitter:label1\" content=\"Timp estimat pentru citire\" \/>\n\t<meta name=\"twitter:data1\" content=\"2 minute\" \/>\n<script type=\"application\/ld+json\" class=\"yoast-schema-graph\">{\"@context\":\"https:\/\/schema.org\",\"@graph\":[{\"@type\":\"WebPage\",\"@id\":\"https:\/\/jtt.com.jo\/about-us-2\/\",\"url\":\"https:\/\/jtt.com.jo\/about-us-2\/\",\"name\":\"About us - JTT Travel and Tourism\",\"isPartOf\":{\"@id\":\"https:\/\/jtt.com.jo\/#website\"},\"primaryImageOfPage\":{\"@id\":\"https:\/\/jtt.com.jo\/about-us-2\/#primaryimage\"},\"image\":{\"@id\":\"https:\/\/jtt.com.jo\/about-us-2\/#primaryimage\"},\"thumbnailUrl\":\"https:\/\/jtt.com.jo\/wp-content\/uploads\/2019\/05\/logo-793x298.jpeg\",\"datePublished\":\"2022-06-06T13:41:29+00:00\",\"dateModified\":\"2022-06-06T13:54:14+00:00\",\"breadcrumb\":{\"@id\":\"https:\/\/jtt.com.jo\/about-us-2\/#breadcrumb\"},\"inLanguage\":\"ro-RO\",\"potentialAction\":[{\"@type\":\"ReadAction\",\"target\":[\"https:\/\/jtt.com.jo\/about-us-2\/\"]}]},{\"@type\":\"ImageObject\",\"inLanguage\":\"ro-RO\",\"@id\":\"https:\/\/jtt.com.jo\/about-us-2\/#primaryimage\",\"url\":\"https:\/\/jtt.com.jo\/wp-content\/uploads\/2019\/05\/logo-793x298.jpeg\",\"contentUrl\":\"https:\/\/jtt.com.jo\/wp-content\/uploads\/2019\/05\/logo-793x298.jpeg\",\"width\":793,\"height\":298,\"caption\":\"Jett Logo\"},{\"@type\":\"BreadcrumbList\",\"@id\":\"https:\/\/jtt.com.jo\/about-us-2\/#breadcrumb\",\"itemListElement\":[{\"@type\":\"ListItem\",\"position\":1,\"name\":\"Home\",\"item\":\"https:\/\/jtt.com.jo\/\"},{\"@type\":\"ListItem\",\"position\":2,\"name\":\"About us\"}]},{\"@type\":\"WebSite\",\"@id\":\"https:\/\/jtt.com.jo\/#website\",\"url\":\"https:\/\/jtt.com.jo\/\",\"name\":\"JTT Travel and Tourism\",\"description\":\"Plan your trip to Jordan with us\",\"potentialAction\":[{\"@type\":\"SearchAction\",\"target\":{\"@type\":\"EntryPoint\",\"urlTemplate\":\"https:\/\/jtt.com.jo\/?s={search_term_string}\"},\"query-input\":{\"@type\":\"PropertyValueSpecification\",\"valueRequired\":true,\"valueName\":\"search_term_string\"}}],\"inLanguage\":\"ro-RO\"}]}<\/script>\n<!-- \/ Yoast SEO plugin. -->","yoast_head_json":{"title":"About us - JTT Travel and Tourism","robots":{"index":"index","follow":"follow","max-snippet":"max-snippet:-1","max-image-preview":"max-image-preview:large","max-video-preview":"max-video-preview:-1"},"canonical":"https:\/\/jtt.com.jo\/ro\/about-us-2\/","og_locale":"ro_RO","og_type":"article","og_title":"About us - JTT Travel and Tourism","og_description":"About us JTT Travel and Tourism (JTT) is an inherited company from Jordan Express Tourist Transport (JETT) that Established in 1966, within the Zara Group in Jordan, which owns and operates five-star hotels in Amman, Dead Sea, and Petra, Aqaba and Bethlehem as well as a four-star hotel in Jerusalem. What we do ? JTT [&hellip;]","og_url":"https:\/\/jtt.com.jo\/ro\/about-us-2\/","og_site_name":"JTT Travel and Tourism","article_modified_time":"2022-06-06T13:54:14+00:00","og_image":[{"width":793,"height":298,"url":"https:\/\/jtt.com.jo\/wp-content\/uploads\/2019\/05\/logo-793x298.jpeg","type":"image\/jpeg"}],"twitter_card":"summary_large_image","twitter_misc":{"Timp estimat pentru citire":"2 minute"},"schema":{"@context":"https:\/\/schema.org","@graph":[{"@type":"WebPage","@id":"https:\/\/jtt.com.jo\/about-us-2\/","url":"https:\/\/jtt.com.jo\/about-us-2\/","name":"About us - JTT Travel and Tourism","isPartOf":{"@id":"https:\/\/jtt.com.jo\/#website"},"primaryImageOfPage":{"@id":"https:\/\/jtt.com.jo\/about-us-2\/#primaryimage"},"image":{"@id":"https:\/\/jtt.com.jo\/about-us-2\/#primaryimage"},"thumbnailUrl":"https:\/\/jtt.com.jo\/wp-content\/uploads\/2019\/05\/logo-793x298.jpeg","datePublished":"2022-06-06T13:41:29+00:00","dateModified":"2022-06-06T13:54:14+00:00","breadcrumb":{"@id":"https:\/\/jtt.com.jo\/about-us-2\/#breadcrumb"},"inLanguage":"ro-RO","potentialAction":[{"@type":"ReadAction","target":["https:\/\/jtt.com.jo\/about-us-2\/"]}]},{"@type":"ImageObject","inLanguage":"ro-RO","@id":"https:\/\/jtt.com.jo\/about-us-2\/#primaryimage","url":"https:\/\/jtt.com.jo\/wp-content\/uploads\/2019\/05\/logo-793x298.jpeg","contentUrl":"https:\/\/jtt.com.jo\/wp-content\/uploads\/2019\/05\/logo-793x298.jpeg","width":793,"height":298,"caption":"Jett Logo"},{"@type":"BreadcrumbList","@id":"https:\/\/jtt.com.jo\/about-us-2\/#breadcrumb","itemListElement":[{"@type":"ListItem","position":1,"name":"Home","item":"https:\/\/jtt.com.jo\/"},{"@type":"ListItem","position":2,"name":"About us"}]},{"@type":"WebSite","@id":"https:\/\/jtt.com.jo\/#website","url":"https:\/\/jtt.com.jo\/","name":"JTT Travel and Tourism","description":"Plan your trip to Jordan with us","potentialAction":[{"@type":"SearchAction","target":{"@type":"EntryPoint","urlTemplate":"https:\/\/jtt.com.jo\/?s={search_term_string}"},"query-input":{"@type":"PropertyValueSpecification","valueRequired":true,"valueName":"search_term_string"}}],"inLanguage":"ro-RO"}]}},"_links":{"self":[{"href":"https:\/\/jtt.com.jo\/ro\/wp-json\/wp\/v2\/pages\/10974","targetHints":{"allow":["GET"]}}],"collection":[{"href":"https:\/\/jtt.com.jo\/ro\/wp-json\/wp\/v2\/pages"}],"about":[{"href":"https:\/\/jtt.com.jo\/ro\/wp-json\/wp\/v2\/types\/page"}],"author":[{"embeddable":true,"href":"https:\/\/jtt.com.jo\/ro\/wp-json\/wp\/v2\/users\/37"}],"replies":[{"embeddable":true,"href":"https:\/\/jtt.com.jo\/ro\/wp-json\/wp\/v2\/comments?post=10974"}],"version-history":[{"count":0,"href":"https:\/\/jtt.com.jo\/ro\/wp-json\/wp\/v2\/pages\/10974\/revisions"}],"wp:featuredmedia":[{"embeddable":true,"href":"https:\/\/jtt.com.jo\/ro\/wp-json\/wp\/v2\/media\/10768"}],"wp:attachment":[{"href":"https:\/\/jtt.com.jo\/ro\/wp-json\/wp\/v2\/media?parent=10974"}],"curies":[{"name":"wp","href":"https:\/\/api.w.org\/{rel}","templated":true}]}}