{"id":12042,"date":"2022-07-03T15:22:53","date_gmt":"2022-07-03T12:22:53","guid":{"rendered":"https:\/\/jtt.abralkon.com\/?page_id=12042"},"modified":"2025-10-01T14:02:33","modified_gmt":"2025-10-01T11:02:33","slug":"convention-center","status":"publish","type":"page","link":"https:\/\/jtt.com.jo\/ro\/convention-center\/","title":{"rendered":"centru de conven\u021bii"},"content":{"rendered":"<div data-elementor-type=\"wp-page\" data-elementor-id=\"12042\" class=\"elementor elementor-12042\" data-elementor-post-type=\"page\">\n\t\t\t\t\t\t<section class=\"elementor-section elementor-top-section elementor-element elementor-element-ed95245 elementor-section-boxed elementor-section-height-default elementor-section-height-default\" data-id=\"ed95245\" data-element_type=\"section\">\n\t\t\t\t\t\t<div class=\"elementor-container elementor-column-gap-default\">\n\t\t\t\t\t<div class=\"elementor-column elementor-col-100 elementor-top-column elementor-element elementor-element-b8632ad\" data-id=\"b8632ad\" data-element_type=\"column\">\n\t\t\t<div class=\"elementor-widget-wrap elementor-element-populated\">\n\t\t\t\t\t\t<div class=\"elementor-element elementor-element-1577635 elementor-widget elementor-widget-heading\" data-id=\"1577635\" data-element_type=\"widget\" data-widget_type=\"heading.default\">\n\t\t\t\t<div class=\"elementor-widget-container\">\n\t\t\t\t\t<h2 class=\"elementor-heading-title elementor-size-default\">Centre de conven\u021bii din Iordania<\/h2>\t\t\t\t<\/div>\n\t\t\t\t<\/div>\n\t\t\t\t\t<\/div>\n\t\t<\/div>\n\t\t\t\t\t<\/div>\n\t\t<\/section>\n\t\t\t\t<section class=\"elementor-section elementor-top-section elementor-element elementor-element-4297b90 elementor-section-boxed elementor-section-height-default elementor-section-height-default\" data-id=\"4297b90\" data-element_type=\"section\">\n\t\t\t\t\t\t<div class=\"elementor-container elementor-column-gap-default\">\n\t\t\t\t\t<div class=\"elementor-column elementor-col-50 elementor-top-column elementor-element elementor-element-2721cae\" data-id=\"2721cae\" data-element_type=\"column\">\n\t\t\t<div class=\"elementor-widget-wrap elementor-element-populated\">\n\t\t\t\t\t\t<div class=\"elementor-element elementor-element-804c0cc elementor-widget elementor-widget-text-editor\" data-id=\"804c0cc\" data-element_type=\"widget\" data-widget_type=\"text-editor.default\">\n\t\t\t\t<div class=\"elementor-widget-container\">\n\t\t\t\t\t\t\t\t\t<h3 style=\"margin: 0in; margin-bottom: .0001pt;\"><strong><span style=\"font-size: 10.0pt; font-family: 'Arial',sans-serif; color: #595959;\">Centrul de conven\u021bii King Hussein Dead Se<\/span><span style=\"font-size: 10.0pt; font-family: 'Arial',sans-serif; color: #595959;\">A<\/span><\/strong><\/h3><p>\u00a0<\/p><p style=\"margin: 0in; margin-bottom: .0001pt;\"><span style=\"font-size: 10.0pt; font-family: 'Arial',sans-serif; color: #595959;\">Uimitor, uluitor, Centrul de Conven\u021bii King Hussein Bin Talal este locul suprem de \u00eent\u00e2lnire. Natura, tehnologia \u0219i creativitatea uman\u0103 converg \u00een aceast\u0103 facilitate magnific\u0103, unde fiecare detaliu este conceput pentru a \u00eencuraja fluxul liber al oamenilor \u0219i al ideilor. <\/span><\/p><p style=\"margin: 0in; margin-bottom: .0001pt;\"><span style=\"font-size: 10.0pt; font-family: 'Arial',sans-serif; color: #595959;\">Amplasat \u00een inima zonei M\u0103rii Moarte, facilit\u0103\u021bile de ultim\u0103 genera\u021bie ale Centrului sunt locul perfect pentru \u00eent\u00e2lniri de orice dimensiune sau ocazie. Centrul este par\u021bial obiect de spectacol arhitectural, par\u021bial sculptur\u0103 de art\u0103 modern\u0103 \u0219i toate afacerile. <\/span><\/p><p style=\"margin: 0in; margin-bottom: .0001pt;\"><span style=\"font-size: 10.0pt; font-family: 'Arial',sans-serif; color: #595959;\">Indiferent dac\u0103 planurile de \u00eent\u00e2lnire implic\u0103 sute de angaja\u021bi sau mii de invita\u021bi, cl\u0103direa noastr\u0103 cu trei etaje poate oferi tuturor spa\u021biu confortabil. <\/span><\/p><p style=\"margin: 0in; margin-bottom: .0001pt;\"><span style=\"font-size: 10.0pt; font-family: 'Arial',sans-serif; color: #595959;\">Situat \u00een cel mai de jos punct de pe p\u0103m\u00e2nt, centrul ofer\u0103 parcare la fa\u021ba locului \u0219i servicii de afaceri, toate la c\u00e2\u021biva pa\u0219i de cele mai importante hoteluri de cinci stele.<\/span><\/p>\t\t\t\t\t\t\t\t<\/div>\n\t\t\t\t<\/div>\n\t\t\t\t\t<\/div>\n\t\t<\/div>\n\t\t\t\t<div class=\"elementor-column elementor-col-50 elementor-top-column elementor-element elementor-element-7c845a3\" data-id=\"7c845a3\" data-element_type=\"column\">\n\t\t\t<div class=\"elementor-widget-wrap elementor-element-populated\">\n\t\t\t\t\t\t<div class=\"elementor-element elementor-element-7677d98 elementor--h-position-center elementor--v-position-middle elementor-arrows-position-inside elementor-pagination-position-inside elementor-widget elementor-widget-slides\" data-id=\"7677d98\" data-element_type=\"widget\" data-settings=\"{&quot;navigation&quot;:&quot;both&quot;,&quot;autoplay&quot;:&quot;yes&quot;,&quot;pause_on_hover&quot;:&quot;yes&quot;,&quot;pause_on_interaction&quot;:&quot;yes&quot;,&quot;autoplay_speed&quot;:5000,&quot;infinite&quot;:&quot;yes&quot;,&quot;transition&quot;:&quot;slide&quot;,&quot;transition_speed&quot;:500}\" data-widget_type=\"slides.default\">\n\t\t\t\t<div class=\"elementor-widget-container\">\n\t\t\t\t\t\t\t<div class=\"elementor-swiper\">\n\t\t\t<div class=\"elementor-slides-wrapper elementor-main-swiper swiper-container\" dir=\"ltr\" data-animation=\"fadeInUp\">\n\t\t\t\t<div class=\"swiper-wrapper elementor-slides\">\n\t\t\t\t\t\t\t\t\t\t<div class=\"elementor-repeater-item-4d59aef swiper-slide\"><div class=\"swiper-slide-bg\" role=\"img\"><\/div><div class=\"swiper-slide-inner\" ><div class=\"swiper-slide-contents\"><\/div><\/div><\/div>\t\t\t\t<\/div>\n\t\t\t\t\t\t\t<\/div>\n\t\t<\/div>\n\t\t\t\t\t\t<\/div>\n\t\t\t\t<\/div>\n\t\t\t\t\t<\/div>\n\t\t<\/div>\n\t\t\t\t\t<\/div>\n\t\t<\/section>\n\t\t\t\t<section class=\"elementor-section elementor-top-section elementor-element elementor-element-0fccb34 elementor-section-boxed elementor-section-height-default elementor-section-height-default\" data-id=\"0fccb34\" data-element_type=\"section\">\n\t\t\t\t\t\t<div class=\"elementor-container elementor-column-gap-default\">\n\t\t\t\t\t<div class=\"elementor-column elementor-col-50 elementor-top-column elementor-element elementor-element-ef0f930\" data-id=\"ef0f930\" data-element_type=\"column\">\n\t\t\t<div class=\"elementor-widget-wrap elementor-element-populated\">\n\t\t\t\t\t\t<div class=\"elementor-element elementor-element-b5b126a elementor-widget elementor-widget-text-editor\" data-id=\"b5b126a\" data-element_type=\"widget\" data-widget_type=\"text-editor.default\">\n\t\t\t\t<div class=\"elementor-widget-container\">\n\t\t\t\t\t\t\t\t\t<p><strong>Centrul Cultural Regal Amman<\/strong><\/p><p>\u00cemp\u0103r\u021bit \u00een\u00a0<\/p><p><strong>Sala de Conferin\u021be<\/strong><\/p><p>Este situat la primul etaj \u0219i este cea mai mare sal\u0103 din cl\u0103dire cu patru sute de locuri, iar suprafa\u021ba sa total\u0103 ocup\u0103 \u0219apte sute de locuri. Sala de conferin\u021be are o intrare independent\u0103 \u0219i patru ie\u0219iri care faciliteaz\u0103 desf\u0103\u0219urarea activit\u0103\u021bilor separate \u00een ea f\u0103r\u0103 a afecta celelalte zone.<\/p><p><strong>Teatrul Principal<\/strong><br \/>Sala modern\u0103 complet echipat\u0103 cu 300 de locuri. Scena este echipat\u0103 pentru toate formele de teatru, dans \u0219i muzic\u0103, av\u00e2nd un sistem complet de iluminat \u0219i sunet. Zona de culise are zece dressinguri care pot g\u0103zdui 80 de persoane<\/p><p><strong>Teatrul Studio<\/strong>\u00a0<br \/>Este un spa\u021biu mic de teatru flexibil, cu o capacitate de 180 de persoane. Zona poate fi variat\u0103 pentru a oferi \u00een etapa final\u0103 rotund\u0103 \u0219i posibilit\u0103\u021bi de performan\u021b\u0103 \u201eThrust Stage\u201d. Este complet echipat tehnic \u0219i poate fi operat independent \u0219i \u00een acela\u0219i timp cu teatrul principal \u0219i sala de conferin\u021be, deoarece are intr\u0103ri \u0219i ie\u0219iri separate care o izoleaz\u0103 de \u00eentreaga cl\u0103dire. Poate fi folosit \u0219i ca studio, sal\u0103 mic\u0103 de \u0219edin\u021be \u0219i pentru vizionarea de filme.\u00a0<\/p><p>\u00a0<strong>Sala de expozi\u021bii<\/strong><br \/>Situat la parterul centrului. Este furnizat cu iluminare special\u0103 \u0219i suporturi mobile speciale pentru ag\u0103\u021barea tablourilor<\/p>\t\t\t\t\t\t\t\t<\/div>\n\t\t\t\t<\/div>\n\t\t\t\t\t<\/div>\n\t\t<\/div>\n\t\t\t\t<div class=\"elementor-column elementor-col-50 elementor-top-column elementor-element elementor-element-aee83fe\" data-id=\"aee83fe\" data-element_type=\"column\">\n\t\t\t<div class=\"elementor-widget-wrap elementor-element-populated\">\n\t\t\t\t\t\t<div class=\"elementor-element elementor-element-eb3933e elementor--h-position-center elementor--v-position-middle elementor-arrows-position-inside elementor-pagination-position-inside elementor-widget elementor-widget-slides\" data-id=\"eb3933e\" data-element_type=\"widget\" data-settings=\"{&quot;navigation&quot;:&quot;both&quot;,&quot;autoplay&quot;:&quot;yes&quot;,&quot;pause_on_hover&quot;:&quot;yes&quot;,&quot;pause_on_interaction&quot;:&quot;yes&quot;,&quot;autoplay_speed&quot;:5000,&quot;infinite&quot;:&quot;yes&quot;,&quot;transition&quot;:&quot;slide&quot;,&quot;transition_speed&quot;:500}\" data-widget_type=\"slides.default\">\n\t\t\t\t<div class=\"elementor-widget-container\">\n\t\t\t\t\t\t\t<div class=\"elementor-swiper\">\n\t\t\t<div class=\"elementor-slides-wrapper elementor-main-swiper swiper-container\" dir=\"ltr\" data-animation=\"fadeInUp\">\n\t\t\t\t<div class=\"swiper-wrapper elementor-slides\">\n\t\t\t\t\t\t\t\t\t\t<div class=\"elementor-repeater-item-4d59aef swiper-slide\"><div class=\"swiper-slide-bg\" role=\"img\"><\/div><div class=\"swiper-slide-inner\" ><div class=\"swiper-slide-contents\"><\/div><\/div><\/div>\t\t\t\t<\/div>\n\t\t\t\t\t\t\t<\/div>\n\t\t<\/div>\n\t\t\t\t\t\t<\/div>\n\t\t\t\t<\/div>\n\t\t\t\t\t<\/div>\n\t\t<\/div>\n\t\t\t\t\t<\/div>\n\t\t<\/section>\n\t\t\t\t<section class=\"elementor-section elementor-top-section elementor-element elementor-element-bb59b41 elementor-section-boxed elementor-section-height-default elementor-section-height-default\" data-id=\"bb59b41\" data-element_type=\"section\">\n\t\t\t\t\t\t<div class=\"elementor-container elementor-column-gap-default\">\n\t\t\t\t\t<div class=\"elementor-column elementor-col-50 elementor-top-column elementor-element elementor-element-1fbc33f\" data-id=\"1fbc33f\" data-element_type=\"column\">\n\t\t\t<div class=\"elementor-widget-wrap elementor-element-populated\">\n\t\t\t\t\t\t<div class=\"elementor-element elementor-element-dd68dcf elementor-widget elementor-widget-text-editor\" data-id=\"dd68dcf\" data-element_type=\"widget\" data-widget_type=\"text-editor.default\">\n\t\t\t\t<div class=\"elementor-widget-container\">\n\t\t\t\t\t\t\t\t\t<p style=\"margin: 0in; margin-bottom: .0001pt;\"><strong><span style=\"font-size: 10.0pt; font-family: 'Arial',sans-serif; color: #595959;\">Palatul Culturii Amman<\/span><\/strong><\/p><p>\u00a0<\/p><p style=\"margin: 0in; margin-bottom: .0001pt;\"><span style=\"font-size: 10.0pt; font-family: 'Arial',sans-serif; color: #595959;\">\u00cenfiin\u021bat \u00een 1969, Palatul Culturii este un loc mare folosit pentru a g\u0103zdui conferin\u021be culturale regionale \u0219i na\u021bionale, precum \u0219i conven\u021bii arabe \u0219i interna\u021bionale. <\/span><\/p><p style=\"margin: 0in; margin-bottom: .0001pt;\"><span style=\"font-size: 10.0pt; font-family: 'Arial',sans-serif; color: #595959;\">Cu o suprafa\u021b\u0103 total\u0103 de 2.550 mp, Palatul Culturii cuprinde dou\u0103 s\u0103li principale:<\/span><\/p><p style=\"margin: 0in; margin-bottom: .0001pt;\"><strong><span style=\"font-size: 10.0pt; font-family: 'Arial',sans-serif; color: #595959; font-weight: normal;\">Sala de marmur\u0103<\/span><\/strong><span style=\"font-size: 10.0pt; font-family: 'Arial',sans-serif; color: #595959;\">, folosit pentru expozi\u021bii artistice \u0219i alte expozi\u021bii culturale. Adiacent se afl\u0103 Pavilionul Regal, care este o sal\u0103 de \u00eenalt\u0103 tehnologie pentru supraveghetorii de evenimente \u0219i invita\u021bii VIP.<\/span><\/p><p style=\"margin: 0in; margin-bottom: .0001pt;\"><strong><span style=\"font-size: 10.0pt; font-family: 'Arial',sans-serif; color: #595959; font-weight: normal;\">Sala Interioar\u0103<\/span><\/strong><span style=\"font-size: 10.0pt; font-family: 'Arial',sans-serif; color: #595959;\"> cuprinde o scen\u0103 care poate g\u0103zdui p\u00e2n\u0103 la 90 de interpre\u021bi \u0219i o sal\u0103 de teatru cu o capacitate total\u0103 de 1.767 de spectatori, 787 de locuri de lux, 430 de locuri de clasa a II-a \u0219i 550 de locuri obi\u0219nuite.<\/span><\/p>\t\t\t\t\t\t\t\t<\/div>\n\t\t\t\t<\/div>\n\t\t\t\t\t<\/div>\n\t\t<\/div>\n\t\t\t\t<div class=\"elementor-column elementor-col-50 elementor-top-column elementor-element elementor-element-405b810\" data-id=\"405b810\" data-element_type=\"column\">\n\t\t\t<div class=\"elementor-widget-wrap elementor-element-populated\">\n\t\t\t\t\t\t<div class=\"elementor-element elementor-element-de07ba8 elementor--h-position-center elementor--v-position-middle elementor-arrows-position-inside elementor-pagination-position-inside elementor-widget elementor-widget-slides\" data-id=\"de07ba8\" data-element_type=\"widget\" data-settings=\"{&quot;navigation&quot;:&quot;both&quot;,&quot;autoplay&quot;:&quot;yes&quot;,&quot;pause_on_hover&quot;:&quot;yes&quot;,&quot;pause_on_interaction&quot;:&quot;yes&quot;,&quot;autoplay_speed&quot;:5000,&quot;infinite&quot;:&quot;yes&quot;,&quot;transition&quot;:&quot;slide&quot;,&quot;transition_speed&quot;:500}\" data-widget_type=\"slides.default\">\n\t\t\t\t<div class=\"elementor-widget-container\">\n\t\t\t\t\t\t\t<div class=\"elementor-swiper\">\n\t\t\t<div class=\"elementor-slides-wrapper elementor-main-swiper swiper-container\" dir=\"ltr\" data-animation=\"fadeInUp\">\n\t\t\t\t<div class=\"swiper-wrapper elementor-slides\">\n\t\t\t\t\t\t\t\t\t\t<div class=\"elementor-repeater-item-e50993d swiper-slide\"><div class=\"swiper-slide-bg\" role=\"img\"><\/div><div class=\"swiper-slide-inner\" ><div class=\"swiper-slide-contents\"><\/div><\/div><\/div>\t\t\t\t<\/div>\n\t\t\t\t\t\t\t<\/div>\n\t\t<\/div>\n\t\t\t\t\t\t<\/div>\n\t\t\t\t<\/div>\n\t\t\t\t\t<\/div>\n\t\t<\/div>\n\t\t\t\t\t<\/div>\n\t\t<\/section>\n\t\t\t\t<section class=\"elementor-section elementor-top-section elementor-element elementor-element-7f8c6fa elementor-section-boxed elementor-section-height-default elementor-section-height-default\" data-id=\"7f8c6fa\" data-element_type=\"section\">\n\t\t\t\t\t\t<div class=\"elementor-container elementor-column-gap-default\">\n\t\t\t\t\t<div class=\"elementor-column elementor-col-50 elementor-top-column elementor-element elementor-element-b9b4b76\" data-id=\"b9b4b76\" data-element_type=\"column\">\n\t\t\t<div class=\"elementor-widget-wrap elementor-element-populated\">\n\t\t\t\t\t\t<div class=\"elementor-element elementor-element-74f50f6 elementor-widget elementor-widget-text-editor\" data-id=\"74f50f6\" data-element_type=\"widget\" data-widget_type=\"text-editor.default\">\n\t\t\t\t<div class=\"elementor-widget-container\">\n\t\t\t\t\t\t\t\t\t<p><strong>Zara Expo Amman<\/strong><\/p><p>Zara Expo Amman face parte dintr-unul dintre cele mai mari \u0219i mai ambi\u021bioase proiecte de construc\u021bii v\u0103zute vreodat\u0103 \u00een Iordania. Complexul este format din trei elemente majore:<\/p><p><strong>Centrul Zara<\/strong><br \/>este programat s\u0103 fie finalizat \u00een 2001 \u0219i va include un centru comercial pe trei niveluri, un complex de cinema multiplex, al\u0103turi de o serie de magazine interna\u021bionale de produse alimentare.<\/p><p>Aceste facilit\u0103\u021bi ofer\u0103 un pachet de neegalat de cazare de lux, spa\u021biu pentru expozi\u021bii \u0219i conferin\u021be, al\u0103turi de o \u00eentreag\u0103 gam\u0103 de facilit\u0103\u021bi de divertisment.<\/p>\t\t\t\t\t\t\t\t<\/div>\n\t\t\t\t<\/div>\n\t\t\t\t\t<\/div>\n\t\t<\/div>\n\t\t\t\t<div class=\"elementor-column elementor-col-50 elementor-top-column elementor-element elementor-element-cf7f3a0\" data-id=\"cf7f3a0\" data-element_type=\"column\">\n\t\t\t<div class=\"elementor-widget-wrap elementor-element-populated\">\n\t\t\t\t\t\t<div class=\"elementor-element elementor-element-a3dbba3 elementor--h-position-center elementor--v-position-middle elementor-arrows-position-inside elementor-pagination-position-inside elementor-widget elementor-widget-slides\" data-id=\"a3dbba3\" data-element_type=\"widget\" data-settings=\"{&quot;navigation&quot;:&quot;both&quot;,&quot;autoplay&quot;:&quot;yes&quot;,&quot;pause_on_hover&quot;:&quot;yes&quot;,&quot;pause_on_interaction&quot;:&quot;yes&quot;,&quot;autoplay_speed&quot;:5000,&quot;infinite&quot;:&quot;yes&quot;,&quot;transition&quot;:&quot;slide&quot;,&quot;transition_speed&quot;:500}\" data-widget_type=\"slides.default\">\n\t\t\t\t<div class=\"elementor-widget-container\">\n\t\t\t\t\t\t\t<div class=\"elementor-swiper\">\n\t\t\t<div class=\"elementor-slides-wrapper elementor-main-swiper swiper-container\" dir=\"ltr\" data-animation=\"fadeInUp\">\n\t\t\t\t<div class=\"swiper-wrapper elementor-slides\">\n\t\t\t\t\t\t\t\t\t\t<div class=\"elementor-repeater-item-e50993d swiper-slide\"><div class=\"swiper-slide-bg\" role=\"img\"><\/div><div class=\"swiper-slide-inner\" ><div class=\"swiper-slide-contents\"><\/div><\/div><\/div>\t\t\t\t<\/div>\n\t\t\t\t\t\t\t<\/div>\n\t\t<\/div>\n\t\t\t\t\t\t<\/div>\n\t\t\t\t<\/div>\n\t\t\t\t\t<\/div>\n\t\t<\/div>\n\t\t\t\t\t<\/div>\n\t\t<\/section>\n\t\t\t\t<\/div>","protected":false},"excerpt":{"rendered":"<p>Convention Centers in jordan King Hussein Convention Center Dead Sea \u00a0 Striking, breathtaking, the King Hussein Bin Talal Convention Center is the ultimate meeting Venue. Nature, technology, and human creativity converge in this magnificent facility, where every detail is designed to encourage the free flow of people and ideas. Nestled in the heart of Dead [&hellip;]<\/p>","protected":false},"author":1,"featured_media":11814,"parent":0,"menu_order":0,"comment_status":"closed","ping_status":"closed","template":"","meta":{"footnotes":""},"class_list":["post-12042","page","type-page","status-publish","has-post-thumbnail","hentry"],"yoast_head":"<!-- This site is optimized with the Yoast SEO plugin v26.2 - https:\/\/yoast.com\/wordpress\/plugins\/seo\/ -->\n<title>Convention Center - JTT Travel and Tourism<\/title>\n<meta name=\"robots\" content=\"index, follow, max-snippet:-1, max-image-preview:large, max-video-preview:-1\" \/>\n<link rel=\"canonical\" href=\"https:\/\/jtt.com.jo\/ro\/convention-center\/\" \/>\n<meta property=\"og:locale\" content=\"ro_RO\" \/>\n<meta property=\"og:type\" content=\"article\" \/>\n<meta property=\"og:title\" content=\"Convention Center - JTT Travel and Tourism\" \/>\n<meta property=\"og:description\" content=\"Convention Centers in jordan King Hussein Convention Center Dead Sea \u00a0 Striking, breathtaking, the King Hussein Bin Talal Convention Center is the ultimate meeting Venue. Nature, technology, and human creativity converge in this magnificent facility, where every detail is designed to encourage the free flow of people and ideas. Nestled in the heart of Dead [&hellip;]\" \/>\n<meta property=\"og:url\" content=\"https:\/\/jtt.com.jo\/ro\/convention-center\/\" \/>\n<meta property=\"og:site_name\" content=\"JTT Travel and Tourism\" \/>\n<meta property=\"article:modified_time\" content=\"2025-10-01T11:02:33+00:00\" \/>\n<meta property=\"og:image\" content=\"https:\/\/jtt.com.jo\/wp-content\/uploads\/2022\/06\/Amman-Abdali2-900x600.jpg\" \/>\n\t<meta property=\"og:image:width\" content=\"900\" \/>\n\t<meta property=\"og:image:height\" content=\"600\" \/>\n\t<meta property=\"og:image:type\" content=\"image\/jpeg\" \/>\n<meta name=\"twitter:card\" content=\"summary_large_image\" \/>\n<meta name=\"twitter:label1\" content=\"Timp estimat pentru citire\" \/>\n\t<meta name=\"twitter:data1\" content=\"3 minute\" \/>\n<script type=\"application\/ld+json\" class=\"yoast-schema-graph\">{\"@context\":\"https:\/\/schema.org\",\"@graph\":[{\"@type\":\"WebPage\",\"@id\":\"https:\/\/jtt.com.jo\/convention-center\/\",\"url\":\"https:\/\/jtt.com.jo\/convention-center\/\",\"name\":\"Convention Center - JTT Travel and Tourism\",\"isPartOf\":{\"@id\":\"https:\/\/jtt.com.jo\/#website\"},\"primaryImageOfPage\":{\"@id\":\"https:\/\/jtt.com.jo\/convention-center\/#primaryimage\"},\"image\":{\"@id\":\"https:\/\/jtt.com.jo\/convention-center\/#primaryimage\"},\"thumbnailUrl\":\"https:\/\/jtt.com.jo\/wp-content\/uploads\/2022\/06\/Amman-Abdali2-900x600.jpg\",\"datePublished\":\"2022-07-03T12:22:53+00:00\",\"dateModified\":\"2025-10-01T11:02:33+00:00\",\"breadcrumb\":{\"@id\":\"https:\/\/jtt.com.jo\/convention-center\/#breadcrumb\"},\"inLanguage\":\"ro-RO\",\"potentialAction\":[{\"@type\":\"ReadAction\",\"target\":[\"https:\/\/jtt.com.jo\/convention-center\/\"]}]},{\"@type\":\"ImageObject\",\"inLanguage\":\"ro-RO\",\"@id\":\"https:\/\/jtt.com.jo\/convention-center\/#primaryimage\",\"url\":\"https:\/\/jtt.com.jo\/wp-content\/uploads\/2022\/06\/Amman-Abdali2-900x600.jpg\",\"contentUrl\":\"https:\/\/jtt.com.jo\/wp-content\/uploads\/2022\/06\/Amman-Abdali2-900x600.jpg\",\"width\":900,\"height\":600,\"caption\":\"Jordan Program\"},{\"@type\":\"BreadcrumbList\",\"@id\":\"https:\/\/jtt.com.jo\/convention-center\/#breadcrumb\",\"itemListElement\":[{\"@type\":\"ListItem\",\"position\":1,\"name\":\"Home\",\"item\":\"https:\/\/jtt.com.jo\/\"},{\"@type\":\"ListItem\",\"position\":2,\"name\":\"Convention Center\"}]},{\"@type\":\"WebSite\",\"@id\":\"https:\/\/jtt.com.jo\/#website\",\"url\":\"https:\/\/jtt.com.jo\/\",\"name\":\"JTT Travel and Tourism\",\"description\":\"Plan your trip to Jordan with us\",\"potentialAction\":[{\"@type\":\"SearchAction\",\"target\":{\"@type\":\"EntryPoint\",\"urlTemplate\":\"https:\/\/jtt.com.jo\/?s={search_term_string}\"},\"query-input\":{\"@type\":\"PropertyValueSpecification\",\"valueRequired\":true,\"valueName\":\"search_term_string\"}}],\"inLanguage\":\"ro-RO\"}]}<\/script>\n<!-- \/ Yoast SEO plugin. -->","yoast_head_json":{"title":"Convention Center - JTT Travel and Tourism","robots":{"index":"index","follow":"follow","max-snippet":"max-snippet:-1","max-image-preview":"max-image-preview:large","max-video-preview":"max-video-preview:-1"},"canonical":"https:\/\/jtt.com.jo\/ro\/convention-center\/","og_locale":"ro_RO","og_type":"article","og_title":"Convention Center - JTT Travel and Tourism","og_description":"Convention Centers in jordan King Hussein Convention Center Dead Sea \u00a0 Striking, breathtaking, the King Hussein Bin Talal Convention Center is the ultimate meeting Venue. Nature, technology, and human creativity converge in this magnificent facility, where every detail is designed to encourage the free flow of people and ideas. Nestled in the heart of Dead [&hellip;]","og_url":"https:\/\/jtt.com.jo\/ro\/convention-center\/","og_site_name":"JTT Travel and Tourism","article_modified_time":"2025-10-01T11:02:33+00:00","og_image":[{"width":900,"height":600,"url":"https:\/\/jtt.com.jo\/wp-content\/uploads\/2022\/06\/Amman-Abdali2-900x600.jpg","type":"image\/jpeg"}],"twitter_card":"summary_large_image","twitter_misc":{"Timp estimat pentru citire":"3 minute"},"schema":{"@context":"https:\/\/schema.org","@graph":[{"@type":"WebPage","@id":"https:\/\/jtt.com.jo\/convention-center\/","url":"https:\/\/jtt.com.jo\/convention-center\/","name":"Convention Center - JTT Travel and Tourism","isPartOf":{"@id":"https:\/\/jtt.com.jo\/#website"},"primaryImageOfPage":{"@id":"https:\/\/jtt.com.jo\/convention-center\/#primaryimage"},"image":{"@id":"https:\/\/jtt.com.jo\/convention-center\/#primaryimage"},"thumbnailUrl":"https:\/\/jtt.com.jo\/wp-content\/uploads\/2022\/06\/Amman-Abdali2-900x600.jpg","datePublished":"2022-07-03T12:22:53+00:00","dateModified":"2025-10-01T11:02:33+00:00","breadcrumb":{"@id":"https:\/\/jtt.com.jo\/convention-center\/#breadcrumb"},"inLanguage":"ro-RO","potentialAction":[{"@type":"ReadAction","target":["https:\/\/jtt.com.jo\/convention-center\/"]}]},{"@type":"ImageObject","inLanguage":"ro-RO","@id":"https:\/\/jtt.com.jo\/convention-center\/#primaryimage","url":"https:\/\/jtt.com.jo\/wp-content\/uploads\/2022\/06\/Amman-Abdali2-900x600.jpg","contentUrl":"https:\/\/jtt.com.jo\/wp-content\/uploads\/2022\/06\/Amman-Abdali2-900x600.jpg","width":900,"height":600,"caption":"Jordan Program"},{"@type":"BreadcrumbList","@id":"https:\/\/jtt.com.jo\/convention-center\/#breadcrumb","itemListElement":[{"@type":"ListItem","position":1,"name":"Home","item":"https:\/\/jtt.com.jo\/"},{"@type":"ListItem","position":2,"name":"Convention Center"}]},{"@type":"WebSite","@id":"https:\/\/jtt.com.jo\/#website","url":"https:\/\/jtt.com.jo\/","name":"JTT Travel and Tourism","description":"Plan your trip to Jordan with us","potentialAction":[{"@type":"SearchAction","target":{"@type":"EntryPoint","urlTemplate":"https:\/\/jtt.com.jo\/?s={search_term_string}"},"query-input":{"@type":"PropertyValueSpecification","valueRequired":true,"valueName":"search_term_string"}}],"inLanguage":"ro-RO"}]}},"_links":{"self":[{"href":"https:\/\/jtt.com.jo\/ro\/wp-json\/wp\/v2\/pages\/12042","targetHints":{"allow":["GET"]}}],"collection":[{"href":"https:\/\/jtt.com.jo\/ro\/wp-json\/wp\/v2\/pages"}],"about":[{"href":"https:\/\/jtt.com.jo\/ro\/wp-json\/wp\/v2\/types\/page"}],"author":[{"embeddable":true,"href":"https:\/\/jtt.com.jo\/ro\/wp-json\/wp\/v2\/users\/1"}],"replies":[{"embeddable":true,"href":"https:\/\/jtt.com.jo\/ro\/wp-json\/wp\/v2\/comments?post=12042"}],"version-history":[{"count":6,"href":"https:\/\/jtt.com.jo\/ro\/wp-json\/wp\/v2\/pages\/12042\/revisions"}],"predecessor-version":[{"id":53274,"href":"https:\/\/jtt.com.jo\/ro\/wp-json\/wp\/v2\/pages\/12042\/revisions\/53274"}],"wp:featuredmedia":[{"embeddable":true,"href":"https:\/\/jtt.com.jo\/ro\/wp-json\/wp\/v2\/media\/11814"}],"wp:attachment":[{"href":"https:\/\/jtt.com.jo\/ro\/wp-json\/wp\/v2\/media?parent=12042"}],"curies":[{"name":"wp","href":"https:\/\/api.w.org\/{rel}","templated":true}]}}